{"id":12,"date":"2014-10-16T13:21:48","date_gmt":"2014-10-16T13:21:48","guid":{"rendered":"https:\/\/anfamec.com.br\/es\/site\/?page_id=12"},"modified":"2024-10-10T15:18:16","modified_gmt":"2024-10-10T18:18:16","slug":"contactenos","status":"publish","type":"page","link":"https:\/\/anfamec.com.br\/es\/contactenos\/","title":{"rendered":"CONT\u00c1CTENOS"},"content":{"rendered":"\t\t<div data-elementor-type=\"wp-page\" data-elementor-id=\"12\" class=\"elementor elementor-12\" data-elementor-post-type=\"page\">\n\t\t\t\t\t\t<section class=\"elementor-section elementor-top-section elementor-element elementor-element-56523bbd elementor-section-boxed elementor-section-height-default elementor-section-height-default\" data-id=\"56523bbd\" data-element_type=\"section\" data-e-type=\"section\">\n\t\t\t\t\t\t<div class=\"elementor-container elementor-column-gap-default\">\n\t\t\t\t\t<div class=\"elementor-column elementor-col-50 elementor-top-column elementor-element elementor-element-58af2bc8\" data-id=\"58af2bc8\" data-element_type=\"column\" data-e-type=\"column\">\n\t\t\t<div class=\"elementor-widget-wrap elementor-element-populated\">\n\t\t\t\t\t\t<div class=\"elementor-element elementor-element-53647f57 elementor-icon-list--layout-traditional elementor-list-item-link-full_width elementor-widget elementor-widget-icon-list\" data-id=\"53647f57\" data-element_type=\"widget\" data-e-type=\"widget\" data-widget_type=\"icon-list.default\">\n\t\t\t\t<div class=\"elementor-widget-container\">\n\t\t\t\t\t\t\t<ul class=\"elementor-icon-list-items\">\n\t\t\t\t\t\t\t<li class=\"elementor-icon-list-item\">\n\t\t\t\t\t\t\t\t\t\t\t<a href=\"mailto:%20anfamec@anfamec.com.br\">\n\n\t\t\t\t\t\t\t\t\t\t\t\t<span class=\"elementor-icon-list-icon\">\n\t\t\t\t\t\t\t<i aria-hidden=\"true\" class=\"fas fa-envelope\"><\/i>\t\t\t\t\t\t<\/span>\n\t\t\t\t\t\t\t\t\t\t<span class=\"elementor-icon-list-text\"> anfamec@anfamec.com.br<\/span>\n\t\t\t\t\t\t\t\t\t\t\t<\/a>\n\t\t\t\t\t\t\t\t\t<\/li>\n\t\t\t\t\t\t<\/ul>\n\t\t\t\t\t\t<\/div>\n\t\t\t\t<\/div>\n\t\t\t\t\t<\/div>\n\t\t<\/div>\n\t\t\t\t<div class=\"elementor-column elementor-col-50 elementor-top-column elementor-element elementor-element-3b103247\" data-id=\"3b103247\" data-element_type=\"column\" data-e-type=\"column\">\n\t\t\t<div class=\"elementor-widget-wrap elementor-element-populated\">\n\t\t\t\t\t\t<div class=\"elementor-element elementor-element-5c125b85 elementor-icon-list--layout-traditional elementor-list-item-link-full_width elementor-widget elementor-widget-icon-list\" data-id=\"5c125b85\" data-element_type=\"widget\" data-e-type=\"widget\" data-widget_type=\"icon-list.default\">\n\t\t\t\t<div class=\"elementor-widget-container\">\n\t\t\t\t\t\t\t<ul class=\"elementor-icon-list-items\">\n\t\t\t\t\t\t\t<li class=\"elementor-icon-list-item\">\n\t\t\t\t\t\t\t\t\t\t\t<a href=\"https:\/\/web.whatsapp.com\/send?phone=5511953415000\">\n\n\t\t\t\t\t\t\t\t\t\t\t\t<span class=\"elementor-icon-list-icon\">\n\t\t\t\t\t\t\t<i aria-hidden=\"true\" class=\"fab fa-whatsapp-square\"><\/i>\t\t\t\t\t\t<\/span>\n\t\t\t\t\t\t\t\t\t\t<span class=\"elementor-icon-list-text\">(11) 95341-5000<\/span>\n\t\t\t\t\t\t\t\t\t\t\t<\/a>\n\t\t\t\t\t\t\t\t\t<\/li>\n\t\t\t\t\t\t<\/ul>\n\t\t\t\t\t\t<\/div>\n\t\t\t\t<\/div>\n\t\t\t\t\t<\/div>\n\t\t<\/div>\n\t\t\t\t\t<\/div>\n\t\t<\/section>\n\t\t\t\t<section class=\"elementor-section elementor-top-section elementor-element elementor-element-32e5652f elementor-section-boxed elementor-section-height-default elementor-section-height-default\" data-id=\"32e5652f\" data-element_type=\"section\" data-e-type=\"section\">\n\t\t\t\t\t\t<div class=\"elementor-container elementor-column-gap-default\">\n\t\t\t\t\t<div class=\"elementor-column elementor-col-50 elementor-top-column elementor-element elementor-element-17856b9\" data-id=\"17856b9\" data-element_type=\"column\" data-e-type=\"column\">\n\t\t\t<div class=\"elementor-widget-wrap elementor-element-populated\">\n\t\t\t\t\t\t<div class=\"elementor-element elementor-element-7498f0bb elementor-icon-list--layout-traditional elementor-list-item-link-full_width elementor-widget elementor-widget-icon-list\" data-id=\"7498f0bb\" data-element_type=\"widget\" data-e-type=\"widget\" data-widget_type=\"icon-list.default\">\n\t\t\t\t<div class=\"elementor-widget-container\">\n\t\t\t\t\t\t\t<ul class=\"elementor-icon-list-items\">\n\t\t\t\t\t\t\t<li class=\"elementor-icon-list-item\">\n\t\t\t\t\t\t\t\t\t\t\t<span class=\"elementor-icon-list-icon\">\n\t\t\t\t\t\t\t<i aria-hidden=\"true\" class=\"fas fa-map-marker-alt\"><\/i>\t\t\t\t\t\t<\/span>\n\t\t\t\t\t\t\t\t\t\t<span class=\"elementor-icon-list-text\">DIRECCI\u00d3N<\/span>\n\t\t\t\t\t\t\t\t\t<\/li>\n\t\t\t\t\t\t<\/ul>\n\t\t\t\t\t\t<\/div>\n\t\t\t\t<\/div>\n\t\t\t\t<div class=\"elementor-element elementor-element-372c6750 elementor-widget elementor-widget-text-editor\" data-id=\"372c6750\" data-element_type=\"widget\" data-e-type=\"widget\" data-widget_type=\"text-editor.default\">\n\t\t\t\t<div class=\"elementor-widget-container\">\n\t\t\t\t\t\t\t\t\t<p>Avenida Primavera, 660<br \/>Bairro Progresso, sala 01<br \/>Munic\u00edpio de Itu<br \/>Estado de S\u00e3o Paulo<br \/>CEP 13.313-500<\/p>\t\t\t\t\t\t\t\t<\/div>\n\t\t\t\t<\/div>\n\t\t\t\t\t<\/div>\n\t\t<\/div>\n\t\t\t\t<div class=\"elementor-column elementor-col-50 elementor-top-column elementor-element elementor-element-271e5509\" data-id=\"271e5509\" data-element_type=\"column\" data-e-type=\"column\">\n\t\t\t<div class=\"elementor-widget-wrap elementor-element-populated\">\n\t\t\t\t\t\t<div class=\"elementor-element elementor-element-42d0af92 elementor-widget__width-initial elementor-widget elementor-widget-google_maps\" data-id=\"42d0af92\" data-element_type=\"widget\" data-e-type=\"widget\" data-widget_type=\"google_maps.default\">\n\t\t\t\t<div class=\"elementor-widget-container\">\n\t\t\t\t\t\t\t<div class=\"elementor-custom-embed\">\n\t\t\t<iframe loading=\"lazy\"\n\t\t\t\t\tsrc=\"https:\/\/maps.google.com\/maps?q=Anfamec&#038;t=m&#038;z=12&#038;output=embed&#038;iwloc=near\"\n\t\t\t\t\ttitle=\"Anfamec\"\n\t\t\t\t\taria-label=\"Anfamec\"\n\t\t\t><\/iframe>\n\t\t<\/div>\n\t\t\t\t\t\t<\/div>\n\t\t\t\t<\/div>\n\t\t\t\t\t<\/div>\n\t\t<\/div>\n\t\t\t\t\t<\/div>\n\t\t<\/section>\n\t\t\t\t<\/div>\n\t\t","protected":false},"excerpt":{"rendered":"<p>anfamec@anfamec.com.br (11) 95341-5000 DIRECCI\u00d3N Avenida Primavera, 660Bairro Progresso, sala 01Munic\u00edpio de ItuEstado de S\u00e3o PauloCEP 13.313-500<\/p>\n","protected":false},"author":4,"featured_media":0,"parent":0,"menu_order":0,"comment_status":"closed","ping_status":"closed","template":"","meta":{"_acf_changed":false,"footnotes":""},"class_list":["post-12","page","type-page","status-publish","hentry"],"acf":[],"yoast_head":"<!-- This site is optimized with the Yoast SEO plugin v27.4 - https:\/\/yoast.com\/product\/yoast-seo-wordpress\/ -->\n<title>ANFAMEC | Associa\u00e7\u00e3o Nacional dos Fabricantes de M\u00e1quinas e Equipamentos para Ind\u00fastria Cer\u00e2mica | Contato: 11 95341-5000 | FALE CONOSCO<\/title>\n<meta name=\"description\" content=\"A ANFAMEC - Associa\u00e7\u00e3o Nacional dos Fabricantes de M\u00e1quinas e Equipamentos para Ind\u00fastria Cer\u00e2mica tem como miss\u00e3o fomentar o aperfei\u00e7oamento e o crescimento do setor de cer\u00e2mica vermelha nacionalmente, elevando ceramistas, fabricantes, colaboradores e empres\u00e1rios a outros patamares de inova\u00e7\u00e3o, qualifica\u00e7\u00e3o e sustentabilidade.\" \/>\n<meta name=\"robots\" content=\"index, follow, max-snippet:-1, max-image-preview:large, max-video-preview:-1\" \/>\n<link rel=\"canonical\" href=\"https:\/\/anfamec.com.br\/es\/contactenos\/\" \/>\n<meta property=\"og:locale\" content=\"pt_BR\" \/>\n<meta property=\"og:type\" content=\"article\" \/>\n<meta property=\"og:title\" content=\"ANFAMEC | Associa\u00e7\u00e3o Nacional dos Fabricantes de M\u00e1quinas e Equipamentos para Ind\u00fastria Cer\u00e2mica | Contato: 11 95341-5000 | FALE CONOSCO\" \/>\n<meta property=\"og:description\" content=\"A ANFAMEC - Associa\u00e7\u00e3o Nacional dos Fabricantes de M\u00e1quinas e Equipamentos para Ind\u00fastria Cer\u00e2mica tem como miss\u00e3o fomentar o aperfei\u00e7oamento e o crescimento do setor de cer\u00e2mica vermelha nacionalmente, elevando ceramistas, fabricantes, colaboradores e empres\u00e1rios a outros patamares de inova\u00e7\u00e3o, qualifica\u00e7\u00e3o e sustentabilidade.\" \/>\n<meta property=\"og:url\" content=\"https:\/\/anfamec.com.br\/es\/contactenos\/\" \/>\n<meta property=\"og:site_name\" content=\"ANFAMEC\" \/>\n<meta property=\"article:modified_time\" content=\"2024-10-10T18:18:16+00:00\" \/>\n<meta name=\"twitter:card\" content=\"summary_large_image\" \/>\n<meta name=\"twitter:label1\" content=\"Est. tempo de leitura\" \/>\n\t<meta name=\"twitter:data1\" content=\"1 minuto\" \/>\n<script type=\"application\/ld+json\" class=\"yoast-schema-graph\">{\"@context\":\"https:\\\/\\\/schema.org\",\"@graph\":[{\"@type\":\"WebPage\",\"@id\":\"https:\\\/\\\/anfamec.com.br\\\/es\\\/contactenos\\\/\",\"url\":\"https:\\\/\\\/anfamec.com.br\\\/es\\\/contactenos\\\/\",\"name\":\"ANFAMEC | Associa\u00e7\u00e3o Nacional dos Fabricantes de M\u00e1quinas e Equipamentos para Ind\u00fastria Cer\u00e2mica | Contato: 11 95341-5000 | FALE CONOSCO\",\"isPartOf\":{\"@id\":\"https:\\\/\\\/anfamec.com.br\\\/es\\\/#website\"},\"datePublished\":\"2014-10-16T13:21:48+00:00\",\"dateModified\":\"2024-10-10T18:18:16+00:00\",\"description\":\"A ANFAMEC - Associa\u00e7\u00e3o Nacional dos Fabricantes de M\u00e1quinas e Equipamentos para Ind\u00fastria Cer\u00e2mica tem como miss\u00e3o fomentar o aperfei\u00e7oamento e o crescimento do setor de cer\u00e2mica vermelha nacionalmente, elevando ceramistas, fabricantes, colaboradores e empres\u00e1rios a outros patamares de inova\u00e7\u00e3o, qualifica\u00e7\u00e3o e sustentabilidade.\",\"breadcrumb\":{\"@id\":\"https:\\\/\\\/anfamec.com.br\\\/es\\\/contactenos\\\/#breadcrumb\"},\"inLanguage\":\"pt-BR\",\"potentialAction\":[{\"@type\":\"ReadAction\",\"target\":[\"https:\\\/\\\/anfamec.com.br\\\/es\\\/contactenos\\\/\"]}]},{\"@type\":\"BreadcrumbList\",\"@id\":\"https:\\\/\\\/anfamec.com.br\\\/es\\\/contactenos\\\/#breadcrumb\",\"itemListElement\":[{\"@type\":\"ListItem\",\"position\":1,\"name\":\"In\u00edcio\",\"item\":\"https:\\\/\\\/anfamec.com.br\\\/es\\\/\"},{\"@type\":\"ListItem\",\"position\":2,\"name\":\"CONT\u00c1CTENOS\"}]},{\"@type\":\"WebSite\",\"@id\":\"https:\\\/\\\/anfamec.com.br\\\/es\\\/#website\",\"url\":\"https:\\\/\\\/anfamec.com.br\\\/es\\\/\",\"name\":\"ANFAMEC\",\"description\":\"Associa\u00e7\u00e3o Nacional de Fabricantes de M\u00e1quinas e Equipamentos para Ind\u00fastria Cer\u00e2mica\",\"publisher\":{\"@id\":\"https:\\\/\\\/anfamec.com.br\\\/es\\\/#organization\"},\"potentialAction\":[{\"@type\":\"SearchAction\",\"target\":{\"@type\":\"EntryPoint\",\"urlTemplate\":\"https:\\\/\\\/anfamec.com.br\\\/es\\\/?s={search_term_string}\"},\"query-input\":{\"@type\":\"PropertyValueSpecification\",\"valueRequired\":true,\"valueName\":\"search_term_string\"}}],\"inLanguage\":\"pt-BR\"},{\"@type\":\"Organization\",\"@id\":\"https:\\\/\\\/anfamec.com.br\\\/es\\\/#organization\",\"name\":\"ANFAMEC\",\"url\":\"https:\\\/\\\/anfamec.com.br\\\/es\\\/\",\"logo\":{\"@type\":\"ImageObject\",\"inLanguage\":\"pt-BR\",\"@id\":\"https:\\\/\\\/anfamec.com.br\\\/es\\\/#\\\/schema\\\/logo\\\/image\\\/\",\"url\":\"https:\\\/\\\/anfamec.com.br\\\/es\\\/wp-content\\\/uploads\\\/2023\\\/01\\\/logotipo-anfamec.jpg\",\"contentUrl\":\"https:\\\/\\\/anfamec.com.br\\\/es\\\/wp-content\\\/uploads\\\/2023\\\/01\\\/logotipo-anfamec.jpg\",\"width\":696,\"height\":696,\"caption\":\"ANFAMEC\"},\"image\":{\"@id\":\"https:\\\/\\\/anfamec.com.br\\\/es\\\/#\\\/schema\\\/logo\\\/image\\\/\"}}]}<\/script>\n<!-- \/ Yoast SEO plugin. -->","yoast_head_json":{"title":"ANFAMEC | Associa\u00e7\u00e3o Nacional dos Fabricantes de M\u00e1quinas e Equipamentos para Ind\u00fastria Cer\u00e2mica | Contato: 11 95341-5000 | FALE CONOSCO","description":"A ANFAMEC - Associa\u00e7\u00e3o Nacional dos Fabricantes de M\u00e1quinas e Equipamentos para Ind\u00fastria Cer\u00e2mica tem como miss\u00e3o fomentar o aperfei\u00e7oamento e o crescimento do setor de cer\u00e2mica vermelha nacionalmente, elevando ceramistas, fabricantes, colaboradores e empres\u00e1rios a outros patamares de inova\u00e7\u00e3o, qualifica\u00e7\u00e3o e sustentabilidade.","robots":{"index":"index","follow":"follow","max-snippet":"max-snippet:-1","max-image-preview":"max-image-preview:large","max-video-preview":"max-video-preview:-1"},"canonical":"https:\/\/anfamec.com.br\/es\/contactenos\/","og_locale":"pt_BR","og_type":"article","og_title":"ANFAMEC | Associa\u00e7\u00e3o Nacional dos Fabricantes de M\u00e1quinas e Equipamentos para Ind\u00fastria Cer\u00e2mica | Contato: 11 95341-5000 | FALE CONOSCO","og_description":"A ANFAMEC - Associa\u00e7\u00e3o Nacional dos Fabricantes de M\u00e1quinas e Equipamentos para Ind\u00fastria Cer\u00e2mica tem como miss\u00e3o fomentar o aperfei\u00e7oamento e o crescimento do setor de cer\u00e2mica vermelha nacionalmente, elevando ceramistas, fabricantes, colaboradores e empres\u00e1rios a outros patamares de inova\u00e7\u00e3o, qualifica\u00e7\u00e3o e sustentabilidade.","og_url":"https:\/\/anfamec.com.br\/es\/contactenos\/","og_site_name":"ANFAMEC","article_modified_time":"2024-10-10T18:18:16+00:00","twitter_card":"summary_large_image","twitter_misc":{"Est. tempo de leitura":"1 minuto"},"schema":{"@context":"https:\/\/schema.org","@graph":[{"@type":"WebPage","@id":"https:\/\/anfamec.com.br\/es\/contactenos\/","url":"https:\/\/anfamec.com.br\/es\/contactenos\/","name":"ANFAMEC | Associa\u00e7\u00e3o Nacional dos Fabricantes de M\u00e1quinas e Equipamentos para Ind\u00fastria Cer\u00e2mica | Contato: 11 95341-5000 | FALE CONOSCO","isPartOf":{"@id":"https:\/\/anfamec.com.br\/es\/#website"},"datePublished":"2014-10-16T13:21:48+00:00","dateModified":"2024-10-10T18:18:16+00:00","description":"A ANFAMEC - Associa\u00e7\u00e3o Nacional dos Fabricantes de M\u00e1quinas e Equipamentos para Ind\u00fastria Cer\u00e2mica tem como miss\u00e3o fomentar o aperfei\u00e7oamento e o crescimento do setor de cer\u00e2mica vermelha nacionalmente, elevando ceramistas, fabricantes, colaboradores e empres\u00e1rios a outros patamares de inova\u00e7\u00e3o, qualifica\u00e7\u00e3o e sustentabilidade.","breadcrumb":{"@id":"https:\/\/anfamec.com.br\/es\/contactenos\/#breadcrumb"},"inLanguage":"pt-BR","potentialAction":[{"@type":"ReadAction","target":["https:\/\/anfamec.com.br\/es\/contactenos\/"]}]},{"@type":"BreadcrumbList","@id":"https:\/\/anfamec.com.br\/es\/contactenos\/#breadcrumb","itemListElement":[{"@type":"ListItem","position":1,"name":"In\u00edcio","item":"https:\/\/anfamec.com.br\/es\/"},{"@type":"ListItem","position":2,"name":"CONT\u00c1CTENOS"}]},{"@type":"WebSite","@id":"https:\/\/anfamec.com.br\/es\/#website","url":"https:\/\/anfamec.com.br\/es\/","name":"ANFAMEC","description":"Associa\u00e7\u00e3o Nacional de Fabricantes de M\u00e1quinas e Equipamentos para Ind\u00fastria Cer\u00e2mica","publisher":{"@id":"https:\/\/anfamec.com.br\/es\/#organization"},"potentialAction":[{"@type":"SearchAction","target":{"@type":"EntryPoint","urlTemplate":"https:\/\/anfamec.com.br\/es\/?s={search_term_string}"},"query-input":{"@type":"PropertyValueSpecification","valueRequired":true,"valueName":"search_term_string"}}],"inLanguage":"pt-BR"},{"@type":"Organization","@id":"https:\/\/anfamec.com.br\/es\/#organization","name":"ANFAMEC","url":"https:\/\/anfamec.com.br\/es\/","logo":{"@type":"ImageObject","inLanguage":"pt-BR","@id":"https:\/\/anfamec.com.br\/es\/#\/schema\/logo\/image\/","url":"https:\/\/anfamec.com.br\/es\/wp-content\/uploads\/2023\/01\/logotipo-anfamec.jpg","contentUrl":"https:\/\/anfamec.com.br\/es\/wp-content\/uploads\/2023\/01\/logotipo-anfamec.jpg","width":696,"height":696,"caption":"ANFAMEC"},"image":{"@id":"https:\/\/anfamec.com.br\/es\/#\/schema\/logo\/image\/"}}]}},"_links":{"self":[{"href":"https:\/\/anfamec.com.br\/es\/wp-json\/wp\/v2\/pages\/12","targetHints":{"allow":["GET"]}}],"collection":[{"href":"https:\/\/anfamec.com.br\/es\/wp-json\/wp\/v2\/pages"}],"about":[{"href":"https:\/\/anfamec.com.br\/es\/wp-json\/wp\/v2\/types\/page"}],"author":[{"embeddable":true,"href":"https:\/\/anfamec.com.br\/es\/wp-json\/wp\/v2\/users\/4"}],"replies":[{"embeddable":true,"href":"https:\/\/anfamec.com.br\/es\/wp-json\/wp\/v2\/comments?post=12"}],"version-history":[{"count":18,"href":"https:\/\/anfamec.com.br\/es\/wp-json\/wp\/v2\/pages\/12\/revisions"}],"predecessor-version":[{"id":15139,"href":"https:\/\/anfamec.com.br\/es\/wp-json\/wp\/v2\/pages\/12\/revisions\/15139"}],"wp:attachment":[{"href":"https:\/\/anfamec.com.br\/es\/wp-json\/wp\/v2\/media?parent=12"}],"curies":[{"name":"wp","href":"https:\/\/api.w.org\/{rel}","templated":true}]}}