{"id":2047,"date":"2023-03-16T19:33:45","date_gmt":"2023-03-16T19:33:45","guid":{"rendered":"https:\/\/anfamec.com.br\/es\/?page_id=2047"},"modified":"2024-10-10T15:21:50","modified_gmt":"2024-10-10T18:21:50","slug":"mision","status":"publish","type":"page","link":"https:\/\/anfamec.com.br\/es\/institucional\/mision\/","title":{"rendered":"Misi\u00f3n"},"content":{"rendered":"<p style=\"text-align: justify;\">Fomentar el perfeccionamiento y el crecimiento del sector de la industria de cer\u00e1mica roja, elevando ceramistas, fabricantes, colaboradores y empresarios a otros niveles de innovaci\u00f3n, calificaci\u00f3n y sostenibilidad.<\/p>\n","protected":false},"excerpt":{"rendered":"<p>Fomentar el perfeccionamiento y el crecimiento del sector de la industria de cer\u00e1mica roja, elevando ceramistas, fabricantes, colaboradores y empresarios a otros niveles de innovaci\u00f3n, calificaci\u00f3n y sostenibilidad.<\/p>\n","protected":false},"author":4,"featured_media":0,"parent":33,"menu_order":0,"comment_status":"closed","ping_status":"closed","template":"","meta":{"_acf_changed":false,"footnotes":""},"class_list":["post-2047","page","type-page","status-publish","hentry"],"acf":[],"yoast_head":"<!-- This site is optimized with the Yoast SEO plugin v27.4 - https:\/\/yoast.com\/product\/yoast-seo-wordpress\/ -->\n<title>Misi\u00f3n | ANFAMEC<\/title>\n<meta name=\"robots\" content=\"index, follow, max-snippet:-1, max-image-preview:large, max-video-preview:-1\" \/>\n<link rel=\"canonical\" href=\"https:\/\/anfamec.com.br\/es\/institucional\/mision\/\" \/>\n<meta property=\"og:locale\" content=\"pt_BR\" \/>\n<meta property=\"og:type\" content=\"article\" \/>\n<meta property=\"og:title\" content=\"Misi\u00f3n | ANFAMEC\" \/>\n<meta property=\"og:description\" content=\"Fomentar el perfeccionamiento y el crecimiento del sector de la industria de cer\u00e1mica roja, elevando ceramistas, fabricantes, colaboradores y empresarios a otros niveles de innovaci\u00f3n, calificaci\u00f3n y sostenibilidad.\" \/>\n<meta property=\"og:url\" content=\"https:\/\/anfamec.com.br\/es\/institucional\/mision\/\" \/>\n<meta property=\"og:site_name\" content=\"ANFAMEC\" \/>\n<meta property=\"article:modified_time\" content=\"2024-10-10T18:21:50+00:00\" \/>\n<meta name=\"twitter:card\" content=\"summary_large_image\" \/>\n<meta name=\"twitter:label1\" content=\"Est. tempo de leitura\" \/>\n\t<meta name=\"twitter:data1\" content=\"1 minuto\" \/>\n<script type=\"application\/ld+json\" class=\"yoast-schema-graph\">{\"@context\":\"https:\\\/\\\/schema.org\",\"@graph\":[{\"@type\":\"WebPage\",\"@id\":\"https:\\\/\\\/anfamec.com.br\\\/es\\\/institucional\\\/mision\\\/\",\"url\":\"https:\\\/\\\/anfamec.com.br\\\/es\\\/institucional\\\/mision\\\/\",\"name\":\"Misi\u00f3n | ANFAMEC\",\"isPartOf\":{\"@id\":\"https:\\\/\\\/anfamec.com.br\\\/es\\\/#website\"},\"datePublished\":\"2023-03-16T19:33:45+00:00\",\"dateModified\":\"2024-10-10T18:21:50+00:00\",\"breadcrumb\":{\"@id\":\"https:\\\/\\\/anfamec.com.br\\\/es\\\/institucional\\\/mision\\\/#breadcrumb\"},\"inLanguage\":\"pt-BR\",\"potentialAction\":[{\"@type\":\"ReadAction\",\"target\":[\"https:\\\/\\\/anfamec.com.br\\\/es\\\/institucional\\\/mision\\\/\"]}]},{\"@type\":\"BreadcrumbList\",\"@id\":\"https:\\\/\\\/anfamec.com.br\\\/es\\\/institucional\\\/mision\\\/#breadcrumb\",\"itemListElement\":[{\"@type\":\"ListItem\",\"position\":1,\"name\":\"In\u00edcio\",\"item\":\"https:\\\/\\\/anfamec.com.br\\\/es\\\/\"},{\"@type\":\"ListItem\",\"position\":2,\"name\":\"Institucional\",\"item\":\"https:\\\/\\\/anfamec.com.br\\\/es\\\/institucional\\\/\"},{\"@type\":\"ListItem\",\"position\":3,\"name\":\"Misi\u00f3n\"}]},{\"@type\":\"WebSite\",\"@id\":\"https:\\\/\\\/anfamec.com.br\\\/es\\\/#website\",\"url\":\"https:\\\/\\\/anfamec.com.br\\\/es\\\/\",\"name\":\"ANFAMEC\",\"description\":\"Associa\u00e7\u00e3o Nacional de Fabricantes de M\u00e1quinas e Equipamentos para Ind\u00fastria Cer\u00e2mica\",\"publisher\":{\"@id\":\"https:\\\/\\\/anfamec.com.br\\\/es\\\/#organization\"},\"potentialAction\":[{\"@type\":\"SearchAction\",\"target\":{\"@type\":\"EntryPoint\",\"urlTemplate\":\"https:\\\/\\\/anfamec.com.br\\\/es\\\/?s={search_term_string}\"},\"query-input\":{\"@type\":\"PropertyValueSpecification\",\"valueRequired\":true,\"valueName\":\"search_term_string\"}}],\"inLanguage\":\"pt-BR\"},{\"@type\":\"Organization\",\"@id\":\"https:\\\/\\\/anfamec.com.br\\\/es\\\/#organization\",\"name\":\"ANFAMEC\",\"url\":\"https:\\\/\\\/anfamec.com.br\\\/es\\\/\",\"logo\":{\"@type\":\"ImageObject\",\"inLanguage\":\"pt-BR\",\"@id\":\"https:\\\/\\\/anfamec.com.br\\\/es\\\/#\\\/schema\\\/logo\\\/image\\\/\",\"url\":\"https:\\\/\\\/anfamec.com.br\\\/es\\\/wp-content\\\/uploads\\\/2023\\\/01\\\/logotipo-anfamec.jpg\",\"contentUrl\":\"https:\\\/\\\/anfamec.com.br\\\/es\\\/wp-content\\\/uploads\\\/2023\\\/01\\\/logotipo-anfamec.jpg\",\"width\":696,\"height\":696,\"caption\":\"ANFAMEC\"},\"image\":{\"@id\":\"https:\\\/\\\/anfamec.com.br\\\/es\\\/#\\\/schema\\\/logo\\\/image\\\/\"}}]}<\/script>\n<!-- \/ Yoast SEO plugin. -->","yoast_head_json":{"title":"Misi\u00f3n | ANFAMEC","robots":{"index":"index","follow":"follow","max-snippet":"max-snippet:-1","max-image-preview":"max-image-preview:large","max-video-preview":"max-video-preview:-1"},"canonical":"https:\/\/anfamec.com.br\/es\/institucional\/mision\/","og_locale":"pt_BR","og_type":"article","og_title":"Misi\u00f3n | ANFAMEC","og_description":"Fomentar el perfeccionamiento y el crecimiento del sector de la industria de cer\u00e1mica roja, elevando ceramistas, fabricantes, colaboradores y empresarios a otros niveles de innovaci\u00f3n, calificaci\u00f3n y sostenibilidad.","og_url":"https:\/\/anfamec.com.br\/es\/institucional\/mision\/","og_site_name":"ANFAMEC","article_modified_time":"2024-10-10T18:21:50+00:00","twitter_card":"summary_large_image","twitter_misc":{"Est. tempo de leitura":"1 minuto"},"schema":{"@context":"https:\/\/schema.org","@graph":[{"@type":"WebPage","@id":"https:\/\/anfamec.com.br\/es\/institucional\/mision\/","url":"https:\/\/anfamec.com.br\/es\/institucional\/mision\/","name":"Misi\u00f3n | ANFAMEC","isPartOf":{"@id":"https:\/\/anfamec.com.br\/es\/#website"},"datePublished":"2023-03-16T19:33:45+00:00","dateModified":"2024-10-10T18:21:50+00:00","breadcrumb":{"@id":"https:\/\/anfamec.com.br\/es\/institucional\/mision\/#breadcrumb"},"inLanguage":"pt-BR","potentialAction":[{"@type":"ReadAction","target":["https:\/\/anfamec.com.br\/es\/institucional\/mision\/"]}]},{"@type":"BreadcrumbList","@id":"https:\/\/anfamec.com.br\/es\/institucional\/mision\/#breadcrumb","itemListElement":[{"@type":"ListItem","position":1,"name":"In\u00edcio","item":"https:\/\/anfamec.com.br\/es\/"},{"@type":"ListItem","position":2,"name":"Institucional","item":"https:\/\/anfamec.com.br\/es\/institucional\/"},{"@type":"ListItem","position":3,"name":"Misi\u00f3n"}]},{"@type":"WebSite","@id":"https:\/\/anfamec.com.br\/es\/#website","url":"https:\/\/anfamec.com.br\/es\/","name":"ANFAMEC","description":"Associa\u00e7\u00e3o Nacional de Fabricantes de M\u00e1quinas e Equipamentos para Ind\u00fastria Cer\u00e2mica","publisher":{"@id":"https:\/\/anfamec.com.br\/es\/#organization"},"potentialAction":[{"@type":"SearchAction","target":{"@type":"EntryPoint","urlTemplate":"https:\/\/anfamec.com.br\/es\/?s={search_term_string}"},"query-input":{"@type":"PropertyValueSpecification","valueRequired":true,"valueName":"search_term_string"}}],"inLanguage":"pt-BR"},{"@type":"Organization","@id":"https:\/\/anfamec.com.br\/es\/#organization","name":"ANFAMEC","url":"https:\/\/anfamec.com.br\/es\/","logo":{"@type":"ImageObject","inLanguage":"pt-BR","@id":"https:\/\/anfamec.com.br\/es\/#\/schema\/logo\/image\/","url":"https:\/\/anfamec.com.br\/es\/wp-content\/uploads\/2023\/01\/logotipo-anfamec.jpg","contentUrl":"https:\/\/anfamec.com.br\/es\/wp-content\/uploads\/2023\/01\/logotipo-anfamec.jpg","width":696,"height":696,"caption":"ANFAMEC"},"image":{"@id":"https:\/\/anfamec.com.br\/es\/#\/schema\/logo\/image\/"}}]}},"_links":{"self":[{"href":"https:\/\/anfamec.com.br\/es\/wp-json\/wp\/v2\/pages\/2047","targetHints":{"allow":["GET"]}}],"collection":[{"href":"https:\/\/anfamec.com.br\/es\/wp-json\/wp\/v2\/pages"}],"about":[{"href":"https:\/\/anfamec.com.br\/es\/wp-json\/wp\/v2\/types\/page"}],"author":[{"embeddable":true,"href":"https:\/\/anfamec.com.br\/es\/wp-json\/wp\/v2\/users\/4"}],"replies":[{"embeddable":true,"href":"https:\/\/anfamec.com.br\/es\/wp-json\/wp\/v2\/comments?post=2047"}],"version-history":[{"count":4,"href":"https:\/\/anfamec.com.br\/es\/wp-json\/wp\/v2\/pages\/2047\/revisions"}],"predecessor-version":[{"id":15143,"href":"https:\/\/anfamec.com.br\/es\/wp-json\/wp\/v2\/pages\/2047\/revisions\/15143"}],"up":[{"embeddable":true,"href":"https:\/\/anfamec.com.br\/es\/wp-json\/wp\/v2\/pages\/33"}],"wp:attachment":[{"href":"https:\/\/anfamec.com.br\/es\/wp-json\/wp\/v2\/media?parent=2047"}],"curies":[{"name":"wp","href":"https:\/\/api.w.org\/{rel}","templated":true}]}}