{"id":2049,"date":"2023-03-16T19:36:19","date_gmt":"2023-03-16T19:36:19","guid":{"rendered":"https:\/\/anfamec.com.br\/es\/?page_id=2049"},"modified":"2024-10-10T15:23:20","modified_gmt":"2024-10-10T18:23:20","slug":"valores","status":"publish","type":"page","link":"https:\/\/anfamec.com.br\/es\/institucional\/valores\/","title":{"rendered":"Valores"},"content":{"rendered":"<p style=\"text-align: left;\"><span style=\"color: #f58634;\"><strong>SINERGIA \u2013<\/strong><\/span> Impulsar a trav\u00e9s de acciones y estrategias sectoriales el desarrollo, el perfeccionamiento y la generaci\u00f3n de oportunidades para el sector cer\u00e1mico nacional.<\/p>\n<p style=\"text-align: left;\"><span style=\"color: #f58634;\"><strong>TRANSFORMACI\u00d3N \u2013<\/strong><\/span> Promover la evoluci\u00f3n tecnol\u00f3gica y t\u00e9cnica del segmento y la ampliaci\u00f3n de su papel en las transformaciones econ\u00f3micas y sociales experimentadas en todo el territorio nacional.<\/p>\n<p style=\"text-align: left;\"><span style=\"color: #f58634;\"><strong>COLABORACI\u00d3N  \u2013<\/strong><\/span> Valorar y crear nuevas posibilidades para los ceramistas a trav\u00e9s de la construcci\u00f3n conjunta con organizaciones nacionales e internacionales p\u00fablicas y privadas.<\/p>\n<p style=\"text-align: left;\"><span style=\"color: #f58634;\"><strong>CAMBIOS  \u2013<\/strong><\/span> Ser elemento fomentador de la innovaci\u00f3n, de la sostenibilidad, de la tecnolog\u00eda, de la gesti\u00f3n y del crecimiento de la industria de cer\u00e1mica de Brasil.<\/p>\n","protected":false},"excerpt":{"rendered":"<p>SINERGIA \u2013 Impulsar a trav\u00e9s de acciones y estrategias sectoriales el desarrollo, el perfeccionamiento y la generaci\u00f3n de oportunidades para el sector cer\u00e1mico nacional. TRANSFORMACI\u00d3N \u2013 Promover la evoluci\u00f3n tecnol\u00f3gica y t\u00e9cnica del segmento y la ampliaci\u00f3n de su papel en las transformaciones econ\u00f3micas y sociales experimentadas en todo el territorio nacional. COLABORACI\u00d3N \u2013 Valorar [&hellip;]<\/p>\n","protected":false},"author":4,"featured_media":0,"parent":33,"menu_order":0,"comment_status":"closed","ping_status":"closed","template":"","meta":{"_acf_changed":false,"footnotes":""},"class_list":["post-2049","page","type-page","status-publish","hentry"],"acf":[],"yoast_head":"<!-- This site is optimized with the Yoast SEO plugin v27.4 - https:\/\/yoast.com\/product\/yoast-seo-wordpress\/ -->\n<title>Valores | ANFAMEC<\/title>\n<meta name=\"robots\" content=\"index, follow, max-snippet:-1, max-image-preview:large, max-video-preview:-1\" \/>\n<link rel=\"canonical\" href=\"https:\/\/anfamec.com.br\/es\/institucional\/valores\/\" \/>\n<meta property=\"og:locale\" content=\"pt_BR\" \/>\n<meta property=\"og:type\" content=\"article\" \/>\n<meta property=\"og:title\" content=\"Valores | ANFAMEC\" \/>\n<meta property=\"og:description\" content=\"SINERGIA \u2013 Impulsar a trav\u00e9s de acciones y estrategias sectoriales el desarrollo, el perfeccionamiento y la generaci\u00f3n de oportunidades para el sector cer\u00e1mico nacional. TRANSFORMACI\u00d3N \u2013 Promover la evoluci\u00f3n tecnol\u00f3gica y t\u00e9cnica del segmento y la ampliaci\u00f3n de su papel en las transformaciones econ\u00f3micas y sociales experimentadas en todo el territorio nacional. COLABORACI\u00d3N \u2013 Valorar [&hellip;]\" \/>\n<meta property=\"og:url\" content=\"https:\/\/anfamec.com.br\/es\/institucional\/valores\/\" \/>\n<meta property=\"og:site_name\" content=\"ANFAMEC\" \/>\n<meta property=\"article:modified_time\" content=\"2024-10-10T18:23:20+00:00\" \/>\n<meta name=\"twitter:card\" content=\"summary_large_image\" \/>\n<meta name=\"twitter:label1\" content=\"Est. tempo de leitura\" \/>\n\t<meta name=\"twitter:data1\" content=\"1 minuto\" \/>\n<script type=\"application\/ld+json\" class=\"yoast-schema-graph\">{\"@context\":\"https:\\\/\\\/schema.org\",\"@graph\":[{\"@type\":\"WebPage\",\"@id\":\"https:\\\/\\\/anfamec.com.br\\\/es\\\/institucional\\\/valores\\\/\",\"url\":\"https:\\\/\\\/anfamec.com.br\\\/es\\\/institucional\\\/valores\\\/\",\"name\":\"Valores | ANFAMEC\",\"isPartOf\":{\"@id\":\"https:\\\/\\\/anfamec.com.br\\\/es\\\/#website\"},\"datePublished\":\"2023-03-16T19:36:19+00:00\",\"dateModified\":\"2024-10-10T18:23:20+00:00\",\"breadcrumb\":{\"@id\":\"https:\\\/\\\/anfamec.com.br\\\/es\\\/institucional\\\/valores\\\/#breadcrumb\"},\"inLanguage\":\"pt-BR\",\"potentialAction\":[{\"@type\":\"ReadAction\",\"target\":[\"https:\\\/\\\/anfamec.com.br\\\/es\\\/institucional\\\/valores\\\/\"]}]},{\"@type\":\"BreadcrumbList\",\"@id\":\"https:\\\/\\\/anfamec.com.br\\\/es\\\/institucional\\\/valores\\\/#breadcrumb\",\"itemListElement\":[{\"@type\":\"ListItem\",\"position\":1,\"name\":\"In\u00edcio\",\"item\":\"https:\\\/\\\/anfamec.com.br\\\/es\\\/\"},{\"@type\":\"ListItem\",\"position\":2,\"name\":\"Institucional\",\"item\":\"https:\\\/\\\/anfamec.com.br\\\/es\\\/institucional\\\/\"},{\"@type\":\"ListItem\",\"position\":3,\"name\":\"Valores\"}]},{\"@type\":\"WebSite\",\"@id\":\"https:\\\/\\\/anfamec.com.br\\\/es\\\/#website\",\"url\":\"https:\\\/\\\/anfamec.com.br\\\/es\\\/\",\"name\":\"ANFAMEC\",\"description\":\"Associa\u00e7\u00e3o Nacional de Fabricantes de M\u00e1quinas e Equipamentos para Ind\u00fastria Cer\u00e2mica\",\"publisher\":{\"@id\":\"https:\\\/\\\/anfamec.com.br\\\/es\\\/#organization\"},\"potentialAction\":[{\"@type\":\"SearchAction\",\"target\":{\"@type\":\"EntryPoint\",\"urlTemplate\":\"https:\\\/\\\/anfamec.com.br\\\/es\\\/?s={search_term_string}\"},\"query-input\":{\"@type\":\"PropertyValueSpecification\",\"valueRequired\":true,\"valueName\":\"search_term_string\"}}],\"inLanguage\":\"pt-BR\"},{\"@type\":\"Organization\",\"@id\":\"https:\\\/\\\/anfamec.com.br\\\/es\\\/#organization\",\"name\":\"ANFAMEC\",\"url\":\"https:\\\/\\\/anfamec.com.br\\\/es\\\/\",\"logo\":{\"@type\":\"ImageObject\",\"inLanguage\":\"pt-BR\",\"@id\":\"https:\\\/\\\/anfamec.com.br\\\/es\\\/#\\\/schema\\\/logo\\\/image\\\/\",\"url\":\"https:\\\/\\\/anfamec.com.br\\\/es\\\/wp-content\\\/uploads\\\/2023\\\/01\\\/logotipo-anfamec.jpg\",\"contentUrl\":\"https:\\\/\\\/anfamec.com.br\\\/es\\\/wp-content\\\/uploads\\\/2023\\\/01\\\/logotipo-anfamec.jpg\",\"width\":696,\"height\":696,\"caption\":\"ANFAMEC\"},\"image\":{\"@id\":\"https:\\\/\\\/anfamec.com.br\\\/es\\\/#\\\/schema\\\/logo\\\/image\\\/\"}}]}<\/script>\n<!-- \/ Yoast SEO plugin. -->","yoast_head_json":{"title":"Valores | ANFAMEC","robots":{"index":"index","follow":"follow","max-snippet":"max-snippet:-1","max-image-preview":"max-image-preview:large","max-video-preview":"max-video-preview:-1"},"canonical":"https:\/\/anfamec.com.br\/es\/institucional\/valores\/","og_locale":"pt_BR","og_type":"article","og_title":"Valores | ANFAMEC","og_description":"SINERGIA \u2013 Impulsar a trav\u00e9s de acciones y estrategias sectoriales el desarrollo, el perfeccionamiento y la generaci\u00f3n de oportunidades para el sector cer\u00e1mico nacional. TRANSFORMACI\u00d3N \u2013 Promover la evoluci\u00f3n tecnol\u00f3gica y t\u00e9cnica del segmento y la ampliaci\u00f3n de su papel en las transformaciones econ\u00f3micas y sociales experimentadas en todo el territorio nacional. COLABORACI\u00d3N \u2013 Valorar [&hellip;]","og_url":"https:\/\/anfamec.com.br\/es\/institucional\/valores\/","og_site_name":"ANFAMEC","article_modified_time":"2024-10-10T18:23:20+00:00","twitter_card":"summary_large_image","twitter_misc":{"Est. tempo de leitura":"1 minuto"},"schema":{"@context":"https:\/\/schema.org","@graph":[{"@type":"WebPage","@id":"https:\/\/anfamec.com.br\/es\/institucional\/valores\/","url":"https:\/\/anfamec.com.br\/es\/institucional\/valores\/","name":"Valores | ANFAMEC","isPartOf":{"@id":"https:\/\/anfamec.com.br\/es\/#website"},"datePublished":"2023-03-16T19:36:19+00:00","dateModified":"2024-10-10T18:23:20+00:00","breadcrumb":{"@id":"https:\/\/anfamec.com.br\/es\/institucional\/valores\/#breadcrumb"},"inLanguage":"pt-BR","potentialAction":[{"@type":"ReadAction","target":["https:\/\/anfamec.com.br\/es\/institucional\/valores\/"]}]},{"@type":"BreadcrumbList","@id":"https:\/\/anfamec.com.br\/es\/institucional\/valores\/#breadcrumb","itemListElement":[{"@type":"ListItem","position":1,"name":"In\u00edcio","item":"https:\/\/anfamec.com.br\/es\/"},{"@type":"ListItem","position":2,"name":"Institucional","item":"https:\/\/anfamec.com.br\/es\/institucional\/"},{"@type":"ListItem","position":3,"name":"Valores"}]},{"@type":"WebSite","@id":"https:\/\/anfamec.com.br\/es\/#website","url":"https:\/\/anfamec.com.br\/es\/","name":"ANFAMEC","description":"Associa\u00e7\u00e3o Nacional de Fabricantes de M\u00e1quinas e Equipamentos para Ind\u00fastria Cer\u00e2mica","publisher":{"@id":"https:\/\/anfamec.com.br\/es\/#organization"},"potentialAction":[{"@type":"SearchAction","target":{"@type":"EntryPoint","urlTemplate":"https:\/\/anfamec.com.br\/es\/?s={search_term_string}"},"query-input":{"@type":"PropertyValueSpecification","valueRequired":true,"valueName":"search_term_string"}}],"inLanguage":"pt-BR"},{"@type":"Organization","@id":"https:\/\/anfamec.com.br\/es\/#organization","name":"ANFAMEC","url":"https:\/\/anfamec.com.br\/es\/","logo":{"@type":"ImageObject","inLanguage":"pt-BR","@id":"https:\/\/anfamec.com.br\/es\/#\/schema\/logo\/image\/","url":"https:\/\/anfamec.com.br\/es\/wp-content\/uploads\/2023\/01\/logotipo-anfamec.jpg","contentUrl":"https:\/\/anfamec.com.br\/es\/wp-content\/uploads\/2023\/01\/logotipo-anfamec.jpg","width":696,"height":696,"caption":"ANFAMEC"},"image":{"@id":"https:\/\/anfamec.com.br\/es\/#\/schema\/logo\/image\/"}}]}},"_links":{"self":[{"href":"https:\/\/anfamec.com.br\/es\/wp-json\/wp\/v2\/pages\/2049","targetHints":{"allow":["GET"]}}],"collection":[{"href":"https:\/\/anfamec.com.br\/es\/wp-json\/wp\/v2\/pages"}],"about":[{"href":"https:\/\/anfamec.com.br\/es\/wp-json\/wp\/v2\/types\/page"}],"author":[{"embeddable":true,"href":"https:\/\/anfamec.com.br\/es\/wp-json\/wp\/v2\/users\/4"}],"replies":[{"embeddable":true,"href":"https:\/\/anfamec.com.br\/es\/wp-json\/wp\/v2\/comments?post=2049"}],"version-history":[{"count":3,"href":"https:\/\/anfamec.com.br\/es\/wp-json\/wp\/v2\/pages\/2049\/revisions"}],"predecessor-version":[{"id":15145,"href":"https:\/\/anfamec.com.br\/es\/wp-json\/wp\/v2\/pages\/2049\/revisions\/15145"}],"up":[{"embeddable":true,"href":"https:\/\/anfamec.com.br\/es\/wp-json\/wp\/v2\/pages\/33"}],"wp:attachment":[{"href":"https:\/\/anfamec.com.br\/es\/wp-json\/wp\/v2\/media?parent=2049"}],"curies":[{"name":"wp","href":"https:\/\/api.w.org\/{rel}","templated":true}]}}