{"id":2064,"date":"2023-03-16T19:52:46","date_gmt":"2023-03-16T19:52:46","guid":{"rendered":"https:\/\/anfamec.com.br\/es\/?page_id=2064"},"modified":"2024-10-10T13:35:07","modified_gmt":"2024-10-10T16:35:07","slug":"anfamec-expo","status":"publish","type":"page","link":"https:\/\/anfamec.com.br\/es\/anfamec-expo\/","title":{"rendered":"ANFAMEC EXPO"},"content":{"rendered":"\t\t<div data-elementor-type=\"wp-page\" data-elementor-id=\"2064\" class=\"elementor elementor-2064\" data-elementor-post-type=\"page\">\n\t\t\t\t\t\t<section class=\"elementor-section elementor-top-section elementor-element elementor-element-1f83e95a elementor-section-boxed elementor-section-height-default elementor-section-height-default\" data-id=\"1f83e95a\" data-element_type=\"section\" data-e-type=\"section\">\n\t\t\t\t\t\t<div class=\"elementor-container elementor-column-gap-default\">\n\t\t\t\t\t<div class=\"elementor-column elementor-col-100 elementor-top-column elementor-element elementor-element-3d7e033a\" data-id=\"3d7e033a\" data-element_type=\"column\" data-e-type=\"column\">\n\t\t\t<div class=\"elementor-widget-wrap elementor-element-populated\">\n\t\t\t\t\t\t<div class=\"elementor-element elementor-element-1cfd12c4 elementor-widget elementor-widget-image\" data-id=\"1cfd12c4\" data-element_type=\"widget\" data-e-type=\"widget\" data-widget_type=\"image.default\">\n\t\t\t\t<div class=\"elementor-widget-container\">\n\t\t\t\t\t\t\t\t\t\t\t\t\t\t\t<img fetchpriority=\"high\" decoding=\"async\" width=\"800\" height=\"224\" src=\"https:\/\/anfamec.com.br\/es\/wp-content\/uploads\/2023\/03\/anfamec-expo-1024x287.png\" class=\"attachment-large size-large wp-image-2066\" alt=\"Anfamec EXPO\" srcset=\"https:\/\/anfamec.com.br\/es\/wp-content\/uploads\/2023\/03\/anfamec-expo-1024x287.png 1024w, https:\/\/anfamec.com.br\/es\/wp-content\/uploads\/2023\/03\/anfamec-expo-300x84.png 300w, https:\/\/anfamec.com.br\/es\/wp-content\/uploads\/2023\/03\/anfamec-expo-768x215.png 768w, https:\/\/anfamec.com.br\/es\/wp-content\/uploads\/2023\/03\/anfamec-expo-150x42.png 150w, https:\/\/anfamec.com.br\/es\/wp-content\/uploads\/2023\/03\/anfamec-expo-650x182.png 650w, https:\/\/anfamec.com.br\/es\/wp-content\/uploads\/2023\/03\/anfamec-expo-310x87.png 310w, https:\/\/anfamec.com.br\/es\/wp-content\/uploads\/2023\/03\/anfamec-expo.png 1299w\" sizes=\"(max-width: 800px) 100vw, 800px\" \/>\t\t\t\t\t\t\t\t\t\t\t\t\t\t\t<\/div>\n\t\t\t\t<\/div>\n\t\t\t\t\t<\/div>\n\t\t<\/div>\n\t\t\t\t\t<\/div>\n\t\t<\/section>\n\t\t\t\t<section class=\"elementor-section elementor-top-section elementor-element elementor-element-28302f42 elementor-section-boxed elementor-section-height-default elementor-section-height-default\" data-id=\"28302f42\" data-element_type=\"section\" data-e-type=\"section\">\n\t\t\t\t\t\t<div class=\"elementor-container elementor-column-gap-default\">\n\t\t\t\t\t<div class=\"elementor-column elementor-col-100 elementor-top-column elementor-element elementor-element-2ffe6235\" data-id=\"2ffe6235\" data-element_type=\"column\" data-e-type=\"column\">\n\t\t\t<div class=\"elementor-widget-wrap elementor-element-populated\">\n\t\t\t\t\t\t<div class=\"elementor-element elementor-element-1b1630cd elementor-widget elementor-widget-text-editor\" data-id=\"1b1630cd\" data-element_type=\"widget\" data-e-type=\"widget\" data-widget_type=\"text-editor.default\">\n\t\t\t\t<div class=\"elementor-widget-container\">\n\t\t\t\t\t\t\t\t\t<p>Evento organizado por\u00a0<strong>ANFAMEC<\/strong>, cuenta con la exposici\u00f3n de las m\u00e1s nuevas tecnolog\u00edas en m\u00e1quinas, equipos, servicios e insumos a la industria de cer\u00e1mica roja, en una feria con la participaci\u00f3n de proveedores del sector y es incrementado por visitas t\u00e9cnicas y entrenamientos. Con el objetivo de reunir ceramistas, fabricantes de m\u00e1quinas y equipos, colaboradores, estudiantes e investigadores del sector en un evento gratuito para la propagaci\u00f3n de informaciones y conocimientos, la presentaci\u00f3n de innovaciones en gesti\u00f3n y equipos y la construcci\u00f3n de nuevos di\u00e1logos dentro y fuera del segmento.<\/p><p>La tercera edici\u00f3n de la mayor e importante Feria de Am\u00e9rica Latina dirigida a la Industria de Cer\u00e1mica Roja tuvo lugar los d\u00edas\u00a0<strong>10, 11 y 12 de agosto de 2022<\/strong>, en el Expo D. Pedro, en Campinas\/SP.<\/p><p>El encuentro marc\u00f3 la reanudaci\u00f3n de la construcci\u00f3n civil en Brasil y reuni\u00f3 fabricantes de m\u00e1quinas y equipos, ceramistas, proveedores, estudiantes y profesionales renombrados de diversas partes del pa\u00eds y del mundo.<\/p><p><strong>Anfamec Expo 2018<\/strong><\/p><p>Segunda Edici\u00f3n ocurri\u00f3 en los d\u00edas\u00a0<strong>22 a 24 de agosto de 2018<\/strong>, en el Expo D. Pedro, en Campinas\/SP y sirvi\u00f3 como importante indicador de la reanudaci\u00f3n de la Industria de Cer\u00e1mica Roja, cuando tuvimos la presencia de m\u00e1s de 1.300 empresarios y t\u00e9cnicos haciendo negocios y discutiendo temas relevantes para el Sector. Tuvimos presencia expresiva de empresarios de pa\u00edses de Am\u00e9rica Latina, sumando m\u00e1s de 120 ceramistas de Bolivia, Paraguay, Per\u00fa, Colombia, Chile y Argentina. Destacamos tambi\u00e9n el alto nivel de la PROGRAMACI\u00d3N T\u00c9CNICA y de los debates que se sucedieron.<\/p><p>Fue gratificante entrar al pabell\u00f3n y ver el sector latiendo, stands llenos, la gente muy feliz de estar participando en la MAYOR FERIA DE NEGOCIOS DE AM\u00c9RICA LATINA direccionada para la INDUSTRIA DE CER\u00c1MICA ROJA \u2013 ICV.<\/p><p><strong>ANFAMEC 2015<\/strong>\u00a0(Feria de Negocios y Arena de Conocimientos para la Industria de Cer\u00e1mica Roja) tuvo lugar entre los d\u00edas\u00a0<strong>12 y 14 de marzo de 2015<\/strong>\u00a0y reuni\u00f3 a miles de ceramistas, proveedores e interesados en el sector de diversas partes de Brasil y de Am\u00e9rica Latina en el Expo D. Pedro, en Campinas, S\u00e3o Paulo. La primera edici\u00f3n del evento reflej\u00f3 el esfuerzo que nosotros, ceramistas, fabricantes y empresarios, estamos haciendo para la evoluci\u00f3n del segmento y la ampliaci\u00f3n de su papel en las transformaciones econ\u00f3micas y sociales brasile\u00f1as&#8221;, destaca el presidente de ANFAMEC, Matheus Rodrigues. El espacio de feria de ANFAMEC 2015 cont\u00f3 con m\u00e1s de 7 mil m\u00b2 y la exposici\u00f3n de 80 m\u00e1quinas y equipos producidos por 90 marcas nacionales e internacionales. La rob\u00f3tica, la automatizaci\u00f3n, la mejora de procesos y productos y tecnolog\u00edas de vanguardia para la industria de la cer\u00e1mica roja fueron los aspectos m\u00e1s destacados.<\/p>\t\t\t\t\t\t\t\t<\/div>\n\t\t\t\t<\/div>\n\t\t\t\t<div class=\"elementor-element elementor-element-1178f735 elementor-widget elementor-widget-image\" data-id=\"1178f735\" data-element_type=\"widget\" data-e-type=\"widget\" data-widget_type=\"image.default\">\n\t\t\t\t<div class=\"elementor-widget-container\">\n\t\t\t\t\t\t\t\t\t\t\t\t\t\t\t<img decoding=\"async\" width=\"502\" height=\"349\" src=\"https:\/\/anfamec.com.br\/es\/wp-content\/uploads\/2023\/03\/expo-anfamec.jpg\" class=\"attachment-large size-large wp-image-2248\" alt=\"\" srcset=\"https:\/\/anfamec.com.br\/es\/wp-content\/uploads\/2023\/03\/expo-anfamec.jpg 502w, https:\/\/anfamec.com.br\/es\/wp-content\/uploads\/2023\/03\/expo-anfamec-300x209.jpg 300w, https:\/\/anfamec.com.br\/es\/wp-content\/uploads\/2023\/03\/expo-anfamec-150x105.jpg 150w, https:\/\/anfamec.com.br\/es\/wp-content\/uploads\/2023\/03\/expo-anfamec-432x300.jpg 432w, https:\/\/anfamec.com.br\/es\/wp-content\/uploads\/2023\/03\/expo-anfamec-310x216.jpg 310w\" sizes=\"(max-width: 502px) 100vw, 502px\" \/>\t\t\t\t\t\t\t\t\t\t\t\t\t\t\t<\/div>\n\t\t\t\t<\/div>\n\t\t\t\t\t<\/div>\n\t\t<\/div>\n\t\t\t\t\t<\/div>\n\t\t<\/section>\n\t\t\t\t<section class=\"elementor-section elementor-top-section elementor-element elementor-element-159ed072 elementor-section-boxed elementor-section-height-default elementor-section-height-default\" data-id=\"159ed072\" data-element_type=\"section\" data-e-type=\"section\">\n\t\t\t\t\t\t<div class=\"elementor-container elementor-column-gap-custom\">\n\t\t\t\t\t<div class=\"elementor-column elementor-col-50 elementor-top-column elementor-element elementor-element-65483ba9\" data-id=\"65483ba9\" data-element_type=\"column\" data-e-type=\"column\">\n\t\t\t<div class=\"elementor-widget-wrap elementor-element-populated\">\n\t\t\t\t\t\t<div class=\"elementor-element elementor-element-234afdc0 elementor-widget elementor-widget-image\" data-id=\"234afdc0\" data-element_type=\"widget\" data-e-type=\"widget\" data-widget_type=\"image.default\">\n\t\t\t\t<div class=\"elementor-widget-container\">\n\t\t\t\t\t\t\t\t\t\t\t\t\t\t\t\t<a href=\"https:\/\/anfamec.com.br\/es\/anfamec-expo\/anfamec-expo-2015\/\">\n\t\t\t\t\t\t\t<img decoding=\"async\" width=\"800\" height=\"230\" src=\"https:\/\/anfamec.com.br\/es\/wp-content\/uploads\/2023\/03\/anfamec-expo-2015-1024x295.png\" class=\"attachment-large size-large wp-image-2067\" alt=\"\" srcset=\"https:\/\/anfamec.com.br\/es\/wp-content\/uploads\/2023\/03\/anfamec-expo-2015-1024x295.png 1024w, https:\/\/anfamec.com.br\/es\/wp-content\/uploads\/2023\/03\/anfamec-expo-2015-300x86.png 300w, https:\/\/anfamec.com.br\/es\/wp-content\/uploads\/2023\/03\/anfamec-expo-2015-768x221.png 768w, https:\/\/anfamec.com.br\/es\/wp-content\/uploads\/2023\/03\/anfamec-expo-2015-150x43.png 150w, https:\/\/anfamec.com.br\/es\/wp-content\/uploads\/2023\/03\/anfamec-expo-2015-650x187.png 650w, https:\/\/anfamec.com.br\/es\/wp-content\/uploads\/2023\/03\/anfamec-expo-2015-310x89.png 310w, https:\/\/anfamec.com.br\/es\/wp-content\/uploads\/2023\/03\/anfamec-expo-2015.png 1298w\" sizes=\"(max-width: 800px) 100vw, 800px\" \/>\t\t\t\t\t\t\t\t<\/a>\n\t\t\t\t\t\t\t\t\t\t\t\t\t\t\t<\/div>\n\t\t\t\t<\/div>\n\t\t\t\t\t<\/div>\n\t\t<\/div>\n\t\t\t\t<div class=\"elementor-column elementor-col-50 elementor-top-column elementor-element elementor-element-742dffe2\" data-id=\"742dffe2\" data-element_type=\"column\" data-e-type=\"column\">\n\t\t\t<div class=\"elementor-widget-wrap elementor-element-populated\">\n\t\t\t\t\t\t<div class=\"elementor-element elementor-element-347d4abe elementor-widget elementor-widget-image\" data-id=\"347d4abe\" data-element_type=\"widget\" data-e-type=\"widget\" data-widget_type=\"image.default\">\n\t\t\t\t<div class=\"elementor-widget-container\">\n\t\t\t\t\t\t\t\t\t\t\t\t\t\t\t\t<a href=\"https:\/\/anfamec.com.br\/es\/anfamec-expo\/anfamec-expo-2018\/\">\n\t\t\t\t\t\t\t<img loading=\"lazy\" decoding=\"async\" width=\"800\" height=\"224\" src=\"https:\/\/anfamec.com.br\/es\/wp-content\/uploads\/2023\/03\/anfamec-expo-2018-1024x287.png\" class=\"attachment-large size-large wp-image-2069\" alt=\"\" srcset=\"https:\/\/anfamec.com.br\/es\/wp-content\/uploads\/2023\/03\/anfamec-expo-2018-1024x287.png 1024w, https:\/\/anfamec.com.br\/es\/wp-content\/uploads\/2023\/03\/anfamec-expo-2018-300x84.png 300w, https:\/\/anfamec.com.br\/es\/wp-content\/uploads\/2023\/03\/anfamec-expo-2018-768x215.png 768w, https:\/\/anfamec.com.br\/es\/wp-content\/uploads\/2023\/03\/anfamec-expo-2018-150x42.png 150w, https:\/\/anfamec.com.br\/es\/wp-content\/uploads\/2023\/03\/anfamec-expo-2018-650x182.png 650w, https:\/\/anfamec.com.br\/es\/wp-content\/uploads\/2023\/03\/anfamec-expo-2018-310x87.png 310w, https:\/\/anfamec.com.br\/es\/wp-content\/uploads\/2023\/03\/anfamec-expo-2018.png 1299w\" sizes=\"(max-width: 800px) 100vw, 800px\" \/>\t\t\t\t\t\t\t\t<\/a>\n\t\t\t\t\t\t\t\t\t\t\t\t\t\t\t<\/div>\n\t\t\t\t<\/div>\n\t\t\t\t\t<\/div>\n\t\t<\/div>\n\t\t\t\t\t<\/div>\n\t\t<\/section>\n\t\t\t\t<section class=\"elementor-section elementor-top-section elementor-element elementor-element-42c8bea9 elementor-section-boxed elementor-section-height-default elementor-section-height-default\" data-id=\"42c8bea9\" data-element_type=\"section\" data-e-type=\"section\">\n\t\t\t\t\t\t<div class=\"elementor-container elementor-column-gap-custom\">\n\t\t\t\t\t<div class=\"elementor-column elementor-col-50 elementor-top-column elementor-element elementor-element-44ff1c65\" data-id=\"44ff1c65\" data-element_type=\"column\" data-e-type=\"column\">\n\t\t\t<div class=\"elementor-widget-wrap elementor-element-populated\">\n\t\t\t\t\t\t<div class=\"elementor-element elementor-element-6457f386 elementor-widget elementor-widget-image\" data-id=\"6457f386\" data-element_type=\"widget\" data-e-type=\"widget\" data-widget_type=\"image.default\">\n\t\t\t\t<div class=\"elementor-widget-container\">\n\t\t\t\t\t\t\t\t\t\t\t\t\t\t\t\t<a href=\"https:\/\/anfamec.com.br\/es\/anfamec-expo\/anfamec-expo-2022\/\">\n\t\t\t\t\t\t\t<img loading=\"lazy\" decoding=\"async\" width=\"800\" height=\"224\" src=\"https:\/\/anfamec.com.br\/es\/wp-content\/uploads\/2023\/03\/anfamec-expo-2022-1024x287.png\" class=\"attachment-large size-large wp-image-2071\" alt=\"Anfamec Expo 2022\" srcset=\"https:\/\/anfamec.com.br\/es\/wp-content\/uploads\/2023\/03\/anfamec-expo-2022-1024x287.png 1024w, https:\/\/anfamec.com.br\/es\/wp-content\/uploads\/2023\/03\/anfamec-expo-2022-300x84.png 300w, https:\/\/anfamec.com.br\/es\/wp-content\/uploads\/2023\/03\/anfamec-expo-2022-768x215.png 768w, https:\/\/anfamec.com.br\/es\/wp-content\/uploads\/2023\/03\/anfamec-expo-2022-150x42.png 150w, https:\/\/anfamec.com.br\/es\/wp-content\/uploads\/2023\/03\/anfamec-expo-2022-650x182.png 650w, https:\/\/anfamec.com.br\/es\/wp-content\/uploads\/2023\/03\/anfamec-expo-2022-310x87.png 310w, https:\/\/anfamec.com.br\/es\/wp-content\/uploads\/2023\/03\/anfamec-expo-2022.png 1299w\" sizes=\"(max-width: 800px) 100vw, 800px\" \/>\t\t\t\t\t\t\t\t<\/a>\n\t\t\t\t\t\t\t\t\t\t\t\t\t\t\t<\/div>\n\t\t\t\t<\/div>\n\t\t\t\t\t<\/div>\n\t\t<\/div>\n\t\t\t\t<div class=\"elementor-column elementor-col-50 elementor-top-column elementor-element elementor-element-e3d117e\" data-id=\"e3d117e\" data-element_type=\"column\" data-e-type=\"column\">\n\t\t\t<div class=\"elementor-widget-wrap elementor-element-populated\">\n\t\t\t\t\t\t<div class=\"elementor-element elementor-element-5e3470cd elementor-widget elementor-widget-image\" data-id=\"5e3470cd\" data-element_type=\"widget\" data-e-type=\"widget\" data-widget_type=\"image.default\">\n\t\t\t\t<div class=\"elementor-widget-container\">\n\t\t\t\t\t\t\t\t\t\t\t\t\t\t\t\t<a href=\"https:\/\/anfamec.com.br\/expo2025\/\" target=\"_blank\" rel=\"nofollow\">\n\t\t\t\t\t\t\t<img loading=\"lazy\" decoding=\"async\" width=\"800\" height=\"224\" src=\"https:\/\/anfamec.com.br\/es\/wp-content\/uploads\/2024\/01\/anfamec-expo-2025-1024x287.jpg\" class=\"attachment-large size-large wp-image-14370\" alt=\"\" srcset=\"https:\/\/anfamec.com.br\/es\/wp-content\/uploads\/2024\/01\/anfamec-expo-2025-1024x287.jpg 1024w, https:\/\/anfamec.com.br\/es\/wp-content\/uploads\/2024\/01\/anfamec-expo-2025-300x84.jpg 300w, https:\/\/anfamec.com.br\/es\/wp-content\/uploads\/2024\/01\/anfamec-expo-2025-768x215.jpg 768w, https:\/\/anfamec.com.br\/es\/wp-content\/uploads\/2024\/01\/anfamec-expo-2025-150x42.jpg 150w, https:\/\/anfamec.com.br\/es\/wp-content\/uploads\/2024\/01\/anfamec-expo-2025.jpg 1299w\" sizes=\"(max-width: 800px) 100vw, 800px\" \/>\t\t\t\t\t\t\t\t<\/a>\n\t\t\t\t\t\t\t\t\t\t\t\t\t\t\t<\/div>\n\t\t\t\t<\/div>\n\t\t\t\t\t<\/div>\n\t\t<\/div>\n\t\t\t\t\t<\/div>\n\t\t<\/section>\n\t\t\t\t<\/div>\n\t\t","protected":false},"excerpt":{"rendered":"<p>Evento organizado por\u00a0ANFAMEC, cuenta con la exposici\u00f3n de las m\u00e1s nuevas tecnolog\u00edas en m\u00e1quinas, equipos, servicios e insumos a la industria de cer\u00e1mica roja, en una feria con la participaci\u00f3n de proveedores del sector y es incrementado por visitas t\u00e9cnicas y entrenamientos. Con el objetivo de reunir ceramistas, fabricantes de m\u00e1quinas y equipos, colaboradores, estudiantes [&hellip;]<\/p>\n","protected":false},"author":4,"featured_media":0,"parent":0,"menu_order":0,"comment_status":"closed","ping_status":"closed","template":"","meta":{"_acf_changed":false,"footnotes":""},"class_list":["post-2064","page","type-page","status-publish","hentry"],"acf":[],"yoast_head":"<!-- This site is optimized with the Yoast SEO plugin v27.4 - https:\/\/yoast.com\/product\/yoast-seo-wordpress\/ -->\n<title>ANFAMEC EXPO | ANFAMEC<\/title>\n<meta name=\"robots\" content=\"index, follow, max-snippet:-1, max-image-preview:large, max-video-preview:-1\" \/>\n<link rel=\"canonical\" href=\"https:\/\/anfamec.com.br\/es\/anfamec-expo\/\" \/>\n<meta property=\"og:locale\" content=\"pt_BR\" \/>\n<meta property=\"og:type\" content=\"article\" \/>\n<meta property=\"og:title\" content=\"ANFAMEC EXPO | ANFAMEC\" \/>\n<meta property=\"og:description\" content=\"Evento organizado por\u00a0ANFAMEC, cuenta con la exposici\u00f3n de las m\u00e1s nuevas tecnolog\u00edas en m\u00e1quinas, equipos, servicios e insumos a la industria de cer\u00e1mica roja, en una feria con la participaci\u00f3n de proveedores del sector y es incrementado por visitas t\u00e9cnicas y entrenamientos. Con el objetivo de reunir ceramistas, fabricantes de m\u00e1quinas y equipos, colaboradores, estudiantes [&hellip;]\" \/>\n<meta property=\"og:url\" content=\"https:\/\/anfamec.com.br\/es\/anfamec-expo\/\" \/>\n<meta property=\"og:site_name\" content=\"ANFAMEC\" \/>\n<meta property=\"article:modified_time\" content=\"2024-10-10T16:35:07+00:00\" \/>\n<meta property=\"og:image\" content=\"https:\/\/anfamec.com.br\/es\/wp-content\/uploads\/2023\/03\/anfamec-expo.png\" \/>\n\t<meta property=\"og:image:width\" content=\"1299\" \/>\n\t<meta property=\"og:image:height\" content=\"364\" \/>\n\t<meta property=\"og:image:type\" content=\"image\/png\" \/>\n<meta name=\"twitter:card\" content=\"summary_large_image\" \/>\n<meta name=\"twitter:label1\" content=\"Est. tempo de leitura\" \/>\n\t<meta name=\"twitter:data1\" content=\"4 minutos\" \/>\n<script type=\"application\/ld+json\" class=\"yoast-schema-graph\">{\"@context\":\"https:\\\/\\\/schema.org\",\"@graph\":[{\"@type\":\"WebPage\",\"@id\":\"https:\\\/\\\/anfamec.com.br\\\/es\\\/anfamec-expo\\\/\",\"url\":\"https:\\\/\\\/anfamec.com.br\\\/es\\\/anfamec-expo\\\/\",\"name\":\"ANFAMEC EXPO | ANFAMEC\",\"isPartOf\":{\"@id\":\"https:\\\/\\\/anfamec.com.br\\\/es\\\/#website\"},\"primaryImageOfPage\":{\"@id\":\"https:\\\/\\\/anfamec.com.br\\\/es\\\/anfamec-expo\\\/#primaryimage\"},\"image\":{\"@id\":\"https:\\\/\\\/anfamec.com.br\\\/es\\\/anfamec-expo\\\/#primaryimage\"},\"thumbnailUrl\":\"https:\\\/\\\/anfamec.com.br\\\/es\\\/wp-content\\\/uploads\\\/2023\\\/03\\\/anfamec-expo-1024x287.png\",\"datePublished\":\"2023-03-16T19:52:46+00:00\",\"dateModified\":\"2024-10-10T16:35:07+00:00\",\"breadcrumb\":{\"@id\":\"https:\\\/\\\/anfamec.com.br\\\/es\\\/anfamec-expo\\\/#breadcrumb\"},\"inLanguage\":\"pt-BR\",\"potentialAction\":[{\"@type\":\"ReadAction\",\"target\":[\"https:\\\/\\\/anfamec.com.br\\\/es\\\/anfamec-expo\\\/\"]}]},{\"@type\":\"ImageObject\",\"inLanguage\":\"pt-BR\",\"@id\":\"https:\\\/\\\/anfamec.com.br\\\/es\\\/anfamec-expo\\\/#primaryimage\",\"url\":\"https:\\\/\\\/anfamec.com.br\\\/es\\\/wp-content\\\/uploads\\\/2023\\\/03\\\/anfamec-expo.png\",\"contentUrl\":\"https:\\\/\\\/anfamec.com.br\\\/es\\\/wp-content\\\/uploads\\\/2023\\\/03\\\/anfamec-expo.png\",\"width\":1299,\"height\":364,\"caption\":\"Anfamec EXPO\"},{\"@type\":\"BreadcrumbList\",\"@id\":\"https:\\\/\\\/anfamec.com.br\\\/es\\\/anfamec-expo\\\/#breadcrumb\",\"itemListElement\":[{\"@type\":\"ListItem\",\"position\":1,\"name\":\"In\u00edcio\",\"item\":\"https:\\\/\\\/anfamec.com.br\\\/es\\\/\"},{\"@type\":\"ListItem\",\"position\":2,\"name\":\"ANFAMEC EXPO\"}]},{\"@type\":\"WebSite\",\"@id\":\"https:\\\/\\\/anfamec.com.br\\\/es\\\/#website\",\"url\":\"https:\\\/\\\/anfamec.com.br\\\/es\\\/\",\"name\":\"ANFAMEC\",\"description\":\"Associa\u00e7\u00e3o Nacional de Fabricantes de M\u00e1quinas e Equipamentos para Ind\u00fastria Cer\u00e2mica\",\"publisher\":{\"@id\":\"https:\\\/\\\/anfamec.com.br\\\/es\\\/#organization\"},\"potentialAction\":[{\"@type\":\"SearchAction\",\"target\":{\"@type\":\"EntryPoint\",\"urlTemplate\":\"https:\\\/\\\/anfamec.com.br\\\/es\\\/?s={search_term_string}\"},\"query-input\":{\"@type\":\"PropertyValueSpecification\",\"valueRequired\":true,\"valueName\":\"search_term_string\"}}],\"inLanguage\":\"pt-BR\"},{\"@type\":\"Organization\",\"@id\":\"https:\\\/\\\/anfamec.com.br\\\/es\\\/#organization\",\"name\":\"ANFAMEC\",\"url\":\"https:\\\/\\\/anfamec.com.br\\\/es\\\/\",\"logo\":{\"@type\":\"ImageObject\",\"inLanguage\":\"pt-BR\",\"@id\":\"https:\\\/\\\/anfamec.com.br\\\/es\\\/#\\\/schema\\\/logo\\\/image\\\/\",\"url\":\"https:\\\/\\\/anfamec.com.br\\\/es\\\/wp-content\\\/uploads\\\/2023\\\/01\\\/logotipo-anfamec.jpg\",\"contentUrl\":\"https:\\\/\\\/anfamec.com.br\\\/es\\\/wp-content\\\/uploads\\\/2023\\\/01\\\/logotipo-anfamec.jpg\",\"width\":696,\"height\":696,\"caption\":\"ANFAMEC\"},\"image\":{\"@id\":\"https:\\\/\\\/anfamec.com.br\\\/es\\\/#\\\/schema\\\/logo\\\/image\\\/\"}}]}<\/script>\n<!-- \/ Yoast SEO plugin. -->","yoast_head_json":{"title":"ANFAMEC EXPO | ANFAMEC","robots":{"index":"index","follow":"follow","max-snippet":"max-snippet:-1","max-image-preview":"max-image-preview:large","max-video-preview":"max-video-preview:-1"},"canonical":"https:\/\/anfamec.com.br\/es\/anfamec-expo\/","og_locale":"pt_BR","og_type":"article","og_title":"ANFAMEC EXPO | ANFAMEC","og_description":"Evento organizado por\u00a0ANFAMEC, cuenta con la exposici\u00f3n de las m\u00e1s nuevas tecnolog\u00edas en m\u00e1quinas, equipos, servicios e insumos a la industria de cer\u00e1mica roja, en una feria con la participaci\u00f3n de proveedores del sector y es incrementado por visitas t\u00e9cnicas y entrenamientos. Con el objetivo de reunir ceramistas, fabricantes de m\u00e1quinas y equipos, colaboradores, estudiantes [&hellip;]","og_url":"https:\/\/anfamec.com.br\/es\/anfamec-expo\/","og_site_name":"ANFAMEC","article_modified_time":"2024-10-10T16:35:07+00:00","og_image":[{"width":1299,"height":364,"url":"https:\/\/anfamec.com.br\/es\/wp-content\/uploads\/2023\/03\/anfamec-expo.png","type":"image\/png"}],"twitter_card":"summary_large_image","twitter_misc":{"Est. tempo de leitura":"4 minutos"},"schema":{"@context":"https:\/\/schema.org","@graph":[{"@type":"WebPage","@id":"https:\/\/anfamec.com.br\/es\/anfamec-expo\/","url":"https:\/\/anfamec.com.br\/es\/anfamec-expo\/","name":"ANFAMEC EXPO | ANFAMEC","isPartOf":{"@id":"https:\/\/anfamec.com.br\/es\/#website"},"primaryImageOfPage":{"@id":"https:\/\/anfamec.com.br\/es\/anfamec-expo\/#primaryimage"},"image":{"@id":"https:\/\/anfamec.com.br\/es\/anfamec-expo\/#primaryimage"},"thumbnailUrl":"https:\/\/anfamec.com.br\/es\/wp-content\/uploads\/2023\/03\/anfamec-expo-1024x287.png","datePublished":"2023-03-16T19:52:46+00:00","dateModified":"2024-10-10T16:35:07+00:00","breadcrumb":{"@id":"https:\/\/anfamec.com.br\/es\/anfamec-expo\/#breadcrumb"},"inLanguage":"pt-BR","potentialAction":[{"@type":"ReadAction","target":["https:\/\/anfamec.com.br\/es\/anfamec-expo\/"]}]},{"@type":"ImageObject","inLanguage":"pt-BR","@id":"https:\/\/anfamec.com.br\/es\/anfamec-expo\/#primaryimage","url":"https:\/\/anfamec.com.br\/es\/wp-content\/uploads\/2023\/03\/anfamec-expo.png","contentUrl":"https:\/\/anfamec.com.br\/es\/wp-content\/uploads\/2023\/03\/anfamec-expo.png","width":1299,"height":364,"caption":"Anfamec EXPO"},{"@type":"BreadcrumbList","@id":"https:\/\/anfamec.com.br\/es\/anfamec-expo\/#breadcrumb","itemListElement":[{"@type":"ListItem","position":1,"name":"In\u00edcio","item":"https:\/\/anfamec.com.br\/es\/"},{"@type":"ListItem","position":2,"name":"ANFAMEC EXPO"}]},{"@type":"WebSite","@id":"https:\/\/anfamec.com.br\/es\/#website","url":"https:\/\/anfamec.com.br\/es\/","name":"ANFAMEC","description":"Associa\u00e7\u00e3o Nacional de Fabricantes de M\u00e1quinas e Equipamentos para Ind\u00fastria Cer\u00e2mica","publisher":{"@id":"https:\/\/anfamec.com.br\/es\/#organization"},"potentialAction":[{"@type":"SearchAction","target":{"@type":"EntryPoint","urlTemplate":"https:\/\/anfamec.com.br\/es\/?s={search_term_string}"},"query-input":{"@type":"PropertyValueSpecification","valueRequired":true,"valueName":"search_term_string"}}],"inLanguage":"pt-BR"},{"@type":"Organization","@id":"https:\/\/anfamec.com.br\/es\/#organization","name":"ANFAMEC","url":"https:\/\/anfamec.com.br\/es\/","logo":{"@type":"ImageObject","inLanguage":"pt-BR","@id":"https:\/\/anfamec.com.br\/es\/#\/schema\/logo\/image\/","url":"https:\/\/anfamec.com.br\/es\/wp-content\/uploads\/2023\/01\/logotipo-anfamec.jpg","contentUrl":"https:\/\/anfamec.com.br\/es\/wp-content\/uploads\/2023\/01\/logotipo-anfamec.jpg","width":696,"height":696,"caption":"ANFAMEC"},"image":{"@id":"https:\/\/anfamec.com.br\/es\/#\/schema\/logo\/image\/"}}]}},"_links":{"self":[{"href":"https:\/\/anfamec.com.br\/es\/wp-json\/wp\/v2\/pages\/2064","targetHints":{"allow":["GET"]}}],"collection":[{"href":"https:\/\/anfamec.com.br\/es\/wp-json\/wp\/v2\/pages"}],"about":[{"href":"https:\/\/anfamec.com.br\/es\/wp-json\/wp\/v2\/types\/page"}],"author":[{"embeddable":true,"href":"https:\/\/anfamec.com.br\/es\/wp-json\/wp\/v2\/users\/4"}],"replies":[{"embeddable":true,"href":"https:\/\/anfamec.com.br\/es\/wp-json\/wp\/v2\/comments?post=2064"}],"version-history":[{"count":21,"href":"https:\/\/anfamec.com.br\/es\/wp-json\/wp\/v2\/pages\/2064\/revisions"}],"predecessor-version":[{"id":15123,"href":"https:\/\/anfamec.com.br\/es\/wp-json\/wp\/v2\/pages\/2064\/revisions\/15123"}],"wp:attachment":[{"href":"https:\/\/anfamec.com.br\/es\/wp-json\/wp\/v2\/media?parent=2064"}],"curies":[{"name":"wp","href":"https:\/\/api.w.org\/{rel}","templated":true}]}}