{"id":2153,"date":"2023-03-16T21:12:38","date_gmt":"2023-03-16T21:12:38","guid":{"rendered":"https:\/\/anfamec.com.br\/es\/?page_id=2153"},"modified":"2024-10-10T13:32:03","modified_gmt":"2024-10-10T16:32:03","slug":"anfamec-expo-2018","status":"publish","type":"page","link":"https:\/\/anfamec.com.br\/es\/anfamec-expo\/anfamec-expo-2018\/","title":{"rendered":"Anfamec Expo 2018"},"content":{"rendered":"\t\t<div data-elementor-type=\"wp-page\" data-elementor-id=\"2153\" class=\"elementor elementor-2153\" data-elementor-post-type=\"page\">\n\t\t\t\t\t\t<section class=\"elementor-section elementor-top-section elementor-element elementor-element-1226ceb6 elementor-section-boxed elementor-section-height-default elementor-section-height-default\" data-id=\"1226ceb6\" data-element_type=\"section\" data-e-type=\"section\">\n\t\t\t\t\t\t<div class=\"elementor-container elementor-column-gap-default\">\n\t\t\t\t\t<div class=\"elementor-column elementor-col-100 elementor-top-column elementor-element elementor-element-521b659e\" data-id=\"521b659e\" data-element_type=\"column\" data-e-type=\"column\">\n\t\t\t<div class=\"elementor-widget-wrap elementor-element-populated\">\n\t\t\t\t\t\t<div class=\"elementor-element elementor-element-1787f10 elementor-widget elementor-widget-image\" data-id=\"1787f10\" data-element_type=\"widget\" data-e-type=\"widget\" data-widget_type=\"image.default\">\n\t\t\t\t<div class=\"elementor-widget-container\">\n\t\t\t\t\t\t\t\t\t\t\t\t\t\t\t<img fetchpriority=\"high\" decoding=\"async\" width=\"800\" height=\"224\" src=\"https:\/\/anfamec.com.br\/es\/wp-content\/uploads\/2023\/03\/anfamec-expo-2018-1024x287.png\" class=\"attachment-large size-large wp-image-2069\" alt=\"\" srcset=\"https:\/\/anfamec.com.br\/es\/wp-content\/uploads\/2023\/03\/anfamec-expo-2018-1024x287.png 1024w, https:\/\/anfamec.com.br\/es\/wp-content\/uploads\/2023\/03\/anfamec-expo-2018-300x84.png 300w, https:\/\/anfamec.com.br\/es\/wp-content\/uploads\/2023\/03\/anfamec-expo-2018-768x215.png 768w, https:\/\/anfamec.com.br\/es\/wp-content\/uploads\/2023\/03\/anfamec-expo-2018-150x42.png 150w, https:\/\/anfamec.com.br\/es\/wp-content\/uploads\/2023\/03\/anfamec-expo-2018-650x182.png 650w, https:\/\/anfamec.com.br\/es\/wp-content\/uploads\/2023\/03\/anfamec-expo-2018-310x87.png 310w, https:\/\/anfamec.com.br\/es\/wp-content\/uploads\/2023\/03\/anfamec-expo-2018.png 1299w\" sizes=\"(max-width: 800px) 100vw, 800px\" \/>\t\t\t\t\t\t\t\t\t\t\t\t\t\t\t<\/div>\n\t\t\t\t<\/div>\n\t\t\t\t\t<\/div>\n\t\t<\/div>\n\t\t\t\t\t<\/div>\n\t\t<\/section>\n\t\t\t\t<section class=\"elementor-section elementor-top-section elementor-element elementor-element-31e5ebf8 elementor-section-boxed elementor-section-height-default elementor-section-height-default\" data-id=\"31e5ebf8\" data-element_type=\"section\" data-e-type=\"section\">\n\t\t\t\t\t\t<div class=\"elementor-container elementor-column-gap-default\">\n\t\t\t\t\t<div class=\"elementor-column elementor-col-100 elementor-top-column elementor-element elementor-element-30716b29\" data-id=\"30716b29\" data-element_type=\"column\" data-e-type=\"column\">\n\t\t\t<div class=\"elementor-widget-wrap elementor-element-populated\">\n\t\t\t\t\t\t<div class=\"elementor-element elementor-element-e78486c elementor-widget elementor-widget-text-editor\" data-id=\"e78486c\" data-element_type=\"widget\" data-e-type=\"widget\" data-widget_type=\"text-editor.default\">\n\t\t\t\t<div class=\"elementor-widget-container\">\n\t\t\t\t\t\t\t\t\t<p>La Segunda Edici\u00f3n se celebr\u00f3 del 22 al 24 de agosto de 2018, en el Expo D. Pedro, en Campinas\/SP, y sirvi\u00f3 como un importante indicador de la recuperaci\u00f3n de la Industria de Cer\u00e1mica Vermelha, cuando tuvimos la presencia de m\u00e1s de 1.300 empresarios y t\u00e9cnicos realizando negocios y discutiendo temas relevantes para el Sector. Tuvimos una presencia significativa de empresarios de pa\u00edses de Am\u00e9rica Latina, sumando m\u00e1s de 120 ceramistas de Bolivia, Paraguay, Per\u00fa, Colombia, Chile y Argentina. Tambi\u00e9n destacamos el alto nivel de la PROGRAMACI\u00d3N T\u00c9CNICA y de los debates que le siguieron.<\/p><p>Fue gratificante entrar en el Pabell\u00f3n y ver el sector vibrante, los estands llenos, y la gente muy feliz de estar participando en la MAYOR FERIA DE NEGOCIOS DE AM\u00c9RICA LATINA dirigida a la INDUSTRIA DE CER\u00c1MICA VERMELHA \u2013 ICV.<\/p>\t\t\t\t\t\t\t\t<\/div>\n\t\t\t\t<\/div>\n\t\t\t\t\t<\/div>\n\t\t<\/div>\n\t\t\t\t\t<\/div>\n\t\t<\/section>\n\t\t\t\t<section class=\"elementor-section elementor-top-section elementor-element elementor-element-64f49c42 elementor-section-boxed elementor-section-height-default elementor-section-height-default\" data-id=\"64f49c42\" data-element_type=\"section\" data-e-type=\"section\">\n\t\t\t\t\t\t<div class=\"elementor-container elementor-column-gap-default\">\n\t\t\t\t\t<div class=\"elementor-column elementor-col-100 elementor-top-column elementor-element elementor-element-3b1065c7\" data-id=\"3b1065c7\" data-element_type=\"column\" data-e-type=\"column\">\n\t\t\t<div class=\"elementor-widget-wrap elementor-element-populated\">\n\t\t\t\t\t\t<div class=\"elementor-element elementor-element-580a5156 elementor-widget elementor-widget-image\" data-id=\"580a5156\" data-element_type=\"widget\" data-e-type=\"widget\" data-widget_type=\"image.default\">\n\t\t\t\t<div class=\"elementor-widget-container\">\n\t\t\t\t\t\t\t\t\t\t\t\t\t\t\t<img decoding=\"async\" width=\"545\" height=\"224\" src=\"https:\/\/anfamec.com.br\/es\/wp-content\/uploads\/2023\/03\/anfamec-expo-2018-dados.png\" class=\"attachment-large size-large wp-image-2070\" alt=\"\" srcset=\"https:\/\/anfamec.com.br\/es\/wp-content\/uploads\/2023\/03\/anfamec-expo-2018-dados.png 545w, https:\/\/anfamec.com.br\/es\/wp-content\/uploads\/2023\/03\/anfamec-expo-2018-dados-300x123.png 300w, https:\/\/anfamec.com.br\/es\/wp-content\/uploads\/2023\/03\/anfamec-expo-2018-dados-150x62.png 150w, https:\/\/anfamec.com.br\/es\/wp-content\/uploads\/2023\/03\/anfamec-expo-2018-dados-310x127.png 310w\" sizes=\"(max-width: 545px) 100vw, 545px\" \/>\t\t\t\t\t\t\t\t\t\t\t\t\t\t\t<\/div>\n\t\t\t\t<\/div>\n\t\t\t\t\t<\/div>\n\t\t<\/div>\n\t\t\t\t\t<\/div>\n\t\t<\/section>\n\t\t\t\t<section class=\"elementor-section elementor-top-section elementor-element elementor-element-1349bc7f elementor-section-boxed elementor-section-height-default elementor-section-height-default\" data-id=\"1349bc7f\" data-element_type=\"section\" data-e-type=\"section\">\n\t\t\t\t\t\t<div class=\"elementor-container elementor-column-gap-default\">\n\t\t\t\t\t<div class=\"elementor-column elementor-col-100 elementor-top-column elementor-element elementor-element-3112d623\" data-id=\"3112d623\" data-element_type=\"column\" data-e-type=\"column\">\n\t\t\t<div class=\"elementor-widget-wrap elementor-element-populated\">\n\t\t\t\t\t\t<div class=\"elementor-element elementor-element-14c15e19 elementor-widget elementor-widget-shortcode\" data-id=\"14c15e19\" data-element_type=\"widget\" data-e-type=\"widget\" data-widget_type=\"shortcode.default\">\n\t\t\t\t<div class=\"elementor-widget-container\">\n\t\t\t\t\t\t\t<div class=\"elementor-shortcode\"><div id='gallery-1' class='gallery galleryid-2153 gallery-columns-5 gallery-size-thumbnail'><figure class='gallery-item'>\n\t\t\t<div class='gallery-icon landscape'>\n\t\t\t\t<a href='https:\/\/anfamec.com.br\/es\/wp-content\/uploads\/2023\/03\/anfamec-expo-2018-01.jpg'><img decoding=\"async\" width=\"150\" height=\"150\" src=\"https:\/\/anfamec.com.br\/es\/wp-content\/uploads\/2023\/03\/anfamec-expo-2018-01-150x150.jpg\" class=\"attachment-thumbnail size-thumbnail\" alt=\"Anfamec Expo 2018\" \/><\/a>\n\t\t\t<\/div><\/figure><figure class='gallery-item'>\n\t\t\t<div class='gallery-icon portrait'>\n\t\t\t\t<a href='https:\/\/anfamec.com.br\/es\/wp-content\/uploads\/2023\/03\/anfamec-expo-2018-02.jpg'><img loading=\"lazy\" decoding=\"async\" width=\"150\" height=\"150\" src=\"https:\/\/anfamec.com.br\/es\/wp-content\/uploads\/2023\/03\/anfamec-expo-2018-02-150x150.jpg\" class=\"attachment-thumbnail size-thumbnail\" alt=\"Anfamec Expo 2018\" \/><\/a>\n\t\t\t<\/div><\/figure><figure class='gallery-item'>\n\t\t\t<div class='gallery-icon landscape'>\n\t\t\t\t<a href='https:\/\/anfamec.com.br\/es\/wp-content\/uploads\/2023\/03\/anfamec-expo-2018-03.jpg'><img loading=\"lazy\" decoding=\"async\" width=\"150\" height=\"150\" src=\"https:\/\/anfamec.com.br\/es\/wp-content\/uploads\/2023\/03\/anfamec-expo-2018-03-150x150.jpg\" class=\"attachment-thumbnail size-thumbnail\" alt=\"Anfamec Expo 2018\" \/><\/a>\n\t\t\t<\/div><\/figure><figure class='gallery-item'>\n\t\t\t<div class='gallery-icon landscape'>\n\t\t\t\t<a href='https:\/\/anfamec.com.br\/es\/wp-content\/uploads\/2023\/03\/anfamec-expo-2018-04.jpeg'><img loading=\"lazy\" decoding=\"async\" width=\"150\" height=\"150\" src=\"https:\/\/anfamec.com.br\/es\/wp-content\/uploads\/2023\/03\/anfamec-expo-2018-04-150x150.jpeg\" class=\"attachment-thumbnail size-thumbnail\" alt=\"Anfamec Expo 2018\" \/><\/a>\n\t\t\t<\/div><\/figure><figure class='gallery-item'>\n\t\t\t<div class='gallery-icon landscape'>\n\t\t\t\t<a href='https:\/\/anfamec.com.br\/es\/wp-content\/uploads\/2023\/03\/anfamec-expo-2018-05.jpg'><img loading=\"lazy\" decoding=\"async\" width=\"150\" height=\"150\" src=\"https:\/\/anfamec.com.br\/es\/wp-content\/uploads\/2023\/03\/anfamec-expo-2018-05-150x150.jpg\" class=\"attachment-thumbnail size-thumbnail\" alt=\"Anfamec Expo 2018\" \/><\/a>\n\t\t\t<\/div><\/figure><figure class='gallery-item'>\n\t\t\t<div class='gallery-icon landscape'>\n\t\t\t\t<a href='https:\/\/anfamec.com.br\/es\/wp-content\/uploads\/2023\/03\/anfamec-expo-2018-06.jpeg'><img loading=\"lazy\" decoding=\"async\" width=\"150\" height=\"150\" src=\"https:\/\/anfamec.com.br\/es\/wp-content\/uploads\/2023\/03\/anfamec-expo-2018-06-150x150.jpeg\" class=\"attachment-thumbnail size-thumbnail\" alt=\"Anfamec Expo 2018\" \/><\/a>\n\t\t\t<\/div><\/figure><figure class='gallery-item'>\n\t\t\t<div class='gallery-icon landscape'>\n\t\t\t\t<a href='https:\/\/anfamec.com.br\/es\/wp-content\/uploads\/2023\/03\/anfamec-expo-2018-07.jpeg'><img loading=\"lazy\" decoding=\"async\" width=\"150\" height=\"150\" src=\"https:\/\/anfamec.com.br\/es\/wp-content\/uploads\/2023\/03\/anfamec-expo-2018-07-150x150.jpeg\" class=\"attachment-thumbnail size-thumbnail\" alt=\"Anfamec Expo 2018\" \/><\/a>\n\t\t\t<\/div><\/figure><figure class='gallery-item'>\n\t\t\t<div class='gallery-icon landscape'>\n\t\t\t\t<a href='https:\/\/anfamec.com.br\/es\/wp-content\/uploads\/2023\/03\/anfamec-expo-2018-08.jpg'><img loading=\"lazy\" decoding=\"async\" width=\"150\" height=\"150\" src=\"https:\/\/anfamec.com.br\/es\/wp-content\/uploads\/2023\/03\/anfamec-expo-2018-08-150x150.jpg\" class=\"attachment-thumbnail size-thumbnail\" alt=\"Anfamec Expo 2018\" \/><\/a>\n\t\t\t<\/div><\/figure><figure class='gallery-item'>\n\t\t\t<div class='gallery-icon portrait'>\n\t\t\t\t<a href='https:\/\/anfamec.com.br\/es\/wp-content\/uploads\/2023\/03\/anfamec-expo-2018-09.jpg'><img loading=\"lazy\" decoding=\"async\" width=\"150\" height=\"150\" src=\"https:\/\/anfamec.com.br\/es\/wp-content\/uploads\/2023\/03\/anfamec-expo-2018-09-150x150.jpg\" class=\"attachment-thumbnail size-thumbnail\" alt=\"Anfamec Expo 2018\" \/><\/a>\n\t\t\t<\/div><\/figure><figure class='gallery-item'>\n\t\t\t<div class='gallery-icon portrait'>\n\t\t\t\t<a href='https:\/\/anfamec.com.br\/es\/wp-content\/uploads\/2023\/03\/anfamec-expo-2018-10.jpg'><img loading=\"lazy\" decoding=\"async\" width=\"150\" height=\"150\" src=\"https:\/\/anfamec.com.br\/es\/wp-content\/uploads\/2023\/03\/anfamec-expo-2018-10-150x150.jpg\" class=\"attachment-thumbnail size-thumbnail\" alt=\"Anfamec Expo 2018\" \/><\/a>\n\t\t\t<\/div><\/figure><figure class='gallery-item'>\n\t\t\t<div class='gallery-icon portrait'>\n\t\t\t\t<a href='https:\/\/anfamec.com.br\/es\/wp-content\/uploads\/2023\/03\/anfamec-expo-2018-11.jpg'><img loading=\"lazy\" decoding=\"async\" width=\"150\" height=\"150\" src=\"https:\/\/anfamec.com.br\/es\/wp-content\/uploads\/2023\/03\/anfamec-expo-2018-11-150x150.jpg\" class=\"attachment-thumbnail size-thumbnail\" alt=\"Anfamec Expo 2018\" \/><\/a>\n\t\t\t<\/div><\/figure><figure class='gallery-item'>\n\t\t\t<div class='gallery-icon portrait'>\n\t\t\t\t<a href='https:\/\/anfamec.com.br\/es\/wp-content\/uploads\/2023\/03\/anfamec-expo-2018-12.jpg'><img loading=\"lazy\" decoding=\"async\" width=\"150\" height=\"150\" src=\"https:\/\/anfamec.com.br\/es\/wp-content\/uploads\/2023\/03\/anfamec-expo-2018-12-150x150.jpg\" class=\"attachment-thumbnail size-thumbnail\" alt=\"Anfamec Expo 2018\" \/><\/a>\n\t\t\t<\/div><\/figure><figure class='gallery-item'>\n\t\t\t<div class='gallery-icon landscape'>\n\t\t\t\t<a href='https:\/\/anfamec.com.br\/es\/wp-content\/uploads\/2023\/03\/anfamec-expo-2018-13.jpg'><img loading=\"lazy\" decoding=\"async\" width=\"150\" height=\"150\" src=\"https:\/\/anfamec.com.br\/es\/wp-content\/uploads\/2023\/03\/anfamec-expo-2018-13-150x150.jpg\" class=\"attachment-thumbnail size-thumbnail\" alt=\"Anfamec Expo 2018\" \/><\/a>\n\t\t\t<\/div><\/figure><figure class='gallery-item'>\n\t\t\t<div class='gallery-icon portrait'>\n\t\t\t\t<a href='https:\/\/anfamec.com.br\/es\/wp-content\/uploads\/2023\/03\/anfamec-expo-2018-14.jpg'><img loading=\"lazy\" decoding=\"async\" width=\"150\" height=\"150\" src=\"https:\/\/anfamec.com.br\/es\/wp-content\/uploads\/2023\/03\/anfamec-expo-2018-14-150x150.jpg\" class=\"attachment-thumbnail size-thumbnail\" alt=\"Anfamec Expo 2018\" \/><\/a>\n\t\t\t<\/div><\/figure><figure class='gallery-item'>\n\t\t\t<div class='gallery-icon landscape'>\n\t\t\t\t<a href='https:\/\/anfamec.com.br\/es\/wp-content\/uploads\/2023\/03\/anfamec-expo-2018-15.jpeg'><img loading=\"lazy\" decoding=\"async\" width=\"150\" height=\"150\" src=\"https:\/\/anfamec.com.br\/es\/wp-content\/uploads\/2023\/03\/anfamec-expo-2018-15-150x150.jpeg\" class=\"attachment-thumbnail size-thumbnail\" alt=\"Anfamec Expo 2018\" \/><\/a>\n\t\t\t<\/div><\/figure>\n\t\t<\/div>\n<\/div>\n\t\t\t\t\t\t<\/div>\n\t\t\t\t<\/div>\n\t\t\t\t\t<\/div>\n\t\t<\/div>\n\t\t\t\t\t<\/div>\n\t\t<\/section>\n\t\t\t\t<section class=\"elementor-section elementor-top-section elementor-element elementor-element-2d750764 elementor-section-boxed elementor-section-height-default elementor-section-height-default\" data-id=\"2d750764\" data-element_type=\"section\" data-e-type=\"section\">\n\t\t\t\t\t\t<div class=\"elementor-container elementor-column-gap-default\">\n\t\t\t\t\t<div class=\"elementor-column elementor-col-100 elementor-top-column elementor-element elementor-element-4d63b6a2\" data-id=\"4d63b6a2\" data-element_type=\"column\" data-e-type=\"column\">\n\t\t\t<div class=\"elementor-widget-wrap elementor-element-populated\">\n\t\t\t\t\t\t<div class=\"elementor-element elementor-element-43bec2cb elementor-widget elementor-widget-video\" data-id=\"43bec2cb\" data-element_type=\"widget\" data-e-type=\"widget\" data-settings=\"{&quot;video_type&quot;:&quot;hosted&quot;,&quot;start&quot;:2,&quot;controls&quot;:&quot;yes&quot;}\" data-widget_type=\"video.default\">\n\t\t\t\t<div class=\"elementor-widget-container\">\n\t\t\t\t\t\t\t<div class=\"e-hosted-video elementor-wrapper elementor-open-inline\">\n\t\t\t\t\t<video class=\"elementor-video\" src=\"https:\/\/anfamec.com.br\/es\/wp-content\/uploads\/2023\/03\/anfamec2015efeira.mp4#t=2\" controls=\"\" preload=\"metadata\" controlsList=\"nodownload\"><\/video>\n\t\t\t\t<\/div>\n\t\t\t\t\t\t<\/div>\n\t\t\t\t<\/div>\n\t\t\t\t\t<\/div>\n\t\t<\/div>\n\t\t\t\t\t<\/div>\n\t\t<\/section>\n\t\t\t\t<\/div>\n\t\t","protected":false},"excerpt":{"rendered":"<p>La Segunda Edici\u00f3n se celebr\u00f3 del 22 al 24 de agosto de 2018, en el Expo D. Pedro, en Campinas\/SP, y sirvi\u00f3 como un importante indicador de la recuperaci\u00f3n de la Industria de Cer\u00e1mica Vermelha, cuando tuvimos la presencia de m\u00e1s de 1.300 empresarios y t\u00e9cnicos realizando negocios y discutiendo temas relevantes para el Sector. [&hellip;]<\/p>\n","protected":false},"author":4,"featured_media":0,"parent":2064,"menu_order":0,"comment_status":"closed","ping_status":"closed","template":"","meta":{"_acf_changed":false,"footnotes":""},"class_list":["post-2153","page","type-page","status-publish","hentry"],"acf":[],"yoast_head":"<!-- This site is optimized with the Yoast SEO plugin v27.4 - https:\/\/yoast.com\/product\/yoast-seo-wordpress\/ -->\n<title>Anfamec Expo 2018 | ANFAMEC<\/title>\n<meta name=\"robots\" content=\"index, follow, max-snippet:-1, max-image-preview:large, max-video-preview:-1\" \/>\n<link rel=\"canonical\" href=\"https:\/\/anfamec.com.br\/es\/anfamec-expo\/anfamec-expo-2018\/\" \/>\n<meta property=\"og:locale\" content=\"pt_BR\" \/>\n<meta property=\"og:type\" content=\"article\" \/>\n<meta property=\"og:title\" content=\"Anfamec Expo 2018 | ANFAMEC\" \/>\n<meta property=\"og:description\" content=\"La Segunda Edici\u00f3n se celebr\u00f3 del 22 al 24 de agosto de 2018, en el Expo D. Pedro, en Campinas\/SP, y sirvi\u00f3 como un importante indicador de la recuperaci\u00f3n de la Industria de Cer\u00e1mica Vermelha, cuando tuvimos la presencia de m\u00e1s de 1.300 empresarios y t\u00e9cnicos realizando negocios y discutiendo temas relevantes para el Sector. [&hellip;]\" \/>\n<meta property=\"og:url\" content=\"https:\/\/anfamec.com.br\/es\/anfamec-expo\/anfamec-expo-2018\/\" \/>\n<meta property=\"og:site_name\" content=\"ANFAMEC\" \/>\n<meta property=\"article:modified_time\" content=\"2024-10-10T16:32:03+00:00\" \/>\n<meta property=\"og:image\" content=\"https:\/\/anfamec.com.br\/es\/wp-content\/uploads\/2023\/03\/anfamec-expo-2018-01-150x150.jpg\" \/>\n<meta name=\"twitter:card\" content=\"summary_large_image\" \/>\n<meta name=\"twitter:label1\" content=\"Est. tempo de leitura\" \/>\n\t<meta name=\"twitter:data1\" content=\"2 minutos\" \/>\n<script type=\"application\/ld+json\" class=\"yoast-schema-graph\">{\"@context\":\"https:\\\/\\\/schema.org\",\"@graph\":[{\"@type\":\"WebPage\",\"@id\":\"https:\\\/\\\/anfamec.com.br\\\/es\\\/anfamec-expo\\\/anfamec-expo-2018\\\/\",\"url\":\"https:\\\/\\\/anfamec.com.br\\\/es\\\/anfamec-expo\\\/anfamec-expo-2018\\\/\",\"name\":\"Anfamec Expo 2018 | ANFAMEC\",\"isPartOf\":{\"@id\":\"https:\\\/\\\/anfamec.com.br\\\/es\\\/#website\"},\"primaryImageOfPage\":{\"@id\":\"https:\\\/\\\/anfamec.com.br\\\/es\\\/anfamec-expo\\\/anfamec-expo-2018\\\/#primaryimage\"},\"image\":{\"@id\":\"https:\\\/\\\/anfamec.com.br\\\/es\\\/anfamec-expo\\\/anfamec-expo-2018\\\/#primaryimage\"},\"thumbnailUrl\":\"https:\\\/\\\/anfamec.com.br\\\/es\\\/wp-content\\\/uploads\\\/2023\\\/03\\\/anfamec-expo-2018-1024x287.png\",\"datePublished\":\"2023-03-16T21:12:38+00:00\",\"dateModified\":\"2024-10-10T16:32:03+00:00\",\"breadcrumb\":{\"@id\":\"https:\\\/\\\/anfamec.com.br\\\/es\\\/anfamec-expo\\\/anfamec-expo-2018\\\/#breadcrumb\"},\"inLanguage\":\"pt-BR\",\"potentialAction\":[{\"@type\":\"ReadAction\",\"target\":[\"https:\\\/\\\/anfamec.com.br\\\/es\\\/anfamec-expo\\\/anfamec-expo-2018\\\/\"]}]},{\"@type\":\"ImageObject\",\"inLanguage\":\"pt-BR\",\"@id\":\"https:\\\/\\\/anfamec.com.br\\\/es\\\/anfamec-expo\\\/anfamec-expo-2018\\\/#primaryimage\",\"url\":\"https:\\\/\\\/anfamec.com.br\\\/es\\\/wp-content\\\/uploads\\\/2023\\\/03\\\/anfamec-expo-2018.png\",\"contentUrl\":\"https:\\\/\\\/anfamec.com.br\\\/es\\\/wp-content\\\/uploads\\\/2023\\\/03\\\/anfamec-expo-2018.png\",\"width\":1299,\"height\":364},{\"@type\":\"BreadcrumbList\",\"@id\":\"https:\\\/\\\/anfamec.com.br\\\/es\\\/anfamec-expo\\\/anfamec-expo-2018\\\/#breadcrumb\",\"itemListElement\":[{\"@type\":\"ListItem\",\"position\":1,\"name\":\"In\u00edcio\",\"item\":\"https:\\\/\\\/anfamec.com.br\\\/es\\\/\"},{\"@type\":\"ListItem\",\"position\":2,\"name\":\"ANFAMEC EXPO\",\"item\":\"https:\\\/\\\/anfamec.com.br\\\/es\\\/anfamec-expo\\\/\"},{\"@type\":\"ListItem\",\"position\":3,\"name\":\"Anfamec Expo 2018\"}]},{\"@type\":\"WebSite\",\"@id\":\"https:\\\/\\\/anfamec.com.br\\\/es\\\/#website\",\"url\":\"https:\\\/\\\/anfamec.com.br\\\/es\\\/\",\"name\":\"ANFAMEC\",\"description\":\"Associa\u00e7\u00e3o Nacional de Fabricantes de M\u00e1quinas e Equipamentos para Ind\u00fastria Cer\u00e2mica\",\"publisher\":{\"@id\":\"https:\\\/\\\/anfamec.com.br\\\/es\\\/#organization\"},\"potentialAction\":[{\"@type\":\"SearchAction\",\"target\":{\"@type\":\"EntryPoint\",\"urlTemplate\":\"https:\\\/\\\/anfamec.com.br\\\/es\\\/?s={search_term_string}\"},\"query-input\":{\"@type\":\"PropertyValueSpecification\",\"valueRequired\":true,\"valueName\":\"search_term_string\"}}],\"inLanguage\":\"pt-BR\"},{\"@type\":\"Organization\",\"@id\":\"https:\\\/\\\/anfamec.com.br\\\/es\\\/#organization\",\"name\":\"ANFAMEC\",\"url\":\"https:\\\/\\\/anfamec.com.br\\\/es\\\/\",\"logo\":{\"@type\":\"ImageObject\",\"inLanguage\":\"pt-BR\",\"@id\":\"https:\\\/\\\/anfamec.com.br\\\/es\\\/#\\\/schema\\\/logo\\\/image\\\/\",\"url\":\"https:\\\/\\\/anfamec.com.br\\\/es\\\/wp-content\\\/uploads\\\/2023\\\/01\\\/logotipo-anfamec.jpg\",\"contentUrl\":\"https:\\\/\\\/anfamec.com.br\\\/es\\\/wp-content\\\/uploads\\\/2023\\\/01\\\/logotipo-anfamec.jpg\",\"width\":696,\"height\":696,\"caption\":\"ANFAMEC\"},\"image\":{\"@id\":\"https:\\\/\\\/anfamec.com.br\\\/es\\\/#\\\/schema\\\/logo\\\/image\\\/\"}}]}<\/script>\n<!-- \/ Yoast SEO plugin. -->","yoast_head_json":{"title":"Anfamec Expo 2018 | ANFAMEC","robots":{"index":"index","follow":"follow","max-snippet":"max-snippet:-1","max-image-preview":"max-image-preview:large","max-video-preview":"max-video-preview:-1"},"canonical":"https:\/\/anfamec.com.br\/es\/anfamec-expo\/anfamec-expo-2018\/","og_locale":"pt_BR","og_type":"article","og_title":"Anfamec Expo 2018 | ANFAMEC","og_description":"La Segunda Edici\u00f3n se celebr\u00f3 del 22 al 24 de agosto de 2018, en el Expo D. Pedro, en Campinas\/SP, y sirvi\u00f3 como un importante indicador de la recuperaci\u00f3n de la Industria de Cer\u00e1mica Vermelha, cuando tuvimos la presencia de m\u00e1s de 1.300 empresarios y t\u00e9cnicos realizando negocios y discutiendo temas relevantes para el Sector. [&hellip;]","og_url":"https:\/\/anfamec.com.br\/es\/anfamec-expo\/anfamec-expo-2018\/","og_site_name":"ANFAMEC","article_modified_time":"2024-10-10T16:32:03+00:00","og_image":[{"url":"https:\/\/anfamec.com.br\/es\/wp-content\/uploads\/2023\/03\/anfamec-expo-2018-01-150x150.jpg","type":"","width":"","height":""}],"twitter_card":"summary_large_image","twitter_misc":{"Est. tempo de leitura":"2 minutos"},"schema":{"@context":"https:\/\/schema.org","@graph":[{"@type":"WebPage","@id":"https:\/\/anfamec.com.br\/es\/anfamec-expo\/anfamec-expo-2018\/","url":"https:\/\/anfamec.com.br\/es\/anfamec-expo\/anfamec-expo-2018\/","name":"Anfamec Expo 2018 | ANFAMEC","isPartOf":{"@id":"https:\/\/anfamec.com.br\/es\/#website"},"primaryImageOfPage":{"@id":"https:\/\/anfamec.com.br\/es\/anfamec-expo\/anfamec-expo-2018\/#primaryimage"},"image":{"@id":"https:\/\/anfamec.com.br\/es\/anfamec-expo\/anfamec-expo-2018\/#primaryimage"},"thumbnailUrl":"https:\/\/anfamec.com.br\/es\/wp-content\/uploads\/2023\/03\/anfamec-expo-2018-1024x287.png","datePublished":"2023-03-16T21:12:38+00:00","dateModified":"2024-10-10T16:32:03+00:00","breadcrumb":{"@id":"https:\/\/anfamec.com.br\/es\/anfamec-expo\/anfamec-expo-2018\/#breadcrumb"},"inLanguage":"pt-BR","potentialAction":[{"@type":"ReadAction","target":["https:\/\/anfamec.com.br\/es\/anfamec-expo\/anfamec-expo-2018\/"]}]},{"@type":"ImageObject","inLanguage":"pt-BR","@id":"https:\/\/anfamec.com.br\/es\/anfamec-expo\/anfamec-expo-2018\/#primaryimage","url":"https:\/\/anfamec.com.br\/es\/wp-content\/uploads\/2023\/03\/anfamec-expo-2018.png","contentUrl":"https:\/\/anfamec.com.br\/es\/wp-content\/uploads\/2023\/03\/anfamec-expo-2018.png","width":1299,"height":364},{"@type":"BreadcrumbList","@id":"https:\/\/anfamec.com.br\/es\/anfamec-expo\/anfamec-expo-2018\/#breadcrumb","itemListElement":[{"@type":"ListItem","position":1,"name":"In\u00edcio","item":"https:\/\/anfamec.com.br\/es\/"},{"@type":"ListItem","position":2,"name":"ANFAMEC EXPO","item":"https:\/\/anfamec.com.br\/es\/anfamec-expo\/"},{"@type":"ListItem","position":3,"name":"Anfamec Expo 2018"}]},{"@type":"WebSite","@id":"https:\/\/anfamec.com.br\/es\/#website","url":"https:\/\/anfamec.com.br\/es\/","name":"ANFAMEC","description":"Associa\u00e7\u00e3o Nacional de Fabricantes de M\u00e1quinas e Equipamentos para Ind\u00fastria Cer\u00e2mica","publisher":{"@id":"https:\/\/anfamec.com.br\/es\/#organization"},"potentialAction":[{"@type":"SearchAction","target":{"@type":"EntryPoint","urlTemplate":"https:\/\/anfamec.com.br\/es\/?s={search_term_string}"},"query-input":{"@type":"PropertyValueSpecification","valueRequired":true,"valueName":"search_term_string"}}],"inLanguage":"pt-BR"},{"@type":"Organization","@id":"https:\/\/anfamec.com.br\/es\/#organization","name":"ANFAMEC","url":"https:\/\/anfamec.com.br\/es\/","logo":{"@type":"ImageObject","inLanguage":"pt-BR","@id":"https:\/\/anfamec.com.br\/es\/#\/schema\/logo\/image\/","url":"https:\/\/anfamec.com.br\/es\/wp-content\/uploads\/2023\/01\/logotipo-anfamec.jpg","contentUrl":"https:\/\/anfamec.com.br\/es\/wp-content\/uploads\/2023\/01\/logotipo-anfamec.jpg","width":696,"height":696,"caption":"ANFAMEC"},"image":{"@id":"https:\/\/anfamec.com.br\/es\/#\/schema\/logo\/image\/"}}]}},"_links":{"self":[{"href":"https:\/\/anfamec.com.br\/es\/wp-json\/wp\/v2\/pages\/2153","targetHints":{"allow":["GET"]}}],"collection":[{"href":"https:\/\/anfamec.com.br\/es\/wp-json\/wp\/v2\/pages"}],"about":[{"href":"https:\/\/anfamec.com.br\/es\/wp-json\/wp\/v2\/types\/page"}],"author":[{"embeddable":true,"href":"https:\/\/anfamec.com.br\/es\/wp-json\/wp\/v2\/users\/4"}],"replies":[{"embeddable":true,"href":"https:\/\/anfamec.com.br\/es\/wp-json\/wp\/v2\/comments?post=2153"}],"version-history":[{"count":17,"href":"https:\/\/anfamec.com.br\/es\/wp-json\/wp\/v2\/pages\/2153\/revisions"}],"predecessor-version":[{"id":15114,"href":"https:\/\/anfamec.com.br\/es\/wp-json\/wp\/v2\/pages\/2153\/revisions\/15114"}],"up":[{"embeddable":true,"href":"https:\/\/anfamec.com.br\/es\/wp-json\/wp\/v2\/pages\/2064"}],"wp:attachment":[{"href":"https:\/\/anfamec.com.br\/es\/wp-json\/wp\/v2\/media?parent=2153"}],"curies":[{"name":"wp","href":"https:\/\/api.w.org\/{rel}","templated":true}]}}