{"id":2262,"date":"2023-03-17T03:35:10","date_gmt":"2023-03-17T03:35:10","guid":{"rendered":"https:\/\/anfamec.com.br\/es\/?page_id=2262"},"modified":"2024-10-10T15:33:45","modified_gmt":"2024-10-10T18:33:45","slug":"quarta-feira-da-ceramica","status":"publish","type":"page","link":"https:\/\/anfamec.com.br\/es\/quarta-feira-da-ceramica\/","title":{"rendered":"Quarta-feira da Cer\u00e2mica"},"content":{"rendered":"\t\t<div data-elementor-type=\"wp-page\" data-elementor-id=\"2262\" class=\"elementor elementor-2262\" data-elementor-post-type=\"page\">\n\t\t\t\t\t\t<section class=\"elementor-section elementor-top-section elementor-element elementor-element-4143b03d elementor-section-boxed elementor-section-height-default elementor-section-height-default\" data-id=\"4143b03d\" data-element_type=\"section\" data-e-type=\"section\">\n\t\t\t\t\t\t<div class=\"elementor-container elementor-column-gap-default\">\n\t\t\t\t\t<div class=\"elementor-column elementor-col-100 elementor-top-column elementor-element elementor-element-5d425020\" data-id=\"5d425020\" data-element_type=\"column\" data-e-type=\"column\">\n\t\t\t<div class=\"elementor-widget-wrap elementor-element-populated\">\n\t\t\t\t\t\t<div class=\"elementor-element elementor-element-373dd972 elementor-widget elementor-widget-image\" data-id=\"373dd972\" data-element_type=\"widget\" data-e-type=\"widget\" data-widget_type=\"image.default\">\n\t\t\t\t<div class=\"elementor-widget-container\">\n\t\t\t\t\t\t\t\t\t\t\t\t\t\t\t<img fetchpriority=\"high\" decoding=\"async\" width=\"567\" height=\"290\" src=\"https:\/\/anfamec.com.br\/es\/wp-content\/uploads\/2023\/03\/quarta-feira-da-ceramica-anfamec.jpg\" class=\"attachment-large size-large wp-image-2263\" alt=\"Quarta-feira da Cer\u00e2mica Anfamec\" srcset=\"https:\/\/anfamec.com.br\/es\/wp-content\/uploads\/2023\/03\/quarta-feira-da-ceramica-anfamec.jpg 567w, https:\/\/anfamec.com.br\/es\/wp-content\/uploads\/2023\/03\/quarta-feira-da-ceramica-anfamec-300x153.jpg 300w, https:\/\/anfamec.com.br\/es\/wp-content\/uploads\/2023\/03\/quarta-feira-da-ceramica-anfamec-150x77.jpg 150w, https:\/\/anfamec.com.br\/es\/wp-content\/uploads\/2023\/03\/quarta-feira-da-ceramica-anfamec-310x159.jpg 310w\" sizes=\"(max-width: 567px) 100vw, 567px\" \/>\t\t\t\t\t\t\t\t\t\t\t\t\t\t\t<\/div>\n\t\t\t\t<\/div>\n\t\t\t\t<div class=\"elementor-element elementor-element-763f2fe9 elementor-widget elementor-widget-text-editor\" data-id=\"763f2fe9\" data-element_type=\"widget\" data-e-type=\"widget\" data-widget_type=\"text-editor.default\">\n\t\t\t\t<div class=\"elementor-widget-container\">\n\t\t\t\t\t\t\t\t\t<p>Proyecto desarrollado por <strong>ANFAMEC<\/strong>,\u00a0<strong>&#8220;Quarta-feira da Cer\u00e2mica&#8221;<\/strong>\u00a0es un evento en l\u00ednea, con conferencias interactivas, que presenta soluciones accesibles a todos los niveles de conocimiento, centr\u00e1ndose en los empresarios cer\u00e1micos y sus empleados. Las conferencias son promovidas exclusivamente por proveedores asociados. \u201cEl principal objetivo es difundir m\u00e1s conocimientos t\u00e9cnicos en el sector, utilizando Internet, que permite a todos, de forma democr\u00e1tica, acceder dondequiera que est\u00e9n. Tambi\u00e9n queremos brindar a los afiliados un canal para que puedan presentar a sus clientes los temas que dominan y que pueden aportar al sector\u201d, destaca el presidente de <strong>ANFAMEC<\/strong>, Agnaldo Bertan.<\/p>\t\t\t\t\t\t\t\t<\/div>\n\t\t\t\t<\/div>\n\t\t\t\t\t<\/div>\n\t\t<\/div>\n\t\t\t\t\t<\/div>\n\t\t<\/section>\n\t\t\t\t<section class=\"elementor-section elementor-top-section elementor-element elementor-element-2a9f3e12 elementor-section-boxed elementor-section-height-default elementor-section-height-default\" data-id=\"2a9f3e12\" data-element_type=\"section\" data-e-type=\"section\">\n\t\t\t\t\t\t<div class=\"elementor-container elementor-column-gap-default\">\n\t\t\t\t\t<div class=\"elementor-column elementor-col-100 elementor-top-column elementor-element elementor-element-4267b0eb\" data-id=\"4267b0eb\" data-element_type=\"column\" data-e-type=\"column\">\n\t\t\t<div class=\"elementor-widget-wrap elementor-element-populated\">\n\t\t\t\t\t\t<div class=\"elementor-element elementor-element-3c76a4c5 elementor-align-center botao elementor-widget elementor-widget-button\" data-id=\"3c76a4c5\" data-element_type=\"widget\" data-e-type=\"widget\" data-widget_type=\"button.default\">\n\t\t\t\t<div class=\"elementor-widget-container\">\n\t\t\t\t\t\t\t\t\t<div class=\"elementor-button-wrapper\">\n\t\t\t\t\t<a class=\"elementor-button elementor-button-link elementor-size-sm\" href=\"https:\/\/www.youtube.com\/@anfamecanfamec2523\/streams\">\n\t\t\t\t\t\t<span class=\"elementor-button-content-wrapper\">\n\t\t\t\t\t\t<span class=\"elementor-button-icon\">\n\t\t\t\t<i aria-hidden=\"true\" class=\"fab fa-youtube\"><\/i>\t\t\t<\/span>\n\t\t\t\t\t\t\t\t\t<span class=\"elementor-button-text\">VER V\u00cdDEOS<\/span>\n\t\t\t\t\t<\/span>\n\t\t\t\t\t<\/a>\n\t\t\t\t<\/div>\n\t\t\t\t\t\t\t\t<\/div>\n\t\t\t\t<\/div>\n\t\t\t\t\t<\/div>\n\t\t<\/div>\n\t\t\t\t\t<\/div>\n\t\t<\/section>\n\t\t\t\t<\/div>\n\t\t","protected":false},"excerpt":{"rendered":"<p>Proyecto desarrollado por ANFAMEC,\u00a0&#8220;Quarta-feira da Cer\u00e2mica&#8221;\u00a0es un evento en l\u00ednea, con conferencias interactivas, que presenta soluciones accesibles a todos los niveles de conocimiento, centr\u00e1ndose en los empresarios cer\u00e1micos y sus empleados. Las conferencias son promovidas exclusivamente por proveedores asociados. \u201cEl principal objetivo es difundir m\u00e1s conocimientos t\u00e9cnicos en el sector, utilizando Internet, que permite a [&hellip;]<\/p>\n","protected":false},"author":4,"featured_media":0,"parent":0,"menu_order":0,"comment_status":"closed","ping_status":"closed","template":"","meta":{"_acf_changed":false,"footnotes":""},"class_list":["post-2262","page","type-page","status-publish","hentry"],"acf":[],"yoast_head":"<!-- This site is optimized with the Yoast SEO plugin v27.4 - https:\/\/yoast.com\/product\/yoast-seo-wordpress\/ -->\n<title>Quarta-feira da Cer\u00e2mica | ANFAMEC<\/title>\n<meta name=\"robots\" content=\"index, follow, max-snippet:-1, max-image-preview:large, max-video-preview:-1\" \/>\n<link rel=\"canonical\" href=\"https:\/\/anfamec.com.br\/es\/quarta-feira-da-ceramica\/\" \/>\n<meta property=\"og:locale\" content=\"pt_BR\" \/>\n<meta property=\"og:type\" content=\"article\" \/>\n<meta property=\"og:title\" content=\"Quarta-feira da Cer\u00e2mica | ANFAMEC\" \/>\n<meta property=\"og:description\" content=\"Proyecto desarrollado por ANFAMEC,\u00a0&#8220;Quarta-feira da Cer\u00e2mica&#8221;\u00a0es un evento en l\u00ednea, con conferencias interactivas, que presenta soluciones accesibles a todos los niveles de conocimiento, centr\u00e1ndose en los empresarios cer\u00e1micos y sus empleados. Las conferencias son promovidas exclusivamente por proveedores asociados. \u201cEl principal objetivo es difundir m\u00e1s conocimientos t\u00e9cnicos en el sector, utilizando Internet, que permite a [&hellip;]\" \/>\n<meta property=\"og:url\" content=\"https:\/\/anfamec.com.br\/es\/quarta-feira-da-ceramica\/\" \/>\n<meta property=\"og:site_name\" content=\"ANFAMEC\" \/>\n<meta property=\"article:modified_time\" content=\"2024-10-10T18:33:45+00:00\" \/>\n<meta property=\"og:image\" content=\"https:\/\/anfamec.com.br\/es\/wp-content\/uploads\/2023\/03\/quarta-feira-da-ceramica-anfamec.jpg\" \/>\n\t<meta property=\"og:image:width\" content=\"567\" \/>\n\t<meta property=\"og:image:height\" content=\"290\" \/>\n\t<meta property=\"og:image:type\" content=\"image\/jpeg\" \/>\n<meta name=\"twitter:card\" content=\"summary_large_image\" \/>\n<meta name=\"twitter:label1\" content=\"Est. tempo de leitura\" \/>\n\t<meta name=\"twitter:data1\" content=\"1 minuto\" \/>\n<script type=\"application\/ld+json\" class=\"yoast-schema-graph\">{\"@context\":\"https:\\\/\\\/schema.org\",\"@graph\":[{\"@type\":\"WebPage\",\"@id\":\"https:\\\/\\\/anfamec.com.br\\\/es\\\/quarta-feira-da-ceramica\\\/\",\"url\":\"https:\\\/\\\/anfamec.com.br\\\/es\\\/quarta-feira-da-ceramica\\\/\",\"name\":\"Quarta-feira da Cer\u00e2mica | ANFAMEC\",\"isPartOf\":{\"@id\":\"https:\\\/\\\/anfamec.com.br\\\/es\\\/#website\"},\"primaryImageOfPage\":{\"@id\":\"https:\\\/\\\/anfamec.com.br\\\/es\\\/quarta-feira-da-ceramica\\\/#primaryimage\"},\"image\":{\"@id\":\"https:\\\/\\\/anfamec.com.br\\\/es\\\/quarta-feira-da-ceramica\\\/#primaryimage\"},\"thumbnailUrl\":\"https:\\\/\\\/anfamec.com.br\\\/es\\\/wp-content\\\/uploads\\\/2023\\\/03\\\/quarta-feira-da-ceramica-anfamec.jpg\",\"datePublished\":\"2023-03-17T03:35:10+00:00\",\"dateModified\":\"2024-10-10T18:33:45+00:00\",\"breadcrumb\":{\"@id\":\"https:\\\/\\\/anfamec.com.br\\\/es\\\/quarta-feira-da-ceramica\\\/#breadcrumb\"},\"inLanguage\":\"pt-BR\",\"potentialAction\":[{\"@type\":\"ReadAction\",\"target\":[\"https:\\\/\\\/anfamec.com.br\\\/es\\\/quarta-feira-da-ceramica\\\/\"]}]},{\"@type\":\"ImageObject\",\"inLanguage\":\"pt-BR\",\"@id\":\"https:\\\/\\\/anfamec.com.br\\\/es\\\/quarta-feira-da-ceramica\\\/#primaryimage\",\"url\":\"https:\\\/\\\/anfamec.com.br\\\/es\\\/wp-content\\\/uploads\\\/2023\\\/03\\\/quarta-feira-da-ceramica-anfamec.jpg\",\"contentUrl\":\"https:\\\/\\\/anfamec.com.br\\\/es\\\/wp-content\\\/uploads\\\/2023\\\/03\\\/quarta-feira-da-ceramica-anfamec.jpg\",\"width\":567,\"height\":290,\"caption\":\"Quarta-feira da Cer\u00e2mica Anfamec\"},{\"@type\":\"BreadcrumbList\",\"@id\":\"https:\\\/\\\/anfamec.com.br\\\/es\\\/quarta-feira-da-ceramica\\\/#breadcrumb\",\"itemListElement\":[{\"@type\":\"ListItem\",\"position\":1,\"name\":\"In\u00edcio\",\"item\":\"https:\\\/\\\/anfamec.com.br\\\/es\\\/\"},{\"@type\":\"ListItem\",\"position\":2,\"name\":\"Quarta-feira da Cer\u00e2mica\"}]},{\"@type\":\"WebSite\",\"@id\":\"https:\\\/\\\/anfamec.com.br\\\/es\\\/#website\",\"url\":\"https:\\\/\\\/anfamec.com.br\\\/es\\\/\",\"name\":\"ANFAMEC\",\"description\":\"Associa\u00e7\u00e3o Nacional de Fabricantes de M\u00e1quinas e Equipamentos para Ind\u00fastria Cer\u00e2mica\",\"publisher\":{\"@id\":\"https:\\\/\\\/anfamec.com.br\\\/es\\\/#organization\"},\"potentialAction\":[{\"@type\":\"SearchAction\",\"target\":{\"@type\":\"EntryPoint\",\"urlTemplate\":\"https:\\\/\\\/anfamec.com.br\\\/es\\\/?s={search_term_string}\"},\"query-input\":{\"@type\":\"PropertyValueSpecification\",\"valueRequired\":true,\"valueName\":\"search_term_string\"}}],\"inLanguage\":\"pt-BR\"},{\"@type\":\"Organization\",\"@id\":\"https:\\\/\\\/anfamec.com.br\\\/es\\\/#organization\",\"name\":\"ANFAMEC\",\"url\":\"https:\\\/\\\/anfamec.com.br\\\/es\\\/\",\"logo\":{\"@type\":\"ImageObject\",\"inLanguage\":\"pt-BR\",\"@id\":\"https:\\\/\\\/anfamec.com.br\\\/es\\\/#\\\/schema\\\/logo\\\/image\\\/\",\"url\":\"https:\\\/\\\/anfamec.com.br\\\/es\\\/wp-content\\\/uploads\\\/2023\\\/01\\\/logotipo-anfamec.jpg\",\"contentUrl\":\"https:\\\/\\\/anfamec.com.br\\\/es\\\/wp-content\\\/uploads\\\/2023\\\/01\\\/logotipo-anfamec.jpg\",\"width\":696,\"height\":696,\"caption\":\"ANFAMEC\"},\"image\":{\"@id\":\"https:\\\/\\\/anfamec.com.br\\\/es\\\/#\\\/schema\\\/logo\\\/image\\\/\"}}]}<\/script>\n<!-- \/ Yoast SEO plugin. -->","yoast_head_json":{"title":"Quarta-feira da Cer\u00e2mica | ANFAMEC","robots":{"index":"index","follow":"follow","max-snippet":"max-snippet:-1","max-image-preview":"max-image-preview:large","max-video-preview":"max-video-preview:-1"},"canonical":"https:\/\/anfamec.com.br\/es\/quarta-feira-da-ceramica\/","og_locale":"pt_BR","og_type":"article","og_title":"Quarta-feira da Cer\u00e2mica | ANFAMEC","og_description":"Proyecto desarrollado por ANFAMEC,\u00a0&#8220;Quarta-feira da Cer\u00e2mica&#8221;\u00a0es un evento en l\u00ednea, con conferencias interactivas, que presenta soluciones accesibles a todos los niveles de conocimiento, centr\u00e1ndose en los empresarios cer\u00e1micos y sus empleados. Las conferencias son promovidas exclusivamente por proveedores asociados. \u201cEl principal objetivo es difundir m\u00e1s conocimientos t\u00e9cnicos en el sector, utilizando Internet, que permite a [&hellip;]","og_url":"https:\/\/anfamec.com.br\/es\/quarta-feira-da-ceramica\/","og_site_name":"ANFAMEC","article_modified_time":"2024-10-10T18:33:45+00:00","og_image":[{"width":567,"height":290,"url":"https:\/\/anfamec.com.br\/es\/wp-content\/uploads\/2023\/03\/quarta-feira-da-ceramica-anfamec.jpg","type":"image\/jpeg"}],"twitter_card":"summary_large_image","twitter_misc":{"Est. tempo de leitura":"1 minuto"},"schema":{"@context":"https:\/\/schema.org","@graph":[{"@type":"WebPage","@id":"https:\/\/anfamec.com.br\/es\/quarta-feira-da-ceramica\/","url":"https:\/\/anfamec.com.br\/es\/quarta-feira-da-ceramica\/","name":"Quarta-feira da Cer\u00e2mica | ANFAMEC","isPartOf":{"@id":"https:\/\/anfamec.com.br\/es\/#website"},"primaryImageOfPage":{"@id":"https:\/\/anfamec.com.br\/es\/quarta-feira-da-ceramica\/#primaryimage"},"image":{"@id":"https:\/\/anfamec.com.br\/es\/quarta-feira-da-ceramica\/#primaryimage"},"thumbnailUrl":"https:\/\/anfamec.com.br\/es\/wp-content\/uploads\/2023\/03\/quarta-feira-da-ceramica-anfamec.jpg","datePublished":"2023-03-17T03:35:10+00:00","dateModified":"2024-10-10T18:33:45+00:00","breadcrumb":{"@id":"https:\/\/anfamec.com.br\/es\/quarta-feira-da-ceramica\/#breadcrumb"},"inLanguage":"pt-BR","potentialAction":[{"@type":"ReadAction","target":["https:\/\/anfamec.com.br\/es\/quarta-feira-da-ceramica\/"]}]},{"@type":"ImageObject","inLanguage":"pt-BR","@id":"https:\/\/anfamec.com.br\/es\/quarta-feira-da-ceramica\/#primaryimage","url":"https:\/\/anfamec.com.br\/es\/wp-content\/uploads\/2023\/03\/quarta-feira-da-ceramica-anfamec.jpg","contentUrl":"https:\/\/anfamec.com.br\/es\/wp-content\/uploads\/2023\/03\/quarta-feira-da-ceramica-anfamec.jpg","width":567,"height":290,"caption":"Quarta-feira da Cer\u00e2mica Anfamec"},{"@type":"BreadcrumbList","@id":"https:\/\/anfamec.com.br\/es\/quarta-feira-da-ceramica\/#breadcrumb","itemListElement":[{"@type":"ListItem","position":1,"name":"In\u00edcio","item":"https:\/\/anfamec.com.br\/es\/"},{"@type":"ListItem","position":2,"name":"Quarta-feira da Cer\u00e2mica"}]},{"@type":"WebSite","@id":"https:\/\/anfamec.com.br\/es\/#website","url":"https:\/\/anfamec.com.br\/es\/","name":"ANFAMEC","description":"Associa\u00e7\u00e3o Nacional de Fabricantes de M\u00e1quinas e Equipamentos para Ind\u00fastria Cer\u00e2mica","publisher":{"@id":"https:\/\/anfamec.com.br\/es\/#organization"},"potentialAction":[{"@type":"SearchAction","target":{"@type":"EntryPoint","urlTemplate":"https:\/\/anfamec.com.br\/es\/?s={search_term_string}"},"query-input":{"@type":"PropertyValueSpecification","valueRequired":true,"valueName":"search_term_string"}}],"inLanguage":"pt-BR"},{"@type":"Organization","@id":"https:\/\/anfamec.com.br\/es\/#organization","name":"ANFAMEC","url":"https:\/\/anfamec.com.br\/es\/","logo":{"@type":"ImageObject","inLanguage":"pt-BR","@id":"https:\/\/anfamec.com.br\/es\/#\/schema\/logo\/image\/","url":"https:\/\/anfamec.com.br\/es\/wp-content\/uploads\/2023\/01\/logotipo-anfamec.jpg","contentUrl":"https:\/\/anfamec.com.br\/es\/wp-content\/uploads\/2023\/01\/logotipo-anfamec.jpg","width":696,"height":696,"caption":"ANFAMEC"},"image":{"@id":"https:\/\/anfamec.com.br\/es\/#\/schema\/logo\/image\/"}}]}},"_links":{"self":[{"href":"https:\/\/anfamec.com.br\/es\/wp-json\/wp\/v2\/pages\/2262","targetHints":{"allow":["GET"]}}],"collection":[{"href":"https:\/\/anfamec.com.br\/es\/wp-json\/wp\/v2\/pages"}],"about":[{"href":"https:\/\/anfamec.com.br\/es\/wp-json\/wp\/v2\/types\/page"}],"author":[{"embeddable":true,"href":"https:\/\/anfamec.com.br\/es\/wp-json\/wp\/v2\/users\/4"}],"replies":[{"embeddable":true,"href":"https:\/\/anfamec.com.br\/es\/wp-json\/wp\/v2\/comments?post=2262"}],"version-history":[{"count":14,"href":"https:\/\/anfamec.com.br\/es\/wp-json\/wp\/v2\/pages\/2262\/revisions"}],"predecessor-version":[{"id":15153,"href":"https:\/\/anfamec.com.br\/es\/wp-json\/wp\/v2\/pages\/2262\/revisions\/15153"}],"wp:attachment":[{"href":"https:\/\/anfamec.com.br\/es\/wp-json\/wp\/v2\/media?parent=2262"}],"curies":[{"name":"wp","href":"https:\/\/api.w.org\/{rel}","templated":true}]}}