{"id":33,"date":"2014-10-16T20:07:33","date_gmt":"2014-10-16T20:07:33","guid":{"rendered":"https:\/\/anfamec.com.br\/es\/site\/?page_id=33"},"modified":"2024-10-10T15:19:21","modified_gmt":"2024-10-10T18:19:21","slug":"institucional","status":"publish","type":"page","link":"https:\/\/anfamec.com.br\/es\/institucional\/","title":{"rendered":"Institucional"},"content":{"rendered":"<p style=\"text-align: justify;\"><img fetchpriority=\"high\" decoding=\"async\" class=\"alignleft size-full wp-image-827\" src=\"https:\/\/anfamec.com.br\/es\/site\/wp-content\/uploads\/2014\/10\/mapa_brasil.jpg\" alt=\"mapa_brasil\" width=\"411\" height=\"373\" srcset=\"https:\/\/anfamec.com.br\/es\/wp-content\/uploads\/2014\/10\/mapa_brasil.jpg 411w, https:\/\/anfamec.com.br\/es\/wp-content\/uploads\/2014\/10\/mapa_brasil-300x272.jpg 300w, https:\/\/anfamec.com.br\/es\/wp-content\/uploads\/2014\/10\/mapa_brasil-165x150.jpg 165w, https:\/\/anfamec.com.br\/es\/wp-content\/uploads\/2014\/10\/mapa_brasil-150x136.jpg 150w\" sizes=\"(max-width: 411px) 100vw, 411px\" \/>La Asociaci\u00f3n Nacional de Fabricantes de M\u00e1quinas y Equipos para la Industria Cer\u00e1mica (<strong>ANFAMEC<\/strong>) creada el 22 de marzo de 2013 y luego en sus primeros meses de actividad regiment\u00f3 gran parte de los proveedores de cer\u00e1mica roja, con el objetivo de representar los intereses de los fabricantes de m\u00e1quinas y equipos en el fomento de las nuevas oportunidades para el sector de la industria de cer\u00e1mica roja. La Asociaci\u00f3n est\u00e1 abierta al di\u00e1logo y la construcci\u00f3n conjunta con todas las organizaciones nacionales e internacionales que puedan promover el perfeccionamiento y la calificaci\u00f3n del segmento cer\u00e1mico.<\/p>\n","protected":false},"excerpt":{"rendered":"<p>La Asociaci\u00f3n Nacional de Fabricantes de M\u00e1quinas y Equipos para la Industria Cer\u00e1mica (ANFAMEC) creada el 22 de marzo de 2013 y luego en sus primeros meses de actividad regiment\u00f3 gran parte de los proveedores de cer\u00e1mica roja, con el objetivo de representar los intereses de los fabricantes de m\u00e1quinas y equipos en el fomento [&hellip;]<\/p>\n","protected":false},"author":4,"featured_media":0,"parent":0,"menu_order":0,"comment_status":"closed","ping_status":"open","template":"","meta":{"_acf_changed":false,"footnotes":""},"class_list":["post-33","page","type-page","status-publish","hentry"],"acf":[],"yoast_head":"<!-- This site is optimized with the Yoast SEO plugin v27.4 - https:\/\/yoast.com\/product\/yoast-seo-wordpress\/ -->\n<title>ANFAMEC | Associa\u00e7\u00e3o Nacional dos Fabricantes de M\u00e1quinas e Equipamentos para Ind\u00fastria Cer\u00e2mica | Contato: 11 95341-5000 | Quem Somos<\/title>\n<meta name=\"description\" content=\"A ANFAMEC - Associa\u00e7\u00e3o Nacional dos Fabricantes de M\u00e1quinas e Equipamentos para Ind\u00fastria Cer\u00e2mica tem como miss\u00e3o fomentar o aperfei\u00e7oamento e o crescimento do setor de cer\u00e2mica vermelha nacionalmente, elevando ceramistas, fabricantes, colaboradores e empres\u00e1rios a outros patamares de inova\u00e7\u00e3o, qualifica\u00e7\u00e3o e sustentabilidade.\" \/>\n<meta name=\"robots\" content=\"index, follow, max-snippet:-1, max-image-preview:large, max-video-preview:-1\" \/>\n<link rel=\"canonical\" href=\"https:\/\/anfamec.com.br\/es\/institucional\/\" \/>\n<meta property=\"og:locale\" content=\"pt_BR\" \/>\n<meta property=\"og:type\" content=\"article\" \/>\n<meta property=\"og:title\" content=\"ANFAMEC | Associa\u00e7\u00e3o Nacional dos Fabricantes de M\u00e1quinas e Equipamentos para Ind\u00fastria Cer\u00e2mica | Contato: 11 95341-5000 | Quem Somos\" \/>\n<meta property=\"og:description\" content=\"A ANFAMEC - Associa\u00e7\u00e3o Nacional dos Fabricantes de M\u00e1quinas e Equipamentos para Ind\u00fastria Cer\u00e2mica tem como miss\u00e3o fomentar o aperfei\u00e7oamento e o crescimento do setor de cer\u00e2mica vermelha nacionalmente, elevando ceramistas, fabricantes, colaboradores e empres\u00e1rios a outros patamares de inova\u00e7\u00e3o, qualifica\u00e7\u00e3o e sustentabilidade.\" \/>\n<meta property=\"og:url\" content=\"https:\/\/anfamec.com.br\/es\/institucional\/\" \/>\n<meta property=\"og:site_name\" content=\"ANFAMEC\" \/>\n<meta property=\"article:modified_time\" content=\"2024-10-10T18:19:21+00:00\" \/>\n<meta property=\"og:image\" content=\"https:\/\/anfamec.com.br\/es\/wp-content\/uploads\/2014\/10\/mapa_brasil.jpg\" \/>\n\t<meta property=\"og:image:width\" content=\"411\" \/>\n\t<meta property=\"og:image:height\" content=\"373\" \/>\n\t<meta property=\"og:image:type\" content=\"image\/jpeg\" \/>\n<meta name=\"twitter:card\" content=\"summary_large_image\" \/>\n<meta name=\"twitter:label1\" content=\"Est. tempo de leitura\" \/>\n\t<meta name=\"twitter:data1\" content=\"1 minuto\" \/>\n<script type=\"application\/ld+json\" class=\"yoast-schema-graph\">{\"@context\":\"https:\\\/\\\/schema.org\",\"@graph\":[{\"@type\":\"WebPage\",\"@id\":\"https:\\\/\\\/anfamec.com.br\\\/es\\\/institucional\\\/\",\"url\":\"https:\\\/\\\/anfamec.com.br\\\/es\\\/institucional\\\/\",\"name\":\"ANFAMEC | Associa\u00e7\u00e3o Nacional dos Fabricantes de M\u00e1quinas e Equipamentos para Ind\u00fastria Cer\u00e2mica | Contato: 11 95341-5000 | Quem Somos\",\"isPartOf\":{\"@id\":\"https:\\\/\\\/anfamec.com.br\\\/es\\\/#website\"},\"primaryImageOfPage\":{\"@id\":\"https:\\\/\\\/anfamec.com.br\\\/es\\\/institucional\\\/#primaryimage\"},\"image\":{\"@id\":\"https:\\\/\\\/anfamec.com.br\\\/es\\\/institucional\\\/#primaryimage\"},\"thumbnailUrl\":\"https:\\\/\\\/anfamec.com.br\\\/es\\\/site\\\/wp-content\\\/uploads\\\/2014\\\/10\\\/mapa_brasil.jpg\",\"datePublished\":\"2014-10-16T20:07:33+00:00\",\"dateModified\":\"2024-10-10T18:19:21+00:00\",\"description\":\"A ANFAMEC - Associa\u00e7\u00e3o Nacional dos Fabricantes de M\u00e1quinas e Equipamentos para Ind\u00fastria Cer\u00e2mica tem como miss\u00e3o fomentar o aperfei\u00e7oamento e o crescimento do setor de cer\u00e2mica vermelha nacionalmente, elevando ceramistas, fabricantes, colaboradores e empres\u00e1rios a outros patamares de inova\u00e7\u00e3o, qualifica\u00e7\u00e3o e sustentabilidade.\",\"breadcrumb\":{\"@id\":\"https:\\\/\\\/anfamec.com.br\\\/es\\\/institucional\\\/#breadcrumb\"},\"inLanguage\":\"pt-BR\",\"potentialAction\":[{\"@type\":\"ReadAction\",\"target\":[\"https:\\\/\\\/anfamec.com.br\\\/es\\\/institucional\\\/\"]}]},{\"@type\":\"ImageObject\",\"inLanguage\":\"pt-BR\",\"@id\":\"https:\\\/\\\/anfamec.com.br\\\/es\\\/institucional\\\/#primaryimage\",\"url\":\"https:\\\/\\\/anfamec.com.br\\\/es\\\/site\\\/wp-content\\\/uploads\\\/2014\\\/10\\\/mapa_brasil.jpg\",\"contentUrl\":\"https:\\\/\\\/anfamec.com.br\\\/es\\\/site\\\/wp-content\\\/uploads\\\/2014\\\/10\\\/mapa_brasil.jpg\"},{\"@type\":\"BreadcrumbList\",\"@id\":\"https:\\\/\\\/anfamec.com.br\\\/es\\\/institucional\\\/#breadcrumb\",\"itemListElement\":[{\"@type\":\"ListItem\",\"position\":1,\"name\":\"In\u00edcio\",\"item\":\"https:\\\/\\\/anfamec.com.br\\\/es\\\/\"},{\"@type\":\"ListItem\",\"position\":2,\"name\":\"Institucional\"}]},{\"@type\":\"WebSite\",\"@id\":\"https:\\\/\\\/anfamec.com.br\\\/es\\\/#website\",\"url\":\"https:\\\/\\\/anfamec.com.br\\\/es\\\/\",\"name\":\"ANFAMEC\",\"description\":\"Associa\u00e7\u00e3o Nacional de Fabricantes de M\u00e1quinas e Equipamentos para Ind\u00fastria Cer\u00e2mica\",\"publisher\":{\"@id\":\"https:\\\/\\\/anfamec.com.br\\\/es\\\/#organization\"},\"potentialAction\":[{\"@type\":\"SearchAction\",\"target\":{\"@type\":\"EntryPoint\",\"urlTemplate\":\"https:\\\/\\\/anfamec.com.br\\\/es\\\/?s={search_term_string}\"},\"query-input\":{\"@type\":\"PropertyValueSpecification\",\"valueRequired\":true,\"valueName\":\"search_term_string\"}}],\"inLanguage\":\"pt-BR\"},{\"@type\":\"Organization\",\"@id\":\"https:\\\/\\\/anfamec.com.br\\\/es\\\/#organization\",\"name\":\"ANFAMEC\",\"url\":\"https:\\\/\\\/anfamec.com.br\\\/es\\\/\",\"logo\":{\"@type\":\"ImageObject\",\"inLanguage\":\"pt-BR\",\"@id\":\"https:\\\/\\\/anfamec.com.br\\\/es\\\/#\\\/schema\\\/logo\\\/image\\\/\",\"url\":\"https:\\\/\\\/anfamec.com.br\\\/es\\\/wp-content\\\/uploads\\\/2023\\\/01\\\/logotipo-anfamec.jpg\",\"contentUrl\":\"https:\\\/\\\/anfamec.com.br\\\/es\\\/wp-content\\\/uploads\\\/2023\\\/01\\\/logotipo-anfamec.jpg\",\"width\":696,\"height\":696,\"caption\":\"ANFAMEC\"},\"image\":{\"@id\":\"https:\\\/\\\/anfamec.com.br\\\/es\\\/#\\\/schema\\\/logo\\\/image\\\/\"}}]}<\/script>\n<!-- \/ Yoast SEO plugin. -->","yoast_head_json":{"title":"ANFAMEC | Associa\u00e7\u00e3o Nacional dos Fabricantes de M\u00e1quinas e Equipamentos para Ind\u00fastria Cer\u00e2mica | Contato: 11 95341-5000 | Quem Somos","description":"A ANFAMEC - Associa\u00e7\u00e3o Nacional dos Fabricantes de M\u00e1quinas e Equipamentos para Ind\u00fastria Cer\u00e2mica tem como miss\u00e3o fomentar o aperfei\u00e7oamento e o crescimento do setor de cer\u00e2mica vermelha nacionalmente, elevando ceramistas, fabricantes, colaboradores e empres\u00e1rios a outros patamares de inova\u00e7\u00e3o, qualifica\u00e7\u00e3o e sustentabilidade.","robots":{"index":"index","follow":"follow","max-snippet":"max-snippet:-1","max-image-preview":"max-image-preview:large","max-video-preview":"max-video-preview:-1"},"canonical":"https:\/\/anfamec.com.br\/es\/institucional\/","og_locale":"pt_BR","og_type":"article","og_title":"ANFAMEC | Associa\u00e7\u00e3o Nacional dos Fabricantes de M\u00e1quinas e Equipamentos para Ind\u00fastria Cer\u00e2mica | Contato: 11 95341-5000 | Quem Somos","og_description":"A ANFAMEC - Associa\u00e7\u00e3o Nacional dos Fabricantes de M\u00e1quinas e Equipamentos para Ind\u00fastria Cer\u00e2mica tem como miss\u00e3o fomentar o aperfei\u00e7oamento e o crescimento do setor de cer\u00e2mica vermelha nacionalmente, elevando ceramistas, fabricantes, colaboradores e empres\u00e1rios a outros patamares de inova\u00e7\u00e3o, qualifica\u00e7\u00e3o e sustentabilidade.","og_url":"https:\/\/anfamec.com.br\/es\/institucional\/","og_site_name":"ANFAMEC","article_modified_time":"2024-10-10T18:19:21+00:00","og_image":[{"width":411,"height":373,"url":"https:\/\/anfamec.com.br\/es\/wp-content\/uploads\/2014\/10\/mapa_brasil.jpg","type":"image\/jpeg"}],"twitter_card":"summary_large_image","twitter_misc":{"Est. tempo de leitura":"1 minuto"},"schema":{"@context":"https:\/\/schema.org","@graph":[{"@type":"WebPage","@id":"https:\/\/anfamec.com.br\/es\/institucional\/","url":"https:\/\/anfamec.com.br\/es\/institucional\/","name":"ANFAMEC | Associa\u00e7\u00e3o Nacional dos Fabricantes de M\u00e1quinas e Equipamentos para Ind\u00fastria Cer\u00e2mica | Contato: 11 95341-5000 | Quem Somos","isPartOf":{"@id":"https:\/\/anfamec.com.br\/es\/#website"},"primaryImageOfPage":{"@id":"https:\/\/anfamec.com.br\/es\/institucional\/#primaryimage"},"image":{"@id":"https:\/\/anfamec.com.br\/es\/institucional\/#primaryimage"},"thumbnailUrl":"https:\/\/anfamec.com.br\/es\/site\/wp-content\/uploads\/2014\/10\/mapa_brasil.jpg","datePublished":"2014-10-16T20:07:33+00:00","dateModified":"2024-10-10T18:19:21+00:00","description":"A ANFAMEC - Associa\u00e7\u00e3o Nacional dos Fabricantes de M\u00e1quinas e Equipamentos para Ind\u00fastria Cer\u00e2mica tem como miss\u00e3o fomentar o aperfei\u00e7oamento e o crescimento do setor de cer\u00e2mica vermelha nacionalmente, elevando ceramistas, fabricantes, colaboradores e empres\u00e1rios a outros patamares de inova\u00e7\u00e3o, qualifica\u00e7\u00e3o e sustentabilidade.","breadcrumb":{"@id":"https:\/\/anfamec.com.br\/es\/institucional\/#breadcrumb"},"inLanguage":"pt-BR","potentialAction":[{"@type":"ReadAction","target":["https:\/\/anfamec.com.br\/es\/institucional\/"]}]},{"@type":"ImageObject","inLanguage":"pt-BR","@id":"https:\/\/anfamec.com.br\/es\/institucional\/#primaryimage","url":"https:\/\/anfamec.com.br\/es\/site\/wp-content\/uploads\/2014\/10\/mapa_brasil.jpg","contentUrl":"https:\/\/anfamec.com.br\/es\/site\/wp-content\/uploads\/2014\/10\/mapa_brasil.jpg"},{"@type":"BreadcrumbList","@id":"https:\/\/anfamec.com.br\/es\/institucional\/#breadcrumb","itemListElement":[{"@type":"ListItem","position":1,"name":"In\u00edcio","item":"https:\/\/anfamec.com.br\/es\/"},{"@type":"ListItem","position":2,"name":"Institucional"}]},{"@type":"WebSite","@id":"https:\/\/anfamec.com.br\/es\/#website","url":"https:\/\/anfamec.com.br\/es\/","name":"ANFAMEC","description":"Associa\u00e7\u00e3o Nacional de Fabricantes de M\u00e1quinas e Equipamentos para Ind\u00fastria Cer\u00e2mica","publisher":{"@id":"https:\/\/anfamec.com.br\/es\/#organization"},"potentialAction":[{"@type":"SearchAction","target":{"@type":"EntryPoint","urlTemplate":"https:\/\/anfamec.com.br\/es\/?s={search_term_string}"},"query-input":{"@type":"PropertyValueSpecification","valueRequired":true,"valueName":"search_term_string"}}],"inLanguage":"pt-BR"},{"@type":"Organization","@id":"https:\/\/anfamec.com.br\/es\/#organization","name":"ANFAMEC","url":"https:\/\/anfamec.com.br\/es\/","logo":{"@type":"ImageObject","inLanguage":"pt-BR","@id":"https:\/\/anfamec.com.br\/es\/#\/schema\/logo\/image\/","url":"https:\/\/anfamec.com.br\/es\/wp-content\/uploads\/2023\/01\/logotipo-anfamec.jpg","contentUrl":"https:\/\/anfamec.com.br\/es\/wp-content\/uploads\/2023\/01\/logotipo-anfamec.jpg","width":696,"height":696,"caption":"ANFAMEC"},"image":{"@id":"https:\/\/anfamec.com.br\/es\/#\/schema\/logo\/image\/"}}]}},"_links":{"self":[{"href":"https:\/\/anfamec.com.br\/es\/wp-json\/wp\/v2\/pages\/33","targetHints":{"allow":["GET"]}}],"collection":[{"href":"https:\/\/anfamec.com.br\/es\/wp-json\/wp\/v2\/pages"}],"about":[{"href":"https:\/\/anfamec.com.br\/es\/wp-json\/wp\/v2\/types\/page"}],"author":[{"embeddable":true,"href":"https:\/\/anfamec.com.br\/es\/wp-json\/wp\/v2\/users\/4"}],"replies":[{"embeddable":true,"href":"https:\/\/anfamec.com.br\/es\/wp-json\/wp\/v2\/comments?post=33"}],"version-history":[{"count":6,"href":"https:\/\/anfamec.com.br\/es\/wp-json\/wp\/v2\/pages\/33\/revisions"}],"predecessor-version":[{"id":15140,"href":"https:\/\/anfamec.com.br\/es\/wp-json\/wp\/v2\/pages\/33\/revisions\/15140"}],"wp:attachment":[{"href":"https:\/\/anfamec.com.br\/es\/wp-json\/wp\/v2\/media?parent=33"}],"curies":[{"name":"wp","href":"https:\/\/api.w.org\/{rel}","templated":true}]}}