{"id":90,"date":"2014-10-16T20:23:31","date_gmt":"2014-10-16T20:23:31","guid":{"rendered":"https:\/\/anfamec.com.br\/es\/site\/?page_id=90"},"modified":"2024-10-10T15:04:31","modified_gmt":"2024-10-10T18:04:31","slug":"beneficios","status":"publish","type":"page","link":"https:\/\/anfamec.com.br\/es\/beneficios\/","title":{"rendered":"Beneficios"},"content":{"rendered":"<h2 style=\"text-align: justify;\">Ventajas de ser asociado:<\/h2>\n<ul>\n<li style=\"text-align: left;\">Descuentos e incluso entrada gratuita a eventos promovidos y apoyados por la Asociaci\u00f3n \u2013 <strong>ANFAMEC Expo y Quartafeira da Cer\u00e2mica<\/strong>.<\/li>\n<li style=\"text-align: left;\">Descuentos y beneficios especiales en eventos, cursos y conferencias de instituciones asociadas;<\/li>\n<li style=\"text-align: left;\">Networking con profesionales y empresas de la zona;<\/li>\n<li style=\"text-align: left;\">Participar en debates y decisiones encaminadas a impulsar el sector cer\u00e1mico;<\/li>\n<li style=\"text-align: left;\">Alianzas y acciones con bancos de desarrollo e instituciones sectoriales;<\/li>\n<li style=\"text-align: left;\">Acceso a contenidos y datos del sector cer\u00e1mico;<\/li>\n<li style=\"text-align: left;\">Divulgaci\u00f3n de nuevos servicios y productos en los canales de comunicaci\u00f3n de la Asociaci\u00f3n;<\/li>\n<li style=\"text-align: left;\">Las misiones y eventos nacionales e internacionales en los que participa ANFAMEC mostrar\u00e1n las marcas de las empresas asociadas.<\/li>\n<\/ul>\n","protected":false},"excerpt":{"rendered":"<p>Ventajas de ser asociado: Descuentos e incluso entrada gratuita a eventos promovidos y apoyados por la Asociaci\u00f3n \u2013 ANFAMEC Expo y Quartafeira da Cer\u00e2mica. Descuentos y beneficios especiales en eventos, cursos y conferencias de instituciones asociadas; Networking con profesionales y empresas de la zona; Participar en debates y decisiones encaminadas a impulsar el sector cer\u00e1mico; [&hellip;]<\/p>\n","protected":false},"author":4,"featured_media":0,"parent":0,"menu_order":0,"comment_status":"closed","ping_status":"closed","template":"","meta":{"_acf_changed":false,"footnotes":""},"class_list":["post-90","page","type-page","status-publish","hentry"],"acf":[],"yoast_head":"<!-- This site is optimized with the Yoast SEO plugin v27.4 - https:\/\/yoast.com\/product\/yoast-seo-wordpress\/ -->\n<title>ANFAMEC | Associa\u00e7\u00e3o Nacional dos Fabricantes de M\u00e1quinas e Equipamentos para Ind\u00fastria Cer\u00e2mica | Contato: 11 95341-5000 | Benef\u00edcios para os Associado<\/title>\n<meta name=\"description\" content=\"A ANFAMEC - Associa\u00e7\u00e3o Nacional dos Fabricantes de M\u00e1quinas e Equipamentos para Ind\u00fastria Cer\u00e2mica tem como miss\u00e3o fomentar o aperfei\u00e7oamento e o crescimento do setor de cer\u00e2mica vermelha nacionalmente, elevando ceramistas, fabricantes, colaboradores e empres\u00e1rios a outros patamares de inova\u00e7\u00e3o, qualifica\u00e7\u00e3o e sustentabilidade.\" \/>\n<meta name=\"robots\" content=\"index, follow, max-snippet:-1, max-image-preview:large, max-video-preview:-1\" \/>\n<link rel=\"canonical\" href=\"https:\/\/anfamec.com.br\/es\/beneficios\/\" \/>\n<meta property=\"og:locale\" content=\"pt_BR\" \/>\n<meta property=\"og:type\" content=\"article\" \/>\n<meta property=\"og:title\" content=\"ANFAMEC | Associa\u00e7\u00e3o Nacional dos Fabricantes de M\u00e1quinas e Equipamentos para Ind\u00fastria Cer\u00e2mica | Contato: 11 95341-5000 | Benef\u00edcios para os Associado\" \/>\n<meta property=\"og:description\" content=\"A ANFAMEC - Associa\u00e7\u00e3o Nacional dos Fabricantes de M\u00e1quinas e Equipamentos para Ind\u00fastria Cer\u00e2mica tem como miss\u00e3o fomentar o aperfei\u00e7oamento e o crescimento do setor de cer\u00e2mica vermelha nacionalmente, elevando ceramistas, fabricantes, colaboradores e empres\u00e1rios a outros patamares de inova\u00e7\u00e3o, qualifica\u00e7\u00e3o e sustentabilidade.\" \/>\n<meta property=\"og:url\" content=\"https:\/\/anfamec.com.br\/es\/beneficios\/\" \/>\n<meta property=\"og:site_name\" content=\"ANFAMEC\" \/>\n<meta property=\"article:modified_time\" content=\"2024-10-10T18:04:31+00:00\" \/>\n<meta name=\"twitter:card\" content=\"summary_large_image\" \/>\n<meta name=\"twitter:label1\" content=\"Est. tempo de leitura\" \/>\n\t<meta name=\"twitter:data1\" content=\"1 minuto\" \/>\n<script type=\"application\/ld+json\" class=\"yoast-schema-graph\">{\"@context\":\"https:\\\/\\\/schema.org\",\"@graph\":[{\"@type\":\"WebPage\",\"@id\":\"https:\\\/\\\/anfamec.com.br\\\/es\\\/beneficios\\\/\",\"url\":\"https:\\\/\\\/anfamec.com.br\\\/es\\\/beneficios\\\/\",\"name\":\"ANFAMEC | Associa\u00e7\u00e3o Nacional dos Fabricantes de M\u00e1quinas e Equipamentos para Ind\u00fastria Cer\u00e2mica | Contato: 11 95341-5000 | Benef\u00edcios para os Associado\",\"isPartOf\":{\"@id\":\"https:\\\/\\\/anfamec.com.br\\\/es\\\/#website\"},\"datePublished\":\"2014-10-16T20:23:31+00:00\",\"dateModified\":\"2024-10-10T18:04:31+00:00\",\"description\":\"A ANFAMEC - Associa\u00e7\u00e3o Nacional dos Fabricantes de M\u00e1quinas e Equipamentos para Ind\u00fastria Cer\u00e2mica tem como miss\u00e3o fomentar o aperfei\u00e7oamento e o crescimento do setor de cer\u00e2mica vermelha nacionalmente, elevando ceramistas, fabricantes, colaboradores e empres\u00e1rios a outros patamares de inova\u00e7\u00e3o, qualifica\u00e7\u00e3o e sustentabilidade.\",\"breadcrumb\":{\"@id\":\"https:\\\/\\\/anfamec.com.br\\\/es\\\/beneficios\\\/#breadcrumb\"},\"inLanguage\":\"pt-BR\",\"potentialAction\":[{\"@type\":\"ReadAction\",\"target\":[\"https:\\\/\\\/anfamec.com.br\\\/es\\\/beneficios\\\/\"]}]},{\"@type\":\"BreadcrumbList\",\"@id\":\"https:\\\/\\\/anfamec.com.br\\\/es\\\/beneficios\\\/#breadcrumb\",\"itemListElement\":[{\"@type\":\"ListItem\",\"position\":1,\"name\":\"In\u00edcio\",\"item\":\"https:\\\/\\\/anfamec.com.br\\\/es\\\/\"},{\"@type\":\"ListItem\",\"position\":2,\"name\":\"Beneficios\"}]},{\"@type\":\"WebSite\",\"@id\":\"https:\\\/\\\/anfamec.com.br\\\/es\\\/#website\",\"url\":\"https:\\\/\\\/anfamec.com.br\\\/es\\\/\",\"name\":\"ANFAMEC\",\"description\":\"Associa\u00e7\u00e3o Nacional de Fabricantes de M\u00e1quinas e Equipamentos para Ind\u00fastria Cer\u00e2mica\",\"publisher\":{\"@id\":\"https:\\\/\\\/anfamec.com.br\\\/es\\\/#organization\"},\"potentialAction\":[{\"@type\":\"SearchAction\",\"target\":{\"@type\":\"EntryPoint\",\"urlTemplate\":\"https:\\\/\\\/anfamec.com.br\\\/es\\\/?s={search_term_string}\"},\"query-input\":{\"@type\":\"PropertyValueSpecification\",\"valueRequired\":true,\"valueName\":\"search_term_string\"}}],\"inLanguage\":\"pt-BR\"},{\"@type\":\"Organization\",\"@id\":\"https:\\\/\\\/anfamec.com.br\\\/es\\\/#organization\",\"name\":\"ANFAMEC\",\"url\":\"https:\\\/\\\/anfamec.com.br\\\/es\\\/\",\"logo\":{\"@type\":\"ImageObject\",\"inLanguage\":\"pt-BR\",\"@id\":\"https:\\\/\\\/anfamec.com.br\\\/es\\\/#\\\/schema\\\/logo\\\/image\\\/\",\"url\":\"https:\\\/\\\/anfamec.com.br\\\/es\\\/wp-content\\\/uploads\\\/2023\\\/01\\\/logotipo-anfamec.jpg\",\"contentUrl\":\"https:\\\/\\\/anfamec.com.br\\\/es\\\/wp-content\\\/uploads\\\/2023\\\/01\\\/logotipo-anfamec.jpg\",\"width\":696,\"height\":696,\"caption\":\"ANFAMEC\"},\"image\":{\"@id\":\"https:\\\/\\\/anfamec.com.br\\\/es\\\/#\\\/schema\\\/logo\\\/image\\\/\"}}]}<\/script>\n<!-- \/ Yoast SEO plugin. -->","yoast_head_json":{"title":"ANFAMEC | Associa\u00e7\u00e3o Nacional dos Fabricantes de M\u00e1quinas e Equipamentos para Ind\u00fastria Cer\u00e2mica | Contato: 11 95341-5000 | Benef\u00edcios para os Associado","description":"A ANFAMEC - Associa\u00e7\u00e3o Nacional dos Fabricantes de M\u00e1quinas e Equipamentos para Ind\u00fastria Cer\u00e2mica tem como miss\u00e3o fomentar o aperfei\u00e7oamento e o crescimento do setor de cer\u00e2mica vermelha nacionalmente, elevando ceramistas, fabricantes, colaboradores e empres\u00e1rios a outros patamares de inova\u00e7\u00e3o, qualifica\u00e7\u00e3o e sustentabilidade.","robots":{"index":"index","follow":"follow","max-snippet":"max-snippet:-1","max-image-preview":"max-image-preview:large","max-video-preview":"max-video-preview:-1"},"canonical":"https:\/\/anfamec.com.br\/es\/beneficios\/","og_locale":"pt_BR","og_type":"article","og_title":"ANFAMEC | Associa\u00e7\u00e3o Nacional dos Fabricantes de M\u00e1quinas e Equipamentos para Ind\u00fastria Cer\u00e2mica | Contato: 11 95341-5000 | Benef\u00edcios para os Associado","og_description":"A ANFAMEC - Associa\u00e7\u00e3o Nacional dos Fabricantes de M\u00e1quinas e Equipamentos para Ind\u00fastria Cer\u00e2mica tem como miss\u00e3o fomentar o aperfei\u00e7oamento e o crescimento do setor de cer\u00e2mica vermelha nacionalmente, elevando ceramistas, fabricantes, colaboradores e empres\u00e1rios a outros patamares de inova\u00e7\u00e3o, qualifica\u00e7\u00e3o e sustentabilidade.","og_url":"https:\/\/anfamec.com.br\/es\/beneficios\/","og_site_name":"ANFAMEC","article_modified_time":"2024-10-10T18:04:31+00:00","twitter_card":"summary_large_image","twitter_misc":{"Est. tempo de leitura":"1 minuto"},"schema":{"@context":"https:\/\/schema.org","@graph":[{"@type":"WebPage","@id":"https:\/\/anfamec.com.br\/es\/beneficios\/","url":"https:\/\/anfamec.com.br\/es\/beneficios\/","name":"ANFAMEC | Associa\u00e7\u00e3o Nacional dos Fabricantes de M\u00e1quinas e Equipamentos para Ind\u00fastria Cer\u00e2mica | Contato: 11 95341-5000 | Benef\u00edcios para os Associado","isPartOf":{"@id":"https:\/\/anfamec.com.br\/es\/#website"},"datePublished":"2014-10-16T20:23:31+00:00","dateModified":"2024-10-10T18:04:31+00:00","description":"A ANFAMEC - Associa\u00e7\u00e3o Nacional dos Fabricantes de M\u00e1quinas e Equipamentos para Ind\u00fastria Cer\u00e2mica tem como miss\u00e3o fomentar o aperfei\u00e7oamento e o crescimento do setor de cer\u00e2mica vermelha nacionalmente, elevando ceramistas, fabricantes, colaboradores e empres\u00e1rios a outros patamares de inova\u00e7\u00e3o, qualifica\u00e7\u00e3o e sustentabilidade.","breadcrumb":{"@id":"https:\/\/anfamec.com.br\/es\/beneficios\/#breadcrumb"},"inLanguage":"pt-BR","potentialAction":[{"@type":"ReadAction","target":["https:\/\/anfamec.com.br\/es\/beneficios\/"]}]},{"@type":"BreadcrumbList","@id":"https:\/\/anfamec.com.br\/es\/beneficios\/#breadcrumb","itemListElement":[{"@type":"ListItem","position":1,"name":"In\u00edcio","item":"https:\/\/anfamec.com.br\/es\/"},{"@type":"ListItem","position":2,"name":"Beneficios"}]},{"@type":"WebSite","@id":"https:\/\/anfamec.com.br\/es\/#website","url":"https:\/\/anfamec.com.br\/es\/","name":"ANFAMEC","description":"Associa\u00e7\u00e3o Nacional de Fabricantes de M\u00e1quinas e Equipamentos para Ind\u00fastria Cer\u00e2mica","publisher":{"@id":"https:\/\/anfamec.com.br\/es\/#organization"},"potentialAction":[{"@type":"SearchAction","target":{"@type":"EntryPoint","urlTemplate":"https:\/\/anfamec.com.br\/es\/?s={search_term_string}"},"query-input":{"@type":"PropertyValueSpecification","valueRequired":true,"valueName":"search_term_string"}}],"inLanguage":"pt-BR"},{"@type":"Organization","@id":"https:\/\/anfamec.com.br\/es\/#organization","name":"ANFAMEC","url":"https:\/\/anfamec.com.br\/es\/","logo":{"@type":"ImageObject","inLanguage":"pt-BR","@id":"https:\/\/anfamec.com.br\/es\/#\/schema\/logo\/image\/","url":"https:\/\/anfamec.com.br\/es\/wp-content\/uploads\/2023\/01\/logotipo-anfamec.jpg","contentUrl":"https:\/\/anfamec.com.br\/es\/wp-content\/uploads\/2023\/01\/logotipo-anfamec.jpg","width":696,"height":696,"caption":"ANFAMEC"},"image":{"@id":"https:\/\/anfamec.com.br\/es\/#\/schema\/logo\/image\/"}}]}},"_links":{"self":[{"href":"https:\/\/anfamec.com.br\/es\/wp-json\/wp\/v2\/pages\/90","targetHints":{"allow":["GET"]}}],"collection":[{"href":"https:\/\/anfamec.com.br\/es\/wp-json\/wp\/v2\/pages"}],"about":[{"href":"https:\/\/anfamec.com.br\/es\/wp-json\/wp\/v2\/types\/page"}],"author":[{"embeddable":true,"href":"https:\/\/anfamec.com.br\/es\/wp-json\/wp\/v2\/users\/4"}],"replies":[{"embeddable":true,"href":"https:\/\/anfamec.com.br\/es\/wp-json\/wp\/v2\/comments?post=90"}],"version-history":[{"count":7,"href":"https:\/\/anfamec.com.br\/es\/wp-json\/wp\/v2\/pages\/90\/revisions"}],"predecessor-version":[{"id":15130,"href":"https:\/\/anfamec.com.br\/es\/wp-json\/wp\/v2\/pages\/90\/revisions\/15130"}],"wp:attachment":[{"href":"https:\/\/anfamec.com.br\/es\/wp-json\/wp\/v2\/media?parent=90"}],"curies":[{"name":"wp","href":"https:\/\/api.w.org\/{rel}","templated":true}]}}