{"id":92,"date":"2014-10-16T20:23:50","date_gmt":"2014-10-16T20:23:50","guid":{"rendered":"https:\/\/anfamec.com.br\/es\/site\/?page_id=92"},"modified":"2024-10-10T15:13:24","modified_gmt":"2024-10-10T18:13:24","slug":"como-unirse","status":"publish","type":"page","link":"https:\/\/anfamec.com.br\/es\/como-unirse\/","title":{"rendered":"Como Unirse"},"content":{"rendered":"<p style=\"text-align: justify;\">Unirse a <strong>ANFAMEC<\/strong> significa formar parte de un grupo que est\u00e1 trabajando intensamente en construir estrategias colaborativas para transformar el sector e involucrar a empresas proveedoras, cer\u00e1micas, organismos gubernamentales, instituciones empresariales y otros organismos nacionales e internacionales.<\/p>\n<p style=\"text-align: justify;\">Adem\u00e1s de reforzar p\u00fablicamente su compromiso con el desarrollo del sector, participar en <strong>ANFAMEC<\/strong> tambi\u00e9n significa apoyar la promoci\u00f3n de proyectos, estrategias, acciones y pol\u00edticas p\u00fablicas para fortalecer todos los eslabones de la industria cer\u00e1mica y la cadena de la construcci\u00f3n civil, potenciando el protagonismo de los productos. la cer\u00e1mica (bloques, tejas, tubos, pisos, etc.) como la m\u00e1s sustentable, eficiente y moderna para ser adoptada en las obras de construcci\u00f3n de todo el pa\u00eds.<\/p>\n<p style=\"text-align: justify;\"><strong>ANFAMEC<\/strong> es tambi\u00e9n un espacio espec\u00edfico de di\u00e1logo entre fabricantes de maquinaria y equipos en temas como promoci\u00f3n, innovaci\u00f3n y tecnolog\u00eda. La Asociaci\u00f3n realiza eventos de promoci\u00f3n del sector a trav\u00e9s de sus proyectos <strong>ANFAMEC Expo<\/strong> y \u201c<strong>Quarta-Feira da Cer\u00e2mica<\/strong>\u201d y participa de otros eventos sectoriales de manera institucional o promoviendo la participaci\u00f3n de sus miembros en eventos del sector.<\/p>\n<p style=\"text-align: justify;\">Para ser asociado, env\u00ede los siguientes datos al email <a href=\"mailto:anfamec@anfamec.com.br\">anfamec@anfamec.com.br<\/a> (raz\u00f3n social, raz\u00f3n social, CNPJ, campo de actividad, direcci\u00f3n, nombre de contacto y n\u00famero de tel\u00e9fono. Nuestro equipo pronto se comunicar\u00e1 con usted para formalizar el proceso.<\/p>\n","protected":false},"excerpt":{"rendered":"<p>Unirse a ANFAMEC significa formar parte de un grupo que est\u00e1 trabajando intensamente en construir estrategias colaborativas para transformar el sector e involucrar a empresas proveedoras, cer\u00e1micas, organismos gubernamentales, instituciones empresariales y otros organismos nacionales e internacionales. Adem\u00e1s de reforzar p\u00fablicamente su compromiso con el desarrollo del sector, participar en ANFAMEC tambi\u00e9n significa apoyar la [&hellip;]<\/p>\n","protected":false},"author":4,"featured_media":0,"parent":0,"menu_order":0,"comment_status":"closed","ping_status":"closed","template":"","meta":{"_acf_changed":false,"footnotes":""},"class_list":["post-92","page","type-page","status-publish","hentry"],"acf":[],"yoast_head":"<!-- This site is optimized with the Yoast SEO plugin v27.4 - https:\/\/yoast.com\/product\/yoast-seo-wordpress\/ -->\n<title>ANFAMEC | Associa\u00e7\u00e3o Nacional dos Fabricantes de M\u00e1quinas e Equipamentos para Ind\u00fastria Cer\u00e2mica | Contato: 11 95341-5000 | Associe-se<\/title>\n<meta name=\"description\" content=\"A ANFAMEC - Associa\u00e7\u00e3o Nacional dos Fabricantes de M\u00e1quinas e Equipamentos para Ind\u00fastria Cer\u00e2mica tem como miss\u00e3o fomentar o aperfei\u00e7oamento e o crescimento do setor de cer\u00e2mica vermelha nacionalmente, elevando ceramistas, fabricantes, colaboradores e empres\u00e1rios a outros patamares de inova\u00e7\u00e3o, qualifica\u00e7\u00e3o e sustentabilidade.\" \/>\n<meta name=\"robots\" content=\"index, follow, max-snippet:-1, max-image-preview:large, max-video-preview:-1\" \/>\n<link rel=\"canonical\" href=\"https:\/\/anfamec.com.br\/es\/como-unirse\/\" \/>\n<meta property=\"og:locale\" content=\"pt_BR\" \/>\n<meta property=\"og:type\" content=\"article\" \/>\n<meta property=\"og:title\" content=\"ANFAMEC | Associa\u00e7\u00e3o Nacional dos Fabricantes de M\u00e1quinas e Equipamentos para Ind\u00fastria Cer\u00e2mica | Contato: 11 95341-5000 | Associe-se\" \/>\n<meta property=\"og:description\" content=\"A ANFAMEC - Associa\u00e7\u00e3o Nacional dos Fabricantes de M\u00e1quinas e Equipamentos para Ind\u00fastria Cer\u00e2mica tem como miss\u00e3o fomentar o aperfei\u00e7oamento e o crescimento do setor de cer\u00e2mica vermelha nacionalmente, elevando ceramistas, fabricantes, colaboradores e empres\u00e1rios a outros patamares de inova\u00e7\u00e3o, qualifica\u00e7\u00e3o e sustentabilidade.\" \/>\n<meta property=\"og:url\" content=\"https:\/\/anfamec.com.br\/es\/como-unirse\/\" \/>\n<meta property=\"og:site_name\" content=\"ANFAMEC\" \/>\n<meta property=\"article:modified_time\" content=\"2024-10-10T18:13:24+00:00\" \/>\n<meta name=\"twitter:card\" content=\"summary_large_image\" \/>\n<meta name=\"twitter:label1\" content=\"Est. tempo de leitura\" \/>\n\t<meta name=\"twitter:data1\" content=\"2 minutos\" \/>\n<script type=\"application\/ld+json\" class=\"yoast-schema-graph\">{\"@context\":\"https:\\\/\\\/schema.org\",\"@graph\":[{\"@type\":\"WebPage\",\"@id\":\"https:\\\/\\\/anfamec.com.br\\\/es\\\/como-unirse\\\/\",\"url\":\"https:\\\/\\\/anfamec.com.br\\\/es\\\/como-unirse\\\/\",\"name\":\"ANFAMEC | Associa\u00e7\u00e3o Nacional dos Fabricantes de M\u00e1quinas e Equipamentos para Ind\u00fastria Cer\u00e2mica | Contato: 11 95341-5000 | Associe-se\",\"isPartOf\":{\"@id\":\"https:\\\/\\\/anfamec.com.br\\\/es\\\/#website\"},\"datePublished\":\"2014-10-16T20:23:50+00:00\",\"dateModified\":\"2024-10-10T18:13:24+00:00\",\"description\":\"A ANFAMEC - Associa\u00e7\u00e3o Nacional dos Fabricantes de M\u00e1quinas e Equipamentos para Ind\u00fastria Cer\u00e2mica tem como miss\u00e3o fomentar o aperfei\u00e7oamento e o crescimento do setor de cer\u00e2mica vermelha nacionalmente, elevando ceramistas, fabricantes, colaboradores e empres\u00e1rios a outros patamares de inova\u00e7\u00e3o, qualifica\u00e7\u00e3o e sustentabilidade.\",\"breadcrumb\":{\"@id\":\"https:\\\/\\\/anfamec.com.br\\\/es\\\/como-unirse\\\/#breadcrumb\"},\"inLanguage\":\"pt-BR\",\"potentialAction\":[{\"@type\":\"ReadAction\",\"target\":[\"https:\\\/\\\/anfamec.com.br\\\/es\\\/como-unirse\\\/\"]}]},{\"@type\":\"BreadcrumbList\",\"@id\":\"https:\\\/\\\/anfamec.com.br\\\/es\\\/como-unirse\\\/#breadcrumb\",\"itemListElement\":[{\"@type\":\"ListItem\",\"position\":1,\"name\":\"In\u00edcio\",\"item\":\"https:\\\/\\\/anfamec.com.br\\\/es\\\/\"},{\"@type\":\"ListItem\",\"position\":2,\"name\":\"Como Unirse\"}]},{\"@type\":\"WebSite\",\"@id\":\"https:\\\/\\\/anfamec.com.br\\\/es\\\/#website\",\"url\":\"https:\\\/\\\/anfamec.com.br\\\/es\\\/\",\"name\":\"ANFAMEC\",\"description\":\"Associa\u00e7\u00e3o Nacional de Fabricantes de M\u00e1quinas e Equipamentos para Ind\u00fastria Cer\u00e2mica\",\"publisher\":{\"@id\":\"https:\\\/\\\/anfamec.com.br\\\/es\\\/#organization\"},\"potentialAction\":[{\"@type\":\"SearchAction\",\"target\":{\"@type\":\"EntryPoint\",\"urlTemplate\":\"https:\\\/\\\/anfamec.com.br\\\/es\\\/?s={search_term_string}\"},\"query-input\":{\"@type\":\"PropertyValueSpecification\",\"valueRequired\":true,\"valueName\":\"search_term_string\"}}],\"inLanguage\":\"pt-BR\"},{\"@type\":\"Organization\",\"@id\":\"https:\\\/\\\/anfamec.com.br\\\/es\\\/#organization\",\"name\":\"ANFAMEC\",\"url\":\"https:\\\/\\\/anfamec.com.br\\\/es\\\/\",\"logo\":{\"@type\":\"ImageObject\",\"inLanguage\":\"pt-BR\",\"@id\":\"https:\\\/\\\/anfamec.com.br\\\/es\\\/#\\\/schema\\\/logo\\\/image\\\/\",\"url\":\"https:\\\/\\\/anfamec.com.br\\\/es\\\/wp-content\\\/uploads\\\/2023\\\/01\\\/logotipo-anfamec.jpg\",\"contentUrl\":\"https:\\\/\\\/anfamec.com.br\\\/es\\\/wp-content\\\/uploads\\\/2023\\\/01\\\/logotipo-anfamec.jpg\",\"width\":696,\"height\":696,\"caption\":\"ANFAMEC\"},\"image\":{\"@id\":\"https:\\\/\\\/anfamec.com.br\\\/es\\\/#\\\/schema\\\/logo\\\/image\\\/\"}}]}<\/script>\n<!-- \/ Yoast SEO plugin. -->","yoast_head_json":{"title":"ANFAMEC | Associa\u00e7\u00e3o Nacional dos Fabricantes de M\u00e1quinas e Equipamentos para Ind\u00fastria Cer\u00e2mica | Contato: 11 95341-5000 | Associe-se","description":"A ANFAMEC - Associa\u00e7\u00e3o Nacional dos Fabricantes de M\u00e1quinas e Equipamentos para Ind\u00fastria Cer\u00e2mica tem como miss\u00e3o fomentar o aperfei\u00e7oamento e o crescimento do setor de cer\u00e2mica vermelha nacionalmente, elevando ceramistas, fabricantes, colaboradores e empres\u00e1rios a outros patamares de inova\u00e7\u00e3o, qualifica\u00e7\u00e3o e sustentabilidade.","robots":{"index":"index","follow":"follow","max-snippet":"max-snippet:-1","max-image-preview":"max-image-preview:large","max-video-preview":"max-video-preview:-1"},"canonical":"https:\/\/anfamec.com.br\/es\/como-unirse\/","og_locale":"pt_BR","og_type":"article","og_title":"ANFAMEC | Associa\u00e7\u00e3o Nacional dos Fabricantes de M\u00e1quinas e Equipamentos para Ind\u00fastria Cer\u00e2mica | Contato: 11 95341-5000 | Associe-se","og_description":"A ANFAMEC - Associa\u00e7\u00e3o Nacional dos Fabricantes de M\u00e1quinas e Equipamentos para Ind\u00fastria Cer\u00e2mica tem como miss\u00e3o fomentar o aperfei\u00e7oamento e o crescimento do setor de cer\u00e2mica vermelha nacionalmente, elevando ceramistas, fabricantes, colaboradores e empres\u00e1rios a outros patamares de inova\u00e7\u00e3o, qualifica\u00e7\u00e3o e sustentabilidade.","og_url":"https:\/\/anfamec.com.br\/es\/como-unirse\/","og_site_name":"ANFAMEC","article_modified_time":"2024-10-10T18:13:24+00:00","twitter_card":"summary_large_image","twitter_misc":{"Est. tempo de leitura":"2 minutos"},"schema":{"@context":"https:\/\/schema.org","@graph":[{"@type":"WebPage","@id":"https:\/\/anfamec.com.br\/es\/como-unirse\/","url":"https:\/\/anfamec.com.br\/es\/como-unirse\/","name":"ANFAMEC | Associa\u00e7\u00e3o Nacional dos Fabricantes de M\u00e1quinas e Equipamentos para Ind\u00fastria Cer\u00e2mica | Contato: 11 95341-5000 | Associe-se","isPartOf":{"@id":"https:\/\/anfamec.com.br\/es\/#website"},"datePublished":"2014-10-16T20:23:50+00:00","dateModified":"2024-10-10T18:13:24+00:00","description":"A ANFAMEC - Associa\u00e7\u00e3o Nacional dos Fabricantes de M\u00e1quinas e Equipamentos para Ind\u00fastria Cer\u00e2mica tem como miss\u00e3o fomentar o aperfei\u00e7oamento e o crescimento do setor de cer\u00e2mica vermelha nacionalmente, elevando ceramistas, fabricantes, colaboradores e empres\u00e1rios a outros patamares de inova\u00e7\u00e3o, qualifica\u00e7\u00e3o e sustentabilidade.","breadcrumb":{"@id":"https:\/\/anfamec.com.br\/es\/como-unirse\/#breadcrumb"},"inLanguage":"pt-BR","potentialAction":[{"@type":"ReadAction","target":["https:\/\/anfamec.com.br\/es\/como-unirse\/"]}]},{"@type":"BreadcrumbList","@id":"https:\/\/anfamec.com.br\/es\/como-unirse\/#breadcrumb","itemListElement":[{"@type":"ListItem","position":1,"name":"In\u00edcio","item":"https:\/\/anfamec.com.br\/es\/"},{"@type":"ListItem","position":2,"name":"Como Unirse"}]},{"@type":"WebSite","@id":"https:\/\/anfamec.com.br\/es\/#website","url":"https:\/\/anfamec.com.br\/es\/","name":"ANFAMEC","description":"Associa\u00e7\u00e3o Nacional de Fabricantes de M\u00e1quinas e Equipamentos para Ind\u00fastria Cer\u00e2mica","publisher":{"@id":"https:\/\/anfamec.com.br\/es\/#organization"},"potentialAction":[{"@type":"SearchAction","target":{"@type":"EntryPoint","urlTemplate":"https:\/\/anfamec.com.br\/es\/?s={search_term_string}"},"query-input":{"@type":"PropertyValueSpecification","valueRequired":true,"valueName":"search_term_string"}}],"inLanguage":"pt-BR"},{"@type":"Organization","@id":"https:\/\/anfamec.com.br\/es\/#organization","name":"ANFAMEC","url":"https:\/\/anfamec.com.br\/es\/","logo":{"@type":"ImageObject","inLanguage":"pt-BR","@id":"https:\/\/anfamec.com.br\/es\/#\/schema\/logo\/image\/","url":"https:\/\/anfamec.com.br\/es\/wp-content\/uploads\/2023\/01\/logotipo-anfamec.jpg","contentUrl":"https:\/\/anfamec.com.br\/es\/wp-content\/uploads\/2023\/01\/logotipo-anfamec.jpg","width":696,"height":696,"caption":"ANFAMEC"},"image":{"@id":"https:\/\/anfamec.com.br\/es\/#\/schema\/logo\/image\/"}}]}},"_links":{"self":[{"href":"https:\/\/anfamec.com.br\/es\/wp-json\/wp\/v2\/pages\/92","targetHints":{"allow":["GET"]}}],"collection":[{"href":"https:\/\/anfamec.com.br\/es\/wp-json\/wp\/v2\/pages"}],"about":[{"href":"https:\/\/anfamec.com.br\/es\/wp-json\/wp\/v2\/types\/page"}],"author":[{"embeddable":true,"href":"https:\/\/anfamec.com.br\/es\/wp-json\/wp\/v2\/users\/4"}],"replies":[{"embeddable":true,"href":"https:\/\/anfamec.com.br\/es\/wp-json\/wp\/v2\/comments?post=92"}],"version-history":[{"count":8,"href":"https:\/\/anfamec.com.br\/es\/wp-json\/wp\/v2\/pages\/92\/revisions"}],"predecessor-version":[{"id":15133,"href":"https:\/\/anfamec.com.br\/es\/wp-json\/wp\/v2\/pages\/92\/revisions\/15133"}],"wp:attachment":[{"href":"https:\/\/anfamec.com.br\/es\/wp-json\/wp\/v2\/media?parent=92"}],"curies":[{"name":"wp","href":"https:\/\/api.w.org\/{rel}","templated":true}]}}