{"id":641,"date":"2020-09-11T14:20:49","date_gmt":"2020-09-11T17:20:49","guid":{"rendered":"https:\/\/anfamec.com.br\/expo2021\/?page_id=641"},"modified":"2021-06-29T10:50:58","modified_gmt":"2021-06-29T13:50:58","slug":"sobre","status":"publish","type":"page","link":"https:\/\/anfamec.com.br\/expo2022\/sobre\/","title":{"rendered":"Sobre"},"content":{"rendered":"\n<div class=\"wp-block-columns is-layout-flex wp-container-core-columns-is-layout-28f84493 wp-block-columns-is-layout-flex\">\n<div class=\"wp-block-column is-layout-flow wp-block-column-is-layout-flow\">\n<p>Nos dias 10, 11 e 12 de agosto de 2022, o Expo D. Pedro (Campinas\/SP) ser\u00e1 a sede da Anfamec Expo 2022.<\/p>\n\n\n\n<p>A terceira edi\u00e7\u00e3o do evento marca a retomada da constru\u00e7\u00e3o civil no Brasil e reunir\u00e1 fabricantes de m\u00e1quinas e equipamentos, ceramistas, fornecedores, estudantes e profissionais renomados de diversas partes do pa\u00eds e do mundo na maior feira de neg\u00f3cios do setor.<\/p>\n\n\n\n<p>Em 2022, levaremos mais inova\u00e7\u00e3o e tecnologia com o objetivo de impulsionar a produtividade e qualidade dos produtos cer\u00e2micos. Al\u00e9m disso, os participantes ter\u00e3o a oportunidade de construir uma rede de contatos profissionais para trocar experi\u00eancias e informa\u00e7\u00f5es. O evento tamb\u00e9m potencializa o conhecimento com treinamentos sobre os temas mais diversos e relevantes para a ind\u00fastria da cer\u00e2mica vermelha.<\/p>\n<\/div>\n\n\n\n<div class=\"wp-block-column is-layout-flow wp-block-column-is-layout-flow\">\n<figure class=\"wp-block-image size-large\"><img fetchpriority=\"high\" decoding=\"async\" width=\"720\" height=\"480\" src=\"https:\/\/anfamec.com.br\/expo2022\/wp-content\/uploads\/2021\/06\/desq-anfamec-sobre-2022.png\" alt=\"\" class=\"wp-image-929\" srcset=\"https:\/\/anfamec.com.br\/expo2022\/wp-content\/uploads\/2021\/06\/desq-anfamec-sobre-2022.png 720w, https:\/\/anfamec.com.br\/expo2022\/wp-content\/uploads\/2021\/06\/desq-anfamec-sobre-2022-300x200.png 300w, https:\/\/anfamec.com.br\/expo2022\/wp-content\/uploads\/2021\/06\/desq-anfamec-sobre-2022-230x153.png 230w, https:\/\/anfamec.com.br\/expo2022\/wp-content\/uploads\/2021\/06\/desq-anfamec-sobre-2022-350x233.png 350w, https:\/\/anfamec.com.br\/expo2022\/wp-content\/uploads\/2021\/06\/desq-anfamec-sobre-2022-480x320.png 480w\" sizes=\"(max-width: 720px) 100vw, 720px\" \/><\/figure>\n\n\n\n<p><\/p>\n<\/div>\n<\/div>\n\n\n\n<p>Assim como em outras edi\u00e7\u00f5es, a Anfamec est\u00e1 preparando uma s\u00e9rie de novidades para os expositores e convidados e seguir\u00e1 todas as recomenda\u00e7\u00f5es de sa\u00fade e seguran\u00e7a.<\/p>\n\n\n\n<p>\u00c9 tempo de reafirmar a uni\u00e3o e a for\u00e7a do setor e mostrar que a qualidade milenar da cer\u00e2mica vermelha \u00e9 constru\u00edda a partir de solu\u00e7\u00f5es inovadoras, eficientes e tecnol\u00f3gicas.<\/p>\n\n\n\n<p>Participe da Anfamec Expo 2022!<\/p>\n\n\n\n<p><strong>Segmentos<\/strong><\/p>\n\n\n\n<ul class=\"wp-block-list\"><li>Micro, pequenas e grandes cer\u00e2micas<\/li><li>Ind\u00fastrias de m\u00e1quinas e equipamentos do setor<\/li><li>Fornecedores da ind\u00fastria cer\u00e2mica<\/li><li>Parceiros da ind\u00fastria cer\u00e2mica<\/li><li>Empresas de constru\u00e7\u00e3o civil<\/li><\/ul>\n\n\n\n<p><strong>\u00daltimas Edi\u00e7\u00f5es<\/strong><\/p>\n\n\n\n<figure class=\"wp-block-embed-youtube wp-block-embed is-type-video is-provider-youtube wp-embed-aspect-16-9 wp-has-aspect-ratio\"><div class=\"wp-block-embed__wrapper\">\n<iframe title=\"EXPO ANFAMEC 2015: PENSAR, VIVER E SENTIR O NOVO MOMENTO DO SETOR\" width=\"1170\" height=\"658\" src=\"https:\/\/www.youtube.com\/embed\/9Fvppr-9bAQ?feature=oembed\" frameborder=\"0\" allow=\"accelerometer; autoplay; clipboard-write; encrypted-media; gyroscope; picture-in-picture\" allowfullscreen><\/iframe>\n<\/div><\/figure>\n\n\n\n<figure class=\"wp-block-embed-youtube wp-block-embed is-type-video is-provider-youtube wp-embed-aspect-16-9 wp-has-aspect-ratio\"><div class=\"wp-block-embed__wrapper\">\n<iframe title=\"Revista NovaCer_2\u00ba dia do Evento Anfamec 2015_Campinas-SP\" width=\"1170\" height=\"658\" src=\"https:\/\/www.youtube.com\/embed\/-IpWGKWLMx4?feature=oembed\" frameborder=\"0\" allow=\"accelerometer; autoplay; clipboard-write; encrypted-media; gyroscope; picture-in-picture\" allowfullscreen><\/iframe>\n<\/div><\/figure>\n\n\n\n<p><\/p>\n","protected":false},"excerpt":{"rendered":"<p>Nos dias 10, 11 e 12 de agosto de 2022, o Expo D. Pedro (Campinas\/SP) ser\u00e1 a sede da Anfamec Expo 2022. [&hellip;]<\/p>\n","protected":false},"author":1,"featured_media":0,"parent":0,"menu_order":0,"comment_status":"closed","ping_status":"closed","template":"page-templates\/page_fullwidth.php","meta":{"footnotes":""},"class_list":["post-641","page","type-page","status-publish","hentry"],"_links":{"self":[{"href":"https:\/\/anfamec.com.br\/expo2022\/wp-json\/wp\/v2\/pages\/641","targetHints":{"allow":["GET"]}}],"collection":[{"href":"https:\/\/anfamec.com.br\/expo2022\/wp-json\/wp\/v2\/pages"}],"about":[{"href":"https:\/\/anfamec.com.br\/expo2022\/wp-json\/wp\/v2\/types\/page"}],"author":[{"embeddable":true,"href":"https:\/\/anfamec.com.br\/expo2022\/wp-json\/wp\/v2\/users\/1"}],"replies":[{"embeddable":true,"href":"https:\/\/anfamec.com.br\/expo2022\/wp-json\/wp\/v2\/comments?post=641"}],"version-history":[{"count":14,"href":"https:\/\/anfamec.com.br\/expo2022\/wp-json\/wp\/v2\/pages\/641\/revisions"}],"predecessor-version":[{"id":930,"href":"https:\/\/anfamec.com.br\/expo2022\/wp-json\/wp\/v2\/pages\/641\/revisions\/930"}],"wp:attachment":[{"href":"https:\/\/anfamec.com.br\/expo2022\/wp-json\/wp\/v2\/media?parent=641"}],"curies":[{"name":"wp","href":"https:\/\/api.w.org\/{rel}","templated":true}]}}