{"id":643,"date":"2020-09-11T14:22:30","date_gmt":"2020-09-11T17:22:30","guid":{"rendered":"https:\/\/anfamec.com.br\/expo2021\/?page_id=643"},"modified":"2020-09-14T09:32:39","modified_gmt":"2020-09-14T12:32:39","slug":"a-anfamec","status":"publish","type":"page","link":"https:\/\/anfamec.com.br\/expo2022\/a-anfamec\/","title":{"rendered":"A Anfamec"},"content":{"rendered":"\n<p>A Associa\u00e7\u00e3o Nacional dos Fabricantes de M\u00e1quinas e Equipamentos para Ind\u00fastria Cer\u00e2mica (Anfamec) tem a miss\u00e3o de fomentar o aperfei\u00e7oamento e o crescimento do setor de cer\u00e2mica vermelha nacionalmente, elevando ceramistas, fabricantes, colaboradores e empres\u00e1rios a outros patamares de inova\u00e7\u00e3o, qualifica\u00e7\u00e3o e sustentabilidade.<\/p>\n\n\n\n<p>Os fabricantes de m\u00e1quinas e equipamentos para a ind\u00fastria cer\u00e2mica t\u00eam papel fundamental na gera\u00e7\u00e3o de postos de trabalho e renda nas regi\u00f5es rurais do pa\u00eds e na inser\u00e7\u00e3o de novas tecnologias, inova\u00e7\u00e3o e m\u00e1quinas e equipamentos que apoiem a miss\u00e3o da ind\u00fastria cer\u00e2mica como fabricante dos mais tradicionais e sustent\u00e1veis produtos para a constru\u00e7\u00e3o civil.<\/p>\n\n\n\n<p><a href=\"https:\/\/anfamec.com.br\/associe-se\/\" target=\"_blank\" rel=\"noreferrer noopener\">Clique aqui<\/a> e associe-se j\u00e1!<\/p>\n","protected":false},"excerpt":{"rendered":"<p>A Associa\u00e7\u00e3o Nacional dos Fabricantes de M\u00e1quinas e Equipamentos para Ind\u00fastria Cer\u00e2mica (Anfamec) tem a miss\u00e3o de fomentar o aperfei\u00e7oamento e o [&hellip;]<\/p>\n","protected":false},"author":1,"featured_media":0,"parent":0,"menu_order":0,"comment_status":"closed","ping_status":"closed","template":"page-templates\/page_fullwidth.php","meta":{"footnotes":""},"class_list":["post-643","page","type-page","status-publish","hentry"],"_links":{"self":[{"href":"https:\/\/anfamec.com.br\/expo2022\/wp-json\/wp\/v2\/pages\/643","targetHints":{"allow":["GET"]}}],"collection":[{"href":"https:\/\/anfamec.com.br\/expo2022\/wp-json\/wp\/v2\/pages"}],"about":[{"href":"https:\/\/anfamec.com.br\/expo2022\/wp-json\/wp\/v2\/types\/page"}],"author":[{"embeddable":true,"href":"https:\/\/anfamec.com.br\/expo2022\/wp-json\/wp\/v2\/users\/1"}],"replies":[{"embeddable":true,"href":"https:\/\/anfamec.com.br\/expo2022\/wp-json\/wp\/v2\/comments?post=643"}],"version-history":[{"count":3,"href":"https:\/\/anfamec.com.br\/expo2022\/wp-json\/wp\/v2\/pages\/643\/revisions"}],"predecessor-version":[{"id":1153,"href":"https:\/\/anfamec.com.br\/expo2022\/wp-json\/wp\/v2\/pages\/643\/revisions\/1153"}],"wp:attachment":[{"href":"https:\/\/anfamec.com.br\/expo2022\/wp-json\/wp\/v2\/media?parent=643"}],"curies":[{"name":"wp","href":"https:\/\/api.w.org\/{rel}","templated":true}]}}