{"id":662,"date":"2020-09-11T16:04:45","date_gmt":"2020-09-11T19:04:45","guid":{"rendered":"https:\/\/anfamec.com.br\/expo2021\/?page_id=662"},"modified":"2022-07-13T15:59:32","modified_gmt":"2022-07-13T18:59:32","slug":"programacao","status":"publish","type":"page","link":"https:\/\/anfamec.com.br\/expo2022\/programacao\/","title":{"rendered":"Programa\u00e7\u00e3o"},"content":{"rendered":"\n<p id=\"block-62111106-a489-452d-b8d0-4e191ae78fdd\">Nosso compromisso \u00e9 fomentar o conhecimento e a tecnologia, pois eles s\u00e3o os principais impulsionadores da produtividade e da qualidade dos produtos cer\u00e2micos. Por isso, o evento trar\u00e1 novos olhares e trocas de experi\u00eancias para otimizar processos, ampliar os lucros e potencializar neg\u00f3cios.<\/p>\n\n\n\n<p id=\"block-af195462-b916-4fea-aee7-af7010f643b6\">Fique por dentro de todas as novidades e tend\u00eancias do mundo!<\/p>\n\n\n\n<p><strong>Hor\u00e1rios<\/strong><\/p>\n\n\n\n<ul class=\"wp-block-list\"><li>Feira de Neg\u00f3cios &#8211; dias 10, 11 e 12 de agosto<ul><li>das 11 horas \u00e0s 21 horas<\/li><li>Os port\u00f5es ser\u00e3o fechados \u00e0s 20 horas.<\/li><\/ul><\/li><\/ul>\n\n\n\n<ul class=\"wp-block-list\"><li>Minicursos Educ@nicer<ul><li>das 10 horas \u00e0s 19 horas<\/li><li>Inscri\u00e7\u00f5es &#8211; anicer.com.br\/expo22<\/li><\/ul><\/li><\/ul>\n\n\n\n<div class=\"wp-block-image is-style-rounded\"><figure class=\"aligncenter size-large\"><img fetchpriority=\"high\" decoding=\"async\" width=\"640\" height=\"427\" src=\"https:\/\/anfamec.com.br\/expo2021\/wp-content\/uploads\/2020\/09\/MG_1350.jpg\" alt=\"\" class=\"wp-image-817\" srcset=\"https:\/\/anfamec.com.br\/expo2022\/wp-content\/uploads\/2020\/09\/MG_1350.jpg 640w, https:\/\/anfamec.com.br\/expo2022\/wp-content\/uploads\/2020\/09\/MG_1350-300x200.jpg 300w, https:\/\/anfamec.com.br\/expo2022\/wp-content\/uploads\/2020\/09\/MG_1350-230x153.jpg 230w, https:\/\/anfamec.com.br\/expo2022\/wp-content\/uploads\/2020\/09\/MG_1350-350x234.jpg 350w, https:\/\/anfamec.com.br\/expo2022\/wp-content\/uploads\/2020\/09\/MG_1350-480x320.jpg 480w\" sizes=\"(max-width: 640px) 100vw, 640px\" \/><\/figure><\/div>\n","protected":false},"excerpt":{"rendered":"<p>Nosso compromisso \u00e9 fomentar o conhecimento e a tecnologia, pois eles s\u00e3o os principais impulsionadores da produtividade e da qualidade dos produtos [&hellip;]<\/p>\n","protected":false},"author":1,"featured_media":0,"parent":0,"menu_order":0,"comment_status":"closed","ping_status":"closed","template":"page-templates\/page_fullwidth.php","meta":{"footnotes":""},"class_list":["post-662","page","type-page","status-publish","hentry"],"_links":{"self":[{"href":"https:\/\/anfamec.com.br\/expo2022\/wp-json\/wp\/v2\/pages\/662","targetHints":{"allow":["GET"]}}],"collection":[{"href":"https:\/\/anfamec.com.br\/expo2022\/wp-json\/wp\/v2\/pages"}],"about":[{"href":"https:\/\/anfamec.com.br\/expo2022\/wp-json\/wp\/v2\/types\/page"}],"author":[{"embeddable":true,"href":"https:\/\/anfamec.com.br\/expo2022\/wp-json\/wp\/v2\/users\/1"}],"replies":[{"embeddable":true,"href":"https:\/\/anfamec.com.br\/expo2022\/wp-json\/wp\/v2\/comments?post=662"}],"version-history":[{"count":9,"href":"https:\/\/anfamec.com.br\/expo2022\/wp-json\/wp\/v2\/pages\/662\/revisions"}],"predecessor-version":[{"id":1348,"href":"https:\/\/anfamec.com.br\/expo2022\/wp-json\/wp\/v2\/pages\/662\/revisions\/1348"}],"wp:attachment":[{"href":"https:\/\/anfamec.com.br\/expo2022\/wp-json\/wp\/v2\/media?parent=662"}],"curies":[{"name":"wp","href":"https:\/\/api.w.org\/{rel}","templated":true}]}}