{"id":26,"date":"2023-11-21T09:58:37","date_gmt":"2023-11-21T12:58:37","guid":{"rendered":"https:\/\/anfamec.com.br\/expo2025\/?page_id=26"},"modified":"2023-12-07T13:49:40","modified_gmt":"2023-12-07T16:49:40","slug":"como-chegar","status":"publish","type":"page","link":"https:\/\/anfamec.com.br\/expo2025\/como-chegar\/","title":{"rendered":"Como chegar"},"content":{"rendered":"\t\t<div data-elementor-type=\"wp-page\" data-elementor-id=\"26\" class=\"elementor elementor-26\" data-elementor-post-type=\"page\">\n\t\t\t\t<div class=\"elementor-element elementor-element-fd28b12 e-flex e-con-boxed e-con e-parent\" data-id=\"fd28b12\" data-element_type=\"container\" data-e-type=\"container\">\n\t\t\t\t\t<div class=\"e-con-inner\">\n\t\t<div class=\"elementor-element elementor-element-5077659 e-con-full e-flex e-con e-child\" data-id=\"5077659\" data-element_type=\"container\" data-e-type=\"container\" data-settings=\"{&quot;background_background&quot;:&quot;classic&quot;}\">\n\t\t\t\t<div class=\"elementor-element elementor-element-816348a elementor-widget elementor-widget-text-editor\" data-id=\"816348a\" data-element_type=\"widget\" data-e-type=\"widget\" data-widget_type=\"text-editor.default\">\n\t\t\t\t<div class=\"elementor-widget-container\">\n\t\t\t\t\t\t\t\t\t<p>A cidade de Campinas escolhida para sediar a quarta edi\u00e7\u00e3o da Anfamec Expo.<\/p><p>Localizada no interior de S\u00e3o Paulo, a cidade \u00e9 a segunda maior regi\u00e3o metropolitana do estado e abriga in\u00fameras ind\u00fastrias e v\u00e1rios fabricantes de m\u00e1quinas, facilitando ao ceramista uma visita ao ser fornecedor preferido.<\/p><p>\u00c9 o lugar perfeito para esse encontro \u00e9 o Centro de Exposi\u00e7\u00f5es ExpoDPedro, um espa\u00e7o multiuso pr\u00f3ximo ao Aeroporto Internacional de Viracopos e das principais rodovias do pa\u00eds.<\/p><p>Anexo ao complexo de um dos maiores shopping centers da Am\u00e9rica Latina, o Parque D. Pedro Shopping, o espa\u00e7o possui a comodidade de estar ao lado de uma pra\u00e7a de alimenta\u00e7\u00e3o diversificada, in\u00fameras lojas, servi\u00e7os, entretenimento e ainda conta com 8 mil vagas de estacionamento. Al\u00e9m disso, h\u00e1 uma vasta rede hoteleira na regi\u00e3o.<\/p>\t\t\t\t\t\t\t\t<\/div>\n\t\t\t\t<\/div>\n\t\t\t\t<\/div>\n\t\t<div class=\"elementor-element elementor-element-e8f57e8 e-con-full e-flex e-con e-child\" data-id=\"e8f57e8\" data-element_type=\"container\" data-e-type=\"container\" data-settings=\"{&quot;background_background&quot;:&quot;classic&quot;}\">\n\t\t\t\t<div class=\"elementor-element elementor-element-93595a2 elementor-widget elementor-widget-google_maps\" data-id=\"93595a2\" data-element_type=\"widget\" data-e-type=\"widget\" data-widget_type=\"google_maps.default\">\n\t\t\t\t<div class=\"elementor-widget-container\">\n\t\t\t\t\t\t\t<div class=\"elementor-custom-embed\">\n\t\t\t<iframe loading=\"lazy\"\n\t\t\t\t\tsrc=\"https:\/\/maps.google.com\/maps?q=Centro%20de%20Exposi%C3%A7%C3%B5es%20ExpoDPedro%20Avenida%20Guilherme%20Campos%2C%20500%20%E2%80%93%20Bloco%20II%20Jardim%20Santa%20Genebra%2C%20Campinas%2FSP%20CEP%2013087-901&#038;t=m&#038;z=10&#038;output=embed&#038;iwloc=near\"\n\t\t\t\t\ttitle=\"Centro de Exposi\u00e7\u00f5es ExpoDPedro Avenida Guilherme Campos, 500 \u2013 Bloco II Jardim Santa Genebra, Campinas\/SP CEP 13087-901\"\n\t\t\t\t\taria-label=\"Centro de Exposi\u00e7\u00f5es ExpoDPedro Avenida Guilherme Campos, 500 \u2013 Bloco II Jardim Santa Genebra, Campinas\/SP CEP 13087-901\"\n\t\t\t><\/iframe>\n\t\t<\/div>\n\t\t\t\t\t\t<\/div>\n\t\t\t\t<\/div>\n\t\t\t\t<\/div>\n\t\t\t\t\t<\/div>\n\t\t\t\t<\/div>\n\t\t\t\t<\/div>\n\t\t","protected":false},"excerpt":{"rendered":"<p>A cidade de Campinas escolhida para sediar a quarta edi\u00e7\u00e3o da Anfamec Expo. Localizada no interior de S\u00e3o Paulo, a cidade \u00e9 a segunda maior regi\u00e3o metropolitana do estado e abriga in\u00fameras ind\u00fastrias e v\u00e1rios fabricantes de m\u00e1quinas, facilitando ao ceramista uma visita ao ser fornecedor preferido. \u00c9 o lugar perfeito para esse encontro \u00e9 [&hellip;]<\/p>\n","protected":false},"author":1,"featured_media":0,"parent":0,"menu_order":0,"comment_status":"closed","ping_status":"closed","template":"","meta":{"footnotes":""},"class_list":["post-26","page","type-page","status-publish","hentry"],"_links":{"self":[{"href":"https:\/\/anfamec.com.br\/expo2025\/wp-json\/wp\/v2\/pages\/26","targetHints":{"allow":["GET"]}}],"collection":[{"href":"https:\/\/anfamec.com.br\/expo2025\/wp-json\/wp\/v2\/pages"}],"about":[{"href":"https:\/\/anfamec.com.br\/expo2025\/wp-json\/wp\/v2\/types\/page"}],"author":[{"embeddable":true,"href":"https:\/\/anfamec.com.br\/expo2025\/wp-json\/wp\/v2\/users\/1"}],"replies":[{"embeddable":true,"href":"https:\/\/anfamec.com.br\/expo2025\/wp-json\/wp\/v2\/comments?post=26"}],"version-history":[{"count":5,"href":"https:\/\/anfamec.com.br\/expo2025\/wp-json\/wp\/v2\/pages\/26\/revisions"}],"predecessor-version":[{"id":492,"href":"https:\/\/anfamec.com.br\/expo2025\/wp-json\/wp\/v2\/pages\/26\/revisions\/492"}],"wp:attachment":[{"href":"https:\/\/anfamec.com.br\/expo2025\/wp-json\/wp\/v2\/media?parent=26"}],"curies":[{"name":"wp","href":"https:\/\/api.w.org\/{rel}","templated":true}]}}