{"id":17,"date":"2026-02-25T10:56:51","date_gmt":"2026-02-25T13:56:51","guid":{"rendered":"https:\/\/anfamec.com.br\/expo2027\/?page_id=17"},"modified":"2026-02-26T10:49:47","modified_gmt":"2026-02-26T13:49:47","slug":"home","status":"publish","type":"page","link":"https:\/\/anfamec.com.br\/expo2027\/","title":{"rendered":"Home"},"content":{"rendered":"\t\t<div data-elementor-type=\"wp-page\" data-elementor-id=\"17\" class=\"elementor elementor-17\" data-elementor-post-type=\"page\">\n\t\t\t\t<div class=\"elementor-element elementor-element-ac0becd e-con-full e-flex e-con e-parent\" data-id=\"ac0becd\" data-element_type=\"container\" data-e-type=\"container\">\n\t\t\t\t<div class=\"elementor-element elementor-element-79833d0 elementor-widget elementor-widget-image\" data-id=\"79833d0\" data-element_type=\"widget\" data-e-type=\"widget\" data-widget_type=\"image.default\">\n\t\t\t\t\t\t\t\t\t\t\t\t\t\t\t\t<a href=\"https:\/\/anfamec.com.br\/\" target=\"_blank\">\n\t\t\t\t\t\t\t<img fetchpriority=\"high\" decoding=\"async\" width=\"1920\" height=\"640\" src=\"https:\/\/anfamec.com.br\/expo2027\/wp-content\/uploads\/2026\/02\/banner.png\" class=\"attachment-full size-full wp-image-80\" alt=\"\" srcset=\"https:\/\/anfamec.com.br\/expo2027\/wp-content\/uploads\/2026\/02\/banner.png 1920w, https:\/\/anfamec.com.br\/expo2027\/wp-content\/uploads\/2026\/02\/banner-300x100.png 300w, https:\/\/anfamec.com.br\/expo2027\/wp-content\/uploads\/2026\/02\/banner-1024x341.png 1024w, https:\/\/anfamec.com.br\/expo2027\/wp-content\/uploads\/2026\/02\/banner-768x256.png 768w, https:\/\/anfamec.com.br\/expo2027\/wp-content\/uploads\/2026\/02\/banner-1536x512.png 1536w\" sizes=\"(max-width: 1920px) 100vw, 1920px\" \/>\t\t\t\t\t\t\t\t<\/a>\n\t\t\t\t\t\t\t\t\t\t\t\t\t\t\t<\/div>\n\t\t\t\t<\/div>\n\t\t<div class=\"elementor-element elementor-element-4728e35 e-flex e-con-boxed elementor-invisible e-con e-parent\" data-id=\"4728e35\" data-element_type=\"container\" data-e-type=\"container\" data-settings=\"{&quot;animation&quot;:&quot;fadeIn&quot;}\">\n\t\t\t\t\t<div class=\"e-con-inner\">\n\t\t\t\t<div class=\"elementor-element elementor-element-49c4180 elementor-widget elementor-widget-heading\" data-id=\"49c4180\" data-element_type=\"widget\" data-e-type=\"widget\" data-widget_type=\"heading.default\">\n\t\t\t\t\t<h1 class=\"elementor-heading-title elementor-size-default\">ANFAMEC EXPO 2027<\/h1>\t\t\t\t<\/div>\n\t\t\t\t<div class=\"elementor-element elementor-element-44ab808 elementor-widget elementor-widget-text-editor\" data-id=\"44ab808\" data-element_type=\"widget\" data-e-type=\"widget\" data-widget_type=\"text-editor.default\">\n\t\t\t\t\t\t\t\t\t<p><span style=\"font-family: 'Arial',sans-serif;\">A <strong>ANFAMEC EXPO 2027 \u2013 Feira Internacional de Exposi\u00e7\u00e3o de M\u00e1quinas e Equipamentos para a Ind\u00fastria de Cer\u00e2mica Vermelha<\/strong> \u00e9 o maior ponto de encontro do setor na Am\u00e9rica Latina, reunindo gestores, investidores e l\u00edderes industriais em um ambiente 100% segmentado e orientado \u00e0 gera\u00e7\u00e3o de neg\u00f3cios.<\/span><\/p>\t\t\t\t\t\t\t\t<\/div>\n\t\t\t\t<div class=\"elementor-element elementor-element-56a3975 elementor-widget elementor-widget-heading\" data-id=\"56a3975\" data-element_type=\"widget\" data-e-type=\"widget\" data-widget_type=\"heading.default\">\n\t\t\t\t\t<h4 class=\"elementor-heading-title elementor-size-default\">19, 20 e 21 de maio de 2027\n<\/h4>\t\t\t\t<\/div>\n\t\t\t\t<div class=\"elementor-element elementor-element-67942dc elementor-widget elementor-widget-heading\" data-id=\"67942dc\" data-element_type=\"widget\" data-e-type=\"widget\" data-widget_type=\"heading.default\">\n\t\t\t\t\t<h5 class=\"elementor-heading-title elementor-size-default\">Centro de Exposi\u00e7\u00f5es ExpoDPedro \u2013 Campinas\/SP<\/h5>\t\t\t\t<\/div>\n\t\t\t\t<div class=\"elementor-element elementor-element-98aa84a elementor-widget__width-initial elementor-widget elementor-widget-heading\" data-id=\"98aa84a\" data-element_type=\"widget\" data-e-type=\"widget\" data-widget_type=\"heading.default\">\n\t\t\t\t\t<h5 class=\"elementor-heading-title elementor-size-default\">Assista ao v\u00eddeo e reviva os principais momentos de um ambiente que conecta fabricantes, investidores e gestores do setor.\n\n<\/h5>\t\t\t\t<\/div>\n\t\t\t\t<div class=\"elementor-element elementor-element-efaec47 elementor-widget elementor-widget-video\" data-id=\"efaec47\" data-element_type=\"widget\" data-e-type=\"widget\" data-settings=\"{&quot;youtube_url&quot;:&quot;https:\\\/\\\/www.youtube.com\\\/watch?v=5DCiGG-yk8Y&quot;,&quot;video_type&quot;:&quot;youtube&quot;,&quot;controls&quot;:&quot;yes&quot;}\" data-widget_type=\"video.default\">\n\t\t\t\t\t\t\t<div class=\"elementor-wrapper elementor-open-inline\">\n\t\t\t<div class=\"elementor-video\"><\/div>\t\t<\/div>\n\t\t\t\t\t\t<\/div>\n\t\t\t\t\t<\/div>\n\t\t\t\t<\/div>\n\t\t\t\t<\/div>\n\t\t","protected":false},"excerpt":{"rendered":"<p>ANFAMEC EXPO 2027 A ANFAMEC EXPO 2027 \u2013 Feira Internacional de Exposi\u00e7\u00e3o de M\u00e1quinas e Equipamentos para a Ind\u00fastria de Cer\u00e2mica Vermelha \u00e9 o maior ponto de encontro do setor na Am\u00e9rica Latina, reunindo gestores, investidores e l\u00edderes industriais em um ambiente 100% segmentado e orientado \u00e0 gera\u00e7\u00e3o de neg\u00f3cios. 19, 20 e 21 de [&hellip;]<\/p>\n","protected":false},"author":1,"featured_media":0,"parent":0,"menu_order":0,"comment_status":"closed","ping_status":"closed","template":"","meta":{"_acf_changed":false,"footnotes":""},"class_list":["post-17","page","type-page","status-publish","hentry"],"acf":[],"_links":{"self":[{"href":"https:\/\/anfamec.com.br\/expo2027\/wp-json\/wp\/v2\/pages\/17","targetHints":{"allow":["GET"]}}],"collection":[{"href":"https:\/\/anfamec.com.br\/expo2027\/wp-json\/wp\/v2\/pages"}],"about":[{"href":"https:\/\/anfamec.com.br\/expo2027\/wp-json\/wp\/v2\/types\/page"}],"author":[{"embeddable":true,"href":"https:\/\/anfamec.com.br\/expo2027\/wp-json\/wp\/v2\/users\/1"}],"replies":[{"embeddable":true,"href":"https:\/\/anfamec.com.br\/expo2027\/wp-json\/wp\/v2\/comments?post=17"}],"version-history":[{"count":5,"href":"https:\/\/anfamec.com.br\/expo2027\/wp-json\/wp\/v2\/pages\/17\/revisions"}],"predecessor-version":[{"id":111,"href":"https:\/\/anfamec.com.br\/expo2027\/wp-json\/wp\/v2\/pages\/17\/revisions\/111"}],"wp:attachment":[{"href":"https:\/\/anfamec.com.br\/expo2027\/wp-json\/wp\/v2\/media?parent=17"}],"curies":[{"name":"wp","href":"https:\/\/api.w.org\/{rel}","templated":true}]}}